{"id":968,"date":"2023-08-19T08:57:32","date_gmt":"2023-08-19T08:57:32","guid":{"rendered":"https:\/\/www.worldsupport.jp\/dev\/wp_sandbox1\/?page_id=968"},"modified":"2024-03-18T15:20:31","modified_gmt":"2024-03-18T15:20:31","slug":"portugues","status":"publish","type":"page","link":"https:\/\/green-liberty.org\/ctp\/portugues\/","title":{"rendered":"Portugu\u00eas"},"content":{"rendered":"<div class=\"gb-container gb-container-84dbe6f3 alignfull\">\n\n<h2 class=\"gb-headline gb-headline-3a49f21d gb-headline-text\"><strong><strong>portugu\u00eas<\/strong><\/strong><\/h2>\n\n<\/div>\n\n<div class=\"gb-container gb-container-baee883e\">\n\n<h2 class=\"gb-headline gb-headline-b833639a gb-headline-text\"><strong>N\u00e3o Temas o Mal<\/strong><\/h2>\n\n\n<div class=\"gb-grid-wrapper gb-grid-wrapper-fc1125cc\">\n<div class=\"gb-grid-column gb-grid-column-d8e03f1a\"><div class=\"gb-container gb-container-d8e03f1a\">\n\n<figure class=\"wp-block-gallery has-nested-images columns-default is-cropped wp-block-gallery-1 is-layout-flex wp-block-gallery-is-layout-flex\">\n<figure class=\"wp-block-image alignwide size-full\"><img loading=\"lazy\" decoding=\"async\" width=\"428\" height=\"613\" data-id=\"970\" src=\"https:\/\/green-liberty.org\/ctp\/wp-content\/uploads\/2023\/08\/book_fear-no-evil_portugues.jpg\" alt=\"\" class=\"wp-image-970\" srcset=\"https:\/\/green-liberty.org\/ctp\/wp-content\/uploads\/2023\/08\/book_fear-no-evil_portugues.jpg 428w, https:\/\/green-liberty.org\/ctp\/wp-content\/uploads\/2023\/08\/book_fear-no-evil_portugues-209x300.jpg 209w\" sizes=\"auto, (max-width: 428px) 100vw, 428px\" \/><\/figure>\n<\/figure>\n\n<\/div><\/div>\n\n<div class=\"gb-grid-column gb-grid-column-66e9d11a\"><div class=\"gb-container gb-container-66e9d11a\">\n\n<p><br>Quando sentei-me e comecei a escrever a introdu\u00e7\u00e3o para a vers\u00e3o em Portugu\u00eas da minha cole\u00e7\u00e3o de discursos \u201cN\u00e3o Temerei Mal Algum,\u201d vi-me confrontado, de imediato, com uma vasta pan\u00f3plia de quest\u00f5es relacionadas com o complexo processo hist\u00f3rico pelo qual diversos povos, ao redor o mundo, acabaram por falar naquela bela l\u00edngua. As vozes lembravam-me da escravid\u00e3o, da extra\u00e7\u00e3o e do consumo, e de outras a\u00e7\u00f5es cru\u00e9is. Mas, n\u00e3o demorou muito para que percebesse que os Estados Unidos est\u00e3o emaranhados nas mesmas redes globais, h\u00e1 tanto tempo, que o meu pr\u00f3prio pa\u00eds \u00e9 o produto desse sistema de com\u00e9rcio e finan\u00e7as globais, da extra\u00e7\u00e3o e da escravatura, que remonta \u00e0s primeiras incurs\u00f5es de descoberta lan\u00e7adas a partir de Lisboa no s\u00e9culo XV.<\/p>\n\n\n\n<p>Grande parte da minha campanha presidencial \u00e9 sobre a cria\u00e7\u00e3o de uma abordagem ecologicamente saud\u00e1vel para a economia e com\u00e9rcio global, uma que se afasta do petr\u00f3leo e carv\u00e3o imediatamente, e que incide sobre o indiv\u00edduo, a comunidade. Queremos adotar uma abordagem justa para o com\u00e9rcio e as finan\u00e7as, que os tire das m\u00e3os dos super-ricos e que crie uma economia democr\u00e1tica para todos os Americanos, para todos os cidad\u00e3os da Terra.<\/p>\n\n\n\n<p>Eu perguntei-me a mim mesmo, com quem estava a falar quando escrevi esta introdu\u00e7\u00e3o. Eu, estou a falar com as pessoas honradas de Portugal, uma terra antiga de honra e integridade, de grandes conquistas culturais, como o Mosteiro dos Jer\u00f3nimos ou a Torre de Bel\u00e9m no rio Tejo?<\/p>\n\n\n\n<p>Ou, estou a falar com os diversos povos que vivem com a natureza por todo o Brasil, pessoas corajosas que servem como guardi\u00f5es da maioria dos rios preciosos e florestas fabulosas da Terra e como protetores de tradi\u00e7\u00f5es tribais antigas que se estendem at\u00e9 a aurora da Humanidade.<\/p>\n\n<\/div><\/div>\n<\/div>\n<\/div>\n\n<div class=\"gb-container gb-container-20e00f90\">\n\n<div class=\"wp-block-group\"><div class=\"wp-block-group__inner-container is-layout-constrained wp-block-group-is-layout-constrained\">\n<div class=\"wp-block-columns is-layout-flex wp-container-core-columns-is-layout-9d6595d7 wp-block-columns-is-layout-flex\">\n<div class=\"wp-block-column is-layout-flow wp-block-column-is-layout-flow\" style=\"flex-basis:100%\">\n<div class=\"wp-block-columns is-layout-flex wp-container-core-columns-is-layout-9d6595d7 wp-block-columns-is-layout-flex\">\n<div class=\"wp-block-column is-layout-flow wp-block-column-is-layout-flow\" style=\"flex-basis:100%\"><div class=\"gb-grid-wrapper gb-grid-wrapper-921fed35\">\n<div class=\"gb-grid-column gb-grid-column-5c84b851\"><div class=\"gb-container gb-container-5c84b851\">\n\n<p class=\"has-text-align-left\">Ou, estou a dirigir-me a falantes de Portugu\u00eas, muitas vezes como segunda l\u00edngua, que habitam as rotas de com\u00e9rcio de especiarias, em torno de \u00c1frica, em torno da \u00cdndia, passando pelas ilhas do Sudoeste Asi\u00e1tico e seguindo para Macau, na China?<\/p>\n\n\n\n<p class=\"has-text-align-left\">Essa bela l\u00edngua que perdura em Angola e em Mo\u00e7ambique, nas ilhas da Ilha de Orango, Guin\u00e9-Bissau, Cabo Verde, S\u00e3o Tom\u00e9 e Pr\u00edncipe, Timor Leste e Macau.<\/p>\n\n\n\n<p class=\"has-text-align-left\">Que a linguagem, e a arquitetura e alimentos, s\u00e3o os restos de um vasto imp\u00e9rio comercial, que come\u00e7ou com especiarias e j\u00f3ias, e se estendeu \u00e0 escravid\u00e3o e \u00e0 explora\u00e7\u00e3o dos recursos naturais.<\/p>\n\n\n\n<p class=\"has-text-align-left\">A gan\u00e2ncia e a crueldade do processo, e a produtividade cultural e a originalidade art\u00edstica, de que o processo hist\u00f3rico n\u00e3o s\u00e3o exclusivamente Portugu\u00eas. Esse comportamento \u00e9 o melhor e o pior do Homem. Todos n\u00f3s somos capazes disso.<\/p>\n\n\n\n<p class=\"has-text-align-left\">N\u00f3s, Americanos, tamb\u00e9m temos uma tradi\u00e7\u00e3o tr\u00e1gica e estamos profundamente envolvidos em v\u00e1rias guerras nos dias de hoje, vis\u00edveis e invis\u00edveis, guerras de um imp\u00e9rio que perdeu a sua dire\u00e7\u00e3o e est\u00e1 a caminhar para o colapso institucional.<\/p>\n\n\n\n<p class=\"has-text-align-left\">Assim, como os Portugueses lutaram contra os Holandeses, os Espanh\u00f3is e os Ingleses numa s\u00e9rie de guerras secretas e obscuras, tamb\u00e9m os Estados Unidos est\u00e3o agora envolvidos em in\u00fameras batalhas por dinheiro e recursos \u2013 batalhas muitas vezes obscuras e secretas, mas certamente batalhas que n\u00f3s estamos a perder.<\/p>\n\n\n\n<p class=\"has-text-align-left\">N\u00e3o tinha pensado muito no Imp\u00e9rio Portugu\u00eas, desde que estudei a \u201cHist\u00f3ria Mundial\u201d no ensino secund\u00e1rio. No entanto, quanto mais fundo eu procurava, mais familiares me pareciam os padr\u00f5es.<\/p>\n\n\n\n<p class=\"has-text-align-left\">O imp\u00e9rio de extra\u00e7\u00e3o, de consumo, de mercen\u00e1rios militares e de diferentes formas de escravid\u00e3o, deixou para tr\u00e1s uma l\u00edngua comum e alguns pressupostos culturais comuns que podem ser rastreados de volta a Portugal. A cultura \u00e9 o padr\u00e3o esculpido na pedra da experi\u00eancia humana que perdura depois do imp\u00e9rio ter sido destru\u00eddo. A l\u00edngua \u00e9 a forma deixada na lama, como um f\u00f3ssil, muito depois do corpo carnal do animal ter apodrecido. Estes vest\u00edgios s\u00e3o quem n\u00f3s somos. \u00c9 verdade para quem fala Portugu\u00eas, mas ainda mais para quem, como eu, fala Ingl\u00eas. N\u00f3s, tu e eu, somos os descendentes, a progenitura cultural, dum dos sistemas coloniais mais brutais da hist\u00f3ria.<\/p>\n\n\n\n<p class=\"has-text-align-left\">Isto \u00e9 quem n\u00f3s somos.<\/p>\n\n\n\n<p class=\"has-text-align-left\">Mas o processo n\u00e3o para por a\u00ed. N\u00e3o. Agora, a quest\u00e3o \u00e9, o que vamos fazer neste momento? Como vamos transformar a mistura de bem e mal que nos foi deixada pelos nossos antepassados?<\/p>\n\n\n\n<p class=\"has-text-align-left\">Como podemos usar as universalidades da linguagem, da filosofia e dos h\u00e1bitos, para unir globalmente as pessoas por uma causa positiva, evitando cair nos h\u00e1bitos de extra\u00e7\u00e3o e explora\u00e7\u00e3o?<\/p>\n\n\n\n<p class=\"has-text-align-left\">Podemos encontrar na rede global que se estendia desde Lisboa a Angola, de Cabo Verde a Maputo, e de Timor a Macau, algum potencial que vai al\u00e9m da cultura perigosa de extra\u00e7\u00e3o, distribui\u00e7\u00e3o, consumo e explora\u00e7\u00e3o?<\/p>\n\n\n\n<p class=\"has-text-align-left\">Essa \u00e9 a quest\u00e3o para ti. Mas, tamb\u00e9m \u00e9 a quest\u00e3o essencial para mim, como tamb\u00e9m para n\u00f3s, Americanos. E a hora j\u00e1 vai avan\u00e7ada.<\/p>\n\n\n\n<p class=\"has-text-align-left\">Amigos e simpatizantes comentaram, desde o in\u00edcio desta campanha \u201cN\u00e3o Temas o Mal\u201d para Presidente dos Estados Unidos, que mais parece uma campanha para Presidente da Terra do que para os Estados Unidos.<\/p>\n\n\n\n<p class=\"has-text-align-left\">Claro, essa n\u00e3o era a minha inten\u00e7\u00e3o. Eu n\u00e3o acredito que uma governa\u00e7\u00e3o global possa desempenhar um papel positivo, desde que aderimos aos princ\u00edpios da extra\u00e7\u00e3o, lucro, crescimento e consumos \u2013 combinado com os gastos militares.<\/p>\n\n\n\n<p class=\"has-text-align-left\">Nos dias de hoje, os Estados Unidos certamente s\u00e3o um imp\u00e9rio. T\u00e3o imperial na sua extens\u00e3o excessiva que, se o chamarmos de \u201cimp\u00e9rio\u201d, vamos ofender a sensibilidade dos seus pol\u00edticos e professores.<\/p>\n\n\n\n<p class=\"has-text-align-left\">\u00c9 como dizer a uma pessoa que bebe em excesso que ele \u00e9 um alco\u00f3lico. Provavelmente, a sua resposta vai ser de que ele pode parar de beber quando quiser.<\/p>\n\n\n\n<p class=\"has-text-align-left\">\u00c9 absolutamente correto que a campanha visa introduzir um novo paradigma para toda a Terra, n\u00e3o apenas para os Estados Unidos, nem mesmo principalmente para os Estados Unidos. Se os cidad\u00e3os da Terra mudarem de dire\u00e7\u00e3o, os Estados Unidos v\u00e3o ser atra\u00eddos para essa mudan\u00e7a.<\/p>\n\n\n\n<p class=\"has-text-align-left\">Temo que os Estados Unidos n\u00e3o sejam capazes de realizar essa transforma\u00e7\u00e3o interna neste momento hist\u00f3rico.<\/p>\n\n\n\n<p class=\"has-text-align-left\">O projeto de descoloniza\u00e7\u00e3o de Portugal pode ser extremamente \u00fatil para os Estados Unidos aprenderem, j\u00e1 que eles passam por um processo semelhante. Esses pa\u00edses t\u00e3o intimamente ligados aos Estados Unidos, sejam o Jap\u00e3o e Israel, Austr\u00e1lia e \u00cdndia, Coreia e Singapura, devem se reinventar, devem recuperar a independ\u00eancia intelectual e cultural, como parte de um processo saud\u00e1vel pelo qual os Estados Unidos se tornam novamente uma rep\u00fablica de acordo com a sua constitui\u00e7\u00e3o, e deixam para tr\u00e1s as guerras intermin\u00e1veis \u200b\u200bde expans\u00e3o imperialista para as quais foram arrastados, muitas vezes sem o consentimento dos seus cidad\u00e3os.<\/p>\n\n\n\n<p class=\"has-text-align-left\">Espero que todos voc\u00eas, que compartilham a bela l\u00edngua do Portugu\u00eas, se juntem a n\u00f3s neste projeto, nesta luta pela liberdade, nesta constru\u00e7\u00e3o de um novo templo \u00e0 liberdade e \u00e0 verdad<\/p>\n\n<\/div><\/div>\n<\/div><\/div>\n<\/div>\n<\/div>\n<\/div>\n<\/div><\/div>\n\n<\/div>\n\n<div class=\"gb-container gb-container-0342e94c\">\n<div class=\"gb-grid-wrapper gb-grid-wrapper-16a74dcc download-btn\">\n<div class=\"gb-grid-column gb-grid-column-1a2b224e\"><div class=\"gb-container gb-container-1a2b224e\">\n<div class=\"gb-container gb-container-e8d2a878\">\n\n<div class=\"wp-block-buttons is-content-justification-right is-layout-flex wp-container-core-buttons-is-layout-c688d3c3 wp-block-buttons-is-layout-flex\">\n<div class=\"wp-block-button white_btn is-style-fill\"><a class=\"wp-block-button__link has-contrast-2-background-color has-background wp-element-button\" style=\"border-radius:0px\">Book coming soon (Livro em breve)<\/a><\/div>\n<\/div>\n\n<\/div>\n<\/div><\/div>\n<\/div>\n<\/div>","protected":false},"excerpt":{"rendered":"<p>portugu\u00eas N\u00e3o Temas o Mal<\/p>\n","protected":false},"author":1,"featured_media":0,"parent":0,"menu_order":0,"comment_status":"closed","ping_status":"closed","template":"","meta":{"footnotes":""},"class_list":["post-968","page","type-page","status-publish"],"yoast_head":"<!-- This site is optimized with the Yoast SEO Premium plugin v20.8 (Yoast SEO v27.4) - https:\/\/yoast.com\/product\/yoast-seo-premium-wordpress\/ -->\n<title>Portugu\u00eas - The Center for Truth Politics<\/title>\n<meta name=\"description\" content=\"Portugu\u00eas\" \/>\n<meta name=\"robots\" content=\"index, follow, max-snippet:-1, max-image-preview:large, max-video-preview:-1\" \/>\n<link rel=\"canonical\" href=\"https:\/\/green-liberty.org\/ctp\/portugues\/\" \/>\n<meta property=\"og:locale\" content=\"en_US\" \/>\n<meta property=\"og:type\" content=\"article\" \/>\n<meta property=\"og:title\" content=\"Portugu\u00eas\" \/>\n<meta property=\"og:description\" content=\"Portugu\u00eas\" \/>\n<meta property=\"og:url\" content=\"https:\/\/green-liberty.org\/ctp\/portugues\/\" \/>\n<meta property=\"og:site_name\" content=\"The Center for Truth Politics\" \/>\n<meta property=\"article:modified_time\" content=\"2024-03-18T15:20:31+00:00\" \/>\n<meta property=\"og:image\" content=\"https:\/\/emanuelpastreich24.org\/wp-content\/uploads\/2023\/08\/book_fear-no-evil_portugues.jpg\" \/>\n<meta name=\"twitter:card\" content=\"summary_large_image\" \/>\n<meta name=\"twitter:label1\" content=\"Est. reading time\" \/>\n\t<meta name=\"twitter:data1\" content=\"6 minutes\" \/>\n<script type=\"application\/ld+json\" class=\"yoast-schema-graph\">{\"@context\":\"https:\\\/\\\/schema.org\",\"@graph\":[{\"@type\":\"Article\",\"@id\":\"https:\\\/\\\/green-liberty.org\\\/ctp\\\/portugues\\\/#article\",\"isPartOf\":{\"@id\":\"https:\\\/\\\/green-liberty.org\\\/ctp\\\/portugues\\\/\"},\"author\":{\"name\":\"Emanuel\",\"@id\":\"https:\\\/\\\/green-liberty.org\\\/ctp\\\/#\\\/schema\\\/person\\\/a112bbbf05b30d34be7e1dc7797b9d16\"},\"headline\":\"Portugu\u00eas\",\"datePublished\":\"2023-08-19T08:57:32+00:00\",\"dateModified\":\"2024-03-18T15:20:31+00:00\",\"mainEntityOfPage\":{\"@id\":\"https:\\\/\\\/green-liberty.org\\\/ctp\\\/portugues\\\/\"},\"wordCount\":1265,\"publisher\":{\"@id\":\"https:\\\/\\\/green-liberty.org\\\/ctp\\\/#\\\/schema\\\/person\\\/a112bbbf05b30d34be7e1dc7797b9d16\"},\"image\":{\"@id\":\"https:\\\/\\\/green-liberty.org\\\/ctp\\\/portugues\\\/#primaryimage\"},\"thumbnailUrl\":\"https:\\\/\\\/green-liberty.org\\\/ctp\\\/wp-content\\\/uploads\\\/2023\\\/08\\\/book_fear-no-evil_portugues.jpg\",\"inLanguage\":\"en-US\"},{\"@type\":\"WebPage\",\"@id\":\"https:\\\/\\\/green-liberty.org\\\/ctp\\\/portugues\\\/\",\"url\":\"https:\\\/\\\/green-liberty.org\\\/ctp\\\/portugues\\\/\",\"name\":\"Portugu\u00eas - The Center for Truth Politics\",\"isPartOf\":{\"@id\":\"https:\\\/\\\/green-liberty.org\\\/ctp\\\/#website\"},\"primaryImageOfPage\":{\"@id\":\"https:\\\/\\\/green-liberty.org\\\/ctp\\\/portugues\\\/#primaryimage\"},\"image\":{\"@id\":\"https:\\\/\\\/green-liberty.org\\\/ctp\\\/portugues\\\/#primaryimage\"},\"thumbnailUrl\":\"https:\\\/\\\/green-liberty.org\\\/ctp\\\/wp-content\\\/uploads\\\/2023\\\/08\\\/book_fear-no-evil_portugues.jpg\",\"datePublished\":\"2023-08-19T08:57:32+00:00\",\"dateModified\":\"2024-03-18T15:20:31+00:00\",\"description\":\"Portugu\u00eas\",\"breadcrumb\":{\"@id\":\"https:\\\/\\\/green-liberty.org\\\/ctp\\\/portugues\\\/#breadcrumb\"},\"inLanguage\":\"en-US\",\"potentialAction\":[{\"@type\":\"ReadAction\",\"target\":[\"https:\\\/\\\/green-liberty.org\\\/ctp\\\/portugues\\\/\"]}]},{\"@type\":\"ImageObject\",\"inLanguage\":\"en-US\",\"@id\":\"https:\\\/\\\/green-liberty.org\\\/ctp\\\/portugues\\\/#primaryimage\",\"url\":\"https:\\\/\\\/green-liberty.org\\\/ctp\\\/wp-content\\\/uploads\\\/2023\\\/08\\\/book_fear-no-evil_portugues.jpg\",\"contentUrl\":\"https:\\\/\\\/green-liberty.org\\\/ctp\\\/wp-content\\\/uploads\\\/2023\\\/08\\\/book_fear-no-evil_portugues.jpg\",\"width\":428,\"height\":613},{\"@type\":\"BreadcrumbList\",\"@id\":\"https:\\\/\\\/green-liberty.org\\\/ctp\\\/portugues\\\/#breadcrumb\",\"itemListElement\":[{\"@type\":\"ListItem\",\"position\":1,\"name\":\"Home\",\"item\":\"https:\\\/\\\/green-liberty.org\\\/ctp\\\/\"},{\"@type\":\"ListItem\",\"position\":2,\"name\":\"Portugu\u00eas\"}]},{\"@type\":\"WebSite\",\"@id\":\"https:\\\/\\\/green-liberty.org\\\/ctp\\\/#website\",\"url\":\"https:\\\/\\\/green-liberty.org\\\/ctp\\\/\",\"name\":\"The Center for Truth Politics\",\"description\":\"The Center for Truth Politics in the United States, led by Emanuel Pastreich\",\"publisher\":{\"@id\":\"https:\\\/\\\/green-liberty.org\\\/ctp\\\/#\\\/schema\\\/person\\\/a112bbbf05b30d34be7e1dc7797b9d16\"},\"alternateName\":\"The Center for Truth Politics, let by Emanuel Pastreich\",\"potentialAction\":[{\"@type\":\"SearchAction\",\"target\":{\"@type\":\"EntryPoint\",\"urlTemplate\":\"https:\\\/\\\/green-liberty.org\\\/ctp\\\/?s={search_term_string}\"},\"query-input\":{\"@type\":\"PropertyValueSpecification\",\"valueRequired\":true,\"valueName\":\"search_term_string\"}}],\"inLanguage\":\"en-US\"},{\"@type\":[\"Person\",\"Organization\"],\"@id\":\"https:\\\/\\\/green-liberty.org\\\/ctp\\\/#\\\/schema\\\/person\\\/a112bbbf05b30d34be7e1dc7797b9d16\",\"name\":\"Emanuel\",\"image\":{\"@type\":\"ImageObject\",\"inLanguage\":\"en-US\",\"@id\":\"https:\\\/\\\/secure.gravatar.com\\\/avatar\\\/?s=96&d=mm&r=g\",\"url\":\"https:\\\/\\\/secure.gravatar.com\\\/avatar\\\/?s=96&d=mm&r=g\",\"contentUrl\":\"https:\\\/\\\/secure.gravatar.com\\\/avatar\\\/?s=96&d=mm&r=g\",\"caption\":\"Emanuel\"},\"logo\":{\"@id\":\"https:\\\/\\\/secure.gravatar.com\\\/avatar\\\/?s=96&d=mm&r=g\"},\"url\":\"https:\\\/\\\/green-liberty.org\\\/ctp\\\/author\\\/admin_ctp\\\/\"}]}<\/script>\n<!-- \/ Yoast SEO Premium plugin. -->","yoast_head_json":{"title":"Portugu\u00eas - The Center for Truth Politics","description":"Portugu\u00eas","robots":{"index":"index","follow":"follow","max-snippet":"max-snippet:-1","max-image-preview":"max-image-preview:large","max-video-preview":"max-video-preview:-1"},"canonical":"https:\/\/green-liberty.org\/ctp\/portugues\/","og_locale":"en_US","og_type":"article","og_title":"Portugu\u00eas","og_description":"Portugu\u00eas","og_url":"https:\/\/green-liberty.org\/ctp\/portugues\/","og_site_name":"The Center for Truth Politics","article_modified_time":"2024-03-18T15:20:31+00:00","og_image":[{"url":"https:\/\/emanuelpastreich24.org\/wp-content\/uploads\/2023\/08\/book_fear-no-evil_portugues.jpg","type":"","width":"","height":""}],"twitter_card":"summary_large_image","twitter_misc":{"Est. reading time":"6 minutes"},"schema":{"@context":"https:\/\/schema.org","@graph":[{"@type":"Article","@id":"https:\/\/green-liberty.org\/ctp\/portugues\/#article","isPartOf":{"@id":"https:\/\/green-liberty.org\/ctp\/portugues\/"},"author":{"name":"Emanuel","@id":"https:\/\/green-liberty.org\/ctp\/#\/schema\/person\/a112bbbf05b30d34be7e1dc7797b9d16"},"headline":"Portugu\u00eas","datePublished":"2023-08-19T08:57:32+00:00","dateModified":"2024-03-18T15:20:31+00:00","mainEntityOfPage":{"@id":"https:\/\/green-liberty.org\/ctp\/portugues\/"},"wordCount":1265,"publisher":{"@id":"https:\/\/green-liberty.org\/ctp\/#\/schema\/person\/a112bbbf05b30d34be7e1dc7797b9d16"},"image":{"@id":"https:\/\/green-liberty.org\/ctp\/portugues\/#primaryimage"},"thumbnailUrl":"https:\/\/green-liberty.org\/ctp\/wp-content\/uploads\/2023\/08\/book_fear-no-evil_portugues.jpg","inLanguage":"en-US"},{"@type":"WebPage","@id":"https:\/\/green-liberty.org\/ctp\/portugues\/","url":"https:\/\/green-liberty.org\/ctp\/portugues\/","name":"Portugu\u00eas - The Center for Truth Politics","isPartOf":{"@id":"https:\/\/green-liberty.org\/ctp\/#website"},"primaryImageOfPage":{"@id":"https:\/\/green-liberty.org\/ctp\/portugues\/#primaryimage"},"image":{"@id":"https:\/\/green-liberty.org\/ctp\/portugues\/#primaryimage"},"thumbnailUrl":"https:\/\/green-liberty.org\/ctp\/wp-content\/uploads\/2023\/08\/book_fear-no-evil_portugues.jpg","datePublished":"2023-08-19T08:57:32+00:00","dateModified":"2024-03-18T15:20:31+00:00","description":"Portugu\u00eas","breadcrumb":{"@id":"https:\/\/green-liberty.org\/ctp\/portugues\/#breadcrumb"},"inLanguage":"en-US","potentialAction":[{"@type":"ReadAction","target":["https:\/\/green-liberty.org\/ctp\/portugues\/"]}]},{"@type":"ImageObject","inLanguage":"en-US","@id":"https:\/\/green-liberty.org\/ctp\/portugues\/#primaryimage","url":"https:\/\/green-liberty.org\/ctp\/wp-content\/uploads\/2023\/08\/book_fear-no-evil_portugues.jpg","contentUrl":"https:\/\/green-liberty.org\/ctp\/wp-content\/uploads\/2023\/08\/book_fear-no-evil_portugues.jpg","width":428,"height":613},{"@type":"BreadcrumbList","@id":"https:\/\/green-liberty.org\/ctp\/portugues\/#breadcrumb","itemListElement":[{"@type":"ListItem","position":1,"name":"Home","item":"https:\/\/green-liberty.org\/ctp\/"},{"@type":"ListItem","position":2,"name":"Portugu\u00eas"}]},{"@type":"WebSite","@id":"https:\/\/green-liberty.org\/ctp\/#website","url":"https:\/\/green-liberty.org\/ctp\/","name":"The Center for Truth Politics","description":"The Center for Truth Politics in the United States, led by Emanuel Pastreich","publisher":{"@id":"https:\/\/green-liberty.org\/ctp\/#\/schema\/person\/a112bbbf05b30d34be7e1dc7797b9d16"},"alternateName":"The Center for Truth Politics, let by Emanuel Pastreich","potentialAction":[{"@type":"SearchAction","target":{"@type":"EntryPoint","urlTemplate":"https:\/\/green-liberty.org\/ctp\/?s={search_term_string}"},"query-input":{"@type":"PropertyValueSpecification","valueRequired":true,"valueName":"search_term_string"}}],"inLanguage":"en-US"},{"@type":["Person","Organization"],"@id":"https:\/\/green-liberty.org\/ctp\/#\/schema\/person\/a112bbbf05b30d34be7e1dc7797b9d16","name":"Emanuel","image":{"@type":"ImageObject","inLanguage":"en-US","@id":"https:\/\/secure.gravatar.com\/avatar\/?s=96&d=mm&r=g","url":"https:\/\/secure.gravatar.com\/avatar\/?s=96&d=mm&r=g","contentUrl":"https:\/\/secure.gravatar.com\/avatar\/?s=96&d=mm&r=g","caption":"Emanuel"},"logo":{"@id":"https:\/\/secure.gravatar.com\/avatar\/?s=96&d=mm&r=g"},"url":"https:\/\/green-liberty.org\/ctp\/author\/admin_ctp\/"}]}},"_links":{"self":[{"href":"https:\/\/green-liberty.org\/ctp\/wp-json\/wp\/v2\/pages\/968","targetHints":{"allow":["GET"]}}],"collection":[{"href":"https:\/\/green-liberty.org\/ctp\/wp-json\/wp\/v2\/pages"}],"about":[{"href":"https:\/\/green-liberty.org\/ctp\/wp-json\/wp\/v2\/types\/page"}],"author":[{"embeddable":true,"href":"https:\/\/green-liberty.org\/ctp\/wp-json\/wp\/v2\/users\/1"}],"replies":[{"embeddable":true,"href":"https:\/\/green-liberty.org\/ctp\/wp-json\/wp\/v2\/comments?post=968"}],"version-history":[{"count":4,"href":"https:\/\/green-liberty.org\/ctp\/wp-json\/wp\/v2\/pages\/968\/revisions"}],"predecessor-version":[{"id":5801,"href":"https:\/\/green-liberty.org\/ctp\/wp-json\/wp\/v2\/pages\/968\/revisions\/5801"}],"wp:attachment":[{"href":"https:\/\/green-liberty.org\/ctp\/wp-json\/wp\/v2\/media?parent=968"}],"curies":[{"name":"wp","href":"https:\/\/api.w.org\/{rel}","templated":true}]}}