{"id":953,"date":"2023-08-19T08:48:32","date_gmt":"2023-08-19T08:48:32","guid":{"rendered":"https:\/\/www.worldsupport.jp\/dev\/wp_sandbox1\/?page_id=953"},"modified":"2024-03-18T15:20:31","modified_gmt":"2024-03-18T15:20:31","slug":"magyar-nyelv","status":"publish","type":"page","link":"https:\/\/green-liberty.org\/ctp\/magyar-nyelv\/","title":{"rendered":"Magyar nyelv"},"content":{"rendered":"<div class=\"gb-container gb-container-84dbe6f3 alignfull\">\n\n<h2 class=\"gb-headline gb-headline-3a49f21d gb-headline-text\"><strong><strong>magyar nyelv<\/strong><\/strong><\/h2>\n\n<\/div>\n\n<div class=\"gb-container gb-container-baee883e\">\n\n<h2 class=\"gb-headline gb-headline-b833639a gb-headline-text\"><strong>Nem f\u00e9lek a gonoszt\u00f3l<\/strong><\/h2>\n\n\n<div class=\"gb-grid-wrapper gb-grid-wrapper-fc1125cc\">\n<div class=\"gb-grid-column gb-grid-column-d8e03f1a\"><div class=\"gb-container gb-container-d8e03f1a\">\n\n<figure class=\"wp-block-gallery has-nested-images columns-default is-cropped wp-block-gallery-1 is-layout-flex wp-block-gallery-is-layout-flex\">\n<figure class=\"wp-block-image alignwide size-full\"><img loading=\"lazy\" decoding=\"async\" width=\"428\" height=\"613\" data-id=\"955\" src=\"https:\/\/green-liberty.org\/ctp\/wp-content\/uploads\/2023\/08\/book_fear-no-evil_hungarian.jpg\" alt=\"\" class=\"wp-image-955\" srcset=\"https:\/\/green-liberty.org\/ctp\/wp-content\/uploads\/2023\/08\/book_fear-no-evil_hungarian.jpg 428w, https:\/\/green-liberty.org\/ctp\/wp-content\/uploads\/2023\/08\/book_fear-no-evil_hungarian-209x300.jpg 209w\" sizes=\"auto, (max-width: 428px) 100vw, 428px\" \/><\/figure>\n<\/figure>\n\n<\/div><\/div>\n\n<div class=\"gb-grid-column gb-grid-column-66e9d11a\"><div class=\"gb-container gb-container-66e9d11a\">\n\n<p>\u201cNem f\u00e9lek a gonoszt\u00f3l\u201d<\/p>\n\n\n\n<p><em>&nbsp;<\/em><em>A 2020-as eln\u00f6kv\u00e1laszt\u00e1si kamp\u00e1ny k\u00f6zep\u00e9n, a felhajt\u00e1s k\u00e1osz\u00e1ban \u00e9s korrupci\u00f3val m\u00e9rgezve, egyetlen jel\u00f6lt l\u00e9pett el\u0151re, hogy rend\u00edthetetlen tudom\u00e1nyos pontoss\u00e1ggal bemutassa a t\u00e1rsadalmunkon eluralkod\u00f3 roml\u00e1st.&nbsp;<strong>Emanuel Pastreich<\/strong>&nbsp;kijelentette, hogy csak egy f\u00fcggetlen jel\u00f6lt t\u00f6ltheti be az eln\u00f6ki poz\u00edci\u00f3t, tekintettel arra, hogy a politikai p\u00e1rtok \u00f6sszeomlanak \u00e9s h\u00e1bor\u00fas b\u0171nsz\u00f6vetkezetekk\u00e9 alakulnak. Nemzet\u00fcnk \u00e1talak\u00edt\u00e1s\u00e1ra vonatkoz\u00f3 konkr\u00e9t terv\u00e9t olyan fennk\u00f6lt besz\u00e9dek sor\u00e1ban t\u00e1rja el\u00e9nk, amelyek felt\u00e9telezik, hogy cselekv\u0151k\u00e9pes polg\u00e1rok vagyunk, nem csak passz\u00edv fogyaszt\u00f3k.<\/em><\/p>\n\n\n\n<p><em>&nbsp;<\/em>Pastreich nem egy szem\u00e9lyre vagy csoportra h\u00e1r\u00edtja a felel\u0151ss\u00e9get, de azt tan\u00e1csolja, hogy t\u00e9rj\u00fcnk vissza az Alkotm\u00e1ny szellem\u00e9hez, \u00e9s&nbsp;<strong>Frederick Douglasshoz<\/strong>, illetve&nbsp;<strong>Abraham Lincolnhoz<\/strong>&nbsp;hasonl\u00f3an keress\u00fck meg a j\u00f3 korm\u00e1nyz\u00e1s etikai alapjait, amelyeket sek\u00e9ly s\u00edrba temettek a PR-c\u00e9gek, befektet\u00e9si bankok, valamint seregnyi politikus \u00e9s \u00f6njel\u00f6lt szak\u00e9rt\u0151.<\/p>\n\n\n\n<p>Ez a k\u00f6nyv olyan besz\u00e9dek sorozat\u00e1b\u00f3l \u00e1ll, amelyeket&nbsp;<strong>Emanuel Pastreich<\/strong>&nbsp;az Egyes\u00fclt \u00c1llamok f\u00fcggetlen eln\u00f6kjel\u00f6ltjek\u00e9nt mondott, miut\u00e1n el\u0151sz\u00f6r bejelentette, hogy 2020. febru\u00e1rj\u00e1ban indulni k\u00edv\u00e1n a v\u00e1laszt\u00e1sokon. Besz\u00e9deket mondott, tal\u00e1lkozott amerikai honfit\u00e1rsakkal, k\u00fcl\u00f6n\u00f6sen azokkal, akik a s\u00falyos erk\u00f6lcsi roml\u00e1s k\u00f6vetkezm\u00e9nyeinek elszenved\u0151i haz\u00e1nkban.<\/p>\n\n\n\n<p>Hozz\u00e1j\u00e1rul\u00e1sukkal \u00e9s seg\u00edts\u00e9g\u00fckkel belekezdett egy pozit\u00edv ir\u00e1ny kidolgoz\u00e1s\u00e1ba az Egyes\u00fclt \u00c1llamok sz\u00e1m\u00e1ra, egy olyan j\u00f6v\u0151ben, amelyben elt\u00e1volodunk att\u00f3l a vesz\u00e9lyes fogyaszt\u00e1si, kitermel\u00e9si \u00e9s v\u00e9gtelen h\u00e1bor\u00fas kult\u00far\u00e1t\u00f3l, amely borzalmas v\u00edrusk\u00e9nt fert\u0151zte meg a nemzetet \u00e9s amelyet vesz\u00e9lyes \u00e9l\u0151sk\u00f6d\u0151k er\u0151s\u00edtettek fel.<\/p>\n\n\n\n<p>Emanuel Pastreich az elm\u00falt k\u00e9t \u00e9vtizedben a hat\u00e9kony amerikai diplom\u00e1cia \u00e9s biztons\u00e1gpolitika sz\u00f3sz\u00f3l\u00f3jak\u00e9nt jelent meg. K\u00f6z\u00e9ppontba \u00e1ll\u00edtja az \u00e9ghajlat \u00e9s a biodiverzit\u00e1s \u00f6sszeoml\u00e1s\u00e1t, az \u00faj technol\u00f3gia katasztrof\u00e1lis hat\u00e1s\u00e1t az emberi t\u00e1rsadalomra, a vagyon exponenci\u00e1lis koncentr\u00e1ci\u00f3j\u00e1t \u00e9s glob\u00e1lis fegyverkez\u00e9si versenyt.<\/p>\n\n\n\n<p>Pastreich arra t\u00f6rekszik, hogy meg\u00faj\u00edtsa az internacionalizmus hagyom\u00e1nyait, \u00e9s Franklin D. Rooseveltet valamint Adlai Stevensont k\u00f6veti \u00edr\u00e1saiban \u00e9s besz\u00e9deiben.<\/p>\n\n<\/div><\/div>\n<\/div>\n<\/div>\n\n<div class=\"gb-container gb-container-20e00f90\">\n\n<div class=\"wp-block-group\"><div class=\"wp-block-group__inner-container is-layout-constrained wp-block-group-is-layout-constrained\">\n<div class=\"wp-block-columns is-layout-flex wp-container-core-columns-is-layout-9d6595d7 wp-block-columns-is-layout-flex\">\n<div class=\"wp-block-column is-layout-flow wp-block-column-is-layout-flow\" style=\"flex-basis:100%\">\n<div class=\"wp-block-columns is-layout-flex wp-container-core-columns-is-layout-9d6595d7 wp-block-columns-is-layout-flex\">\n<div class=\"wp-block-column is-layout-flow wp-block-column-is-layout-flow\" style=\"flex-basis:100%\"><div class=\"gb-grid-wrapper gb-grid-wrapper-921fed35\">\n<div class=\"gb-grid-column gb-grid-column-5c84b851\"><div class=\"gb-container gb-container-5c84b851\">\n\n<p class=\"has-text-align-left\">K\u00f6veteli, hogy a v\u00e1llalatok fizess\u00e9k vissza az elm\u00falt \u00e9vben kapott billi\u00f3kat, az olyan konglomer\u00e1tumokat, mint az Amazon \u00e9s a Facebook, szab\u00e1lyozott sz\u00f6vetkezetekk\u00e9nt m\u0171k\u00f6dtess\u00e9k, \u00e9s a fosszilis t\u00fczel\u0151anyaggal foglalkoz\u00f3 v\u00e1llalatok vagyon\u00e1t halad\u00e9ktalanul foglalj\u00e1k le, tulajdonosaik \u00e9s tisztvisel\u0151ik ellen pedig emeljenek v\u00e1dat az \u00e9ghajlatv\u00e1ltoz\u00e1ssal kapcsolatos hamis inform\u00e1ci\u00f3k a korm\u00e1ny \u00e9s az emberek el\u00e9 terjeszt\u00e9s\u00e9nek b\u0171ncselekm\u00e9nye miatt.<\/p>\n\n\n\n<p class=\"has-text-align-left\"><em>\u00c1zsia- szak\u00e9rt\u0151k\u00e9nt, aki foly\u00e9konyan besz\u00e9l koreai, jap\u00e1n \u00e9s k\u00ednai nyelven, Pastreich 1998-ban kezdte p\u00e1lyafut\u00e1s\u00e1t az Illinoisi Egyetem (Urbana-Champaign) professzorak\u00e9nt. Jelenleg az Asia Institue, a Washington DC-ben, Sz\u00f6ulban, Toki\u00f3ban \u00e9s Hanoiban tal\u00e1lhat\u00f3 szakmai m\u0171hely eln\u00f6ke, amelynek k\u00f6z\u00e9ppontj\u00e1ban a diplom\u00e1cia, a biztons\u00e1g \u00e9s a technol\u00f3gia \u00e1ll.<\/em><\/p>\n\n\n\n<p class=\"has-text-align-left\">Emanuel d\u00e9dapja, Emanuel Cohen, kisfi\u00fak\u00e9nt \u00e9rkezett sz\u00fcleivel New York v\u00e1ros\u00e1ba, Magyarorsz\u00e1gr\u00f3l, egy kis Budapest melletti falub\u00f3l. Egym\u00e1son k\u00edv\u00fcl semmij\u00fck nem volt. Sz\u00fclei zsid\u00f3 gazd\u00e1lkod\u00f3k voltak Magyarorsz\u00e1gon \u00e9s a csal\u00e1d nagy r\u00e9sze ott maradt. Emanuel kisfi\u00fak\u00e9nt egy asztalter\u00edt\u0151r\u0151l sz\u00f3l\u00f3 t\u00f6rt\u00e9netet hallott \u00e9desapj\u00e1t\u00f3l. A ter\u00edt\u0151t a nagymama nagy becsben tartotta.\u00a0 A t\u00f6rt\u00e9net szerint, a h\u00e1bor\u00fa ut\u00e1n a nagymama k\u00edv\u00e1ncsi volt, vajon t\u00fal\u00e9lte-e valaki a csal\u00e1db\u00f3l, ez\u00e9rt levelet \u00edrt az \u00f3haz\u00e1ba.\u00a0 V\u00e1laszk\u00e9nt egy lev\u00e9l, \u00e9s hozz\u00e1 csomagolva az asztalter\u00edt\u0151 \u00e9rkezett.\u00a0 Akkor Emanuel nem nagyon foglalkozott a dologgal, de \u00e9vekkel k\u00e9s\u0151bb \u00e9rdekelni kezdte, mi lehet a Magyarorsz\u00e1gon \u00e9l\u0151 csal\u00e1dtagjaival \u00e9s ism\u00e9t megk\u00e9rdte \u00e9desapj\u00e1t, de addigra \u0151 m\u00e1r elfelejtette az eg\u00e9sz t\u00f6rt\u00e9netet \u00e9s a nagymama, minden csal\u00e1di t\u00f6rt\u00e9net tud\u00f3ja, \u00e9vekkel kor\u00e1bban elhunyt.<\/p>\n\n<\/div><\/div>\n<\/div><\/div>\n<\/div>\n<\/div>\n<\/div>\n<\/div><\/div>\n\n<\/div>\n\n<div class=\"gb-container gb-container-0342e94c\">\n<div class=\"gb-grid-wrapper gb-grid-wrapper-16a74dcc download-btn\">\n<div class=\"gb-grid-column gb-grid-column-1a2b224e\"><div class=\"gb-container gb-container-1a2b224e\">\n<div class=\"gb-container gb-container-e8d2a878\">\n\n<div class=\"wp-block-buttons is-content-justification-right is-layout-flex wp-container-core-buttons-is-layout-c688d3c3 wp-block-buttons-is-layout-flex\">\n<div class=\"wp-block-button white_btn is-style-fill\"><a class=\"wp-block-button__link has-contrast-2-background-color has-background wp-element-button\" style=\"border-radius:0px\">Download (Let\u00f6lt\u00e9s)<\/a><\/div>\n<\/div>\n\n<\/div>\n<\/div><\/div>\n<\/div>\n<\/div>","protected":false},"excerpt":{"rendered":"<p>magyar nyelv Nem f\u00e9lek a gonoszt\u00f3l<\/p>\n","protected":false},"author":1,"featured_media":0,"parent":0,"menu_order":0,"comment_status":"closed","ping_status":"closed","template":"","meta":{"footnotes":""},"class_list":["post-953","page","type-page","status-publish"],"yoast_head":"<!-- This site is optimized with the Yoast SEO Premium plugin v20.8 (Yoast SEO v27.4) - https:\/\/yoast.com\/product\/yoast-seo-premium-wordpress\/ -->\n<title>Magyar nyelv - The Center for Truth Politics<\/title>\n<meta name=\"description\" content=\"Magyar nyelv\" \/>\n<meta name=\"robots\" content=\"index, follow, max-snippet:-1, max-image-preview:large, max-video-preview:-1\" \/>\n<link rel=\"canonical\" href=\"https:\/\/green-liberty.org\/ctp\/magyar-nyelv\/\" \/>\n<meta property=\"og:locale\" content=\"en_US\" \/>\n<meta property=\"og:type\" content=\"article\" \/>\n<meta property=\"og:title\" content=\"Magyar nyelv\" \/>\n<meta property=\"og:description\" content=\"Magyar nyelv\" \/>\n<meta property=\"og:url\" content=\"https:\/\/green-liberty.org\/ctp\/magyar-nyelv\/\" \/>\n<meta property=\"og:site_name\" content=\"The Center for Truth Politics\" \/>\n<meta property=\"article:modified_time\" content=\"2024-03-18T15:20:31+00:00\" \/>\n<meta property=\"og:image\" content=\"https:\/\/emanuelpastreich24.org\/wp-content\/uploads\/2023\/08\/book_fear-no-evil_hungarian.jpg\" \/>\n<meta name=\"twitter:card\" content=\"summary_large_image\" \/>\n<meta name=\"twitter:label1\" content=\"Est. reading time\" \/>\n\t<meta name=\"twitter:data1\" content=\"4 minutes\" \/>\n<script type=\"application\/ld+json\" class=\"yoast-schema-graph\">{\"@context\":\"https:\\\/\\\/schema.org\",\"@graph\":[{\"@type\":\"Article\",\"@id\":\"https:\\\/\\\/green-liberty.org\\\/ctp\\\/magyar-nyelv\\\/#article\",\"isPartOf\":{\"@id\":\"https:\\\/\\\/green-liberty.org\\\/ctp\\\/magyar-nyelv\\\/\"},\"author\":{\"name\":\"Emanuel\",\"@id\":\"https:\\\/\\\/green-liberty.org\\\/ctp\\\/#\\\/schema\\\/person\\\/a112bbbf05b30d34be7e1dc7797b9d16\"},\"headline\":\"Magyar nyelv\",\"datePublished\":\"2023-08-19T08:48:32+00:00\",\"dateModified\":\"2024-03-18T15:20:31+00:00\",\"mainEntityOfPage\":{\"@id\":\"https:\\\/\\\/green-liberty.org\\\/ctp\\\/magyar-nyelv\\\/\"},\"wordCount\":775,\"publisher\":{\"@id\":\"https:\\\/\\\/green-liberty.org\\\/ctp\\\/#\\\/schema\\\/person\\\/a112bbbf05b30d34be7e1dc7797b9d16\"},\"image\":{\"@id\":\"https:\\\/\\\/green-liberty.org\\\/ctp\\\/magyar-nyelv\\\/#primaryimage\"},\"thumbnailUrl\":\"https:\\\/\\\/green-liberty.org\\\/ctp\\\/wp-content\\\/uploads\\\/2023\\\/08\\\/book_fear-no-evil_hungarian.jpg\",\"inLanguage\":\"en-US\"},{\"@type\":\"WebPage\",\"@id\":\"https:\\\/\\\/green-liberty.org\\\/ctp\\\/magyar-nyelv\\\/\",\"url\":\"https:\\\/\\\/green-liberty.org\\\/ctp\\\/magyar-nyelv\\\/\",\"name\":\"Magyar nyelv - The Center for Truth Politics\",\"isPartOf\":{\"@id\":\"https:\\\/\\\/green-liberty.org\\\/ctp\\\/#website\"},\"primaryImageOfPage\":{\"@id\":\"https:\\\/\\\/green-liberty.org\\\/ctp\\\/magyar-nyelv\\\/#primaryimage\"},\"image\":{\"@id\":\"https:\\\/\\\/green-liberty.org\\\/ctp\\\/magyar-nyelv\\\/#primaryimage\"},\"thumbnailUrl\":\"https:\\\/\\\/green-liberty.org\\\/ctp\\\/wp-content\\\/uploads\\\/2023\\\/08\\\/book_fear-no-evil_hungarian.jpg\",\"datePublished\":\"2023-08-19T08:48:32+00:00\",\"dateModified\":\"2024-03-18T15:20:31+00:00\",\"description\":\"Magyar nyelv\",\"breadcrumb\":{\"@id\":\"https:\\\/\\\/green-liberty.org\\\/ctp\\\/magyar-nyelv\\\/#breadcrumb\"},\"inLanguage\":\"en-US\",\"potentialAction\":[{\"@type\":\"ReadAction\",\"target\":[\"https:\\\/\\\/green-liberty.org\\\/ctp\\\/magyar-nyelv\\\/\"]}]},{\"@type\":\"ImageObject\",\"inLanguage\":\"en-US\",\"@id\":\"https:\\\/\\\/green-liberty.org\\\/ctp\\\/magyar-nyelv\\\/#primaryimage\",\"url\":\"https:\\\/\\\/green-liberty.org\\\/ctp\\\/wp-content\\\/uploads\\\/2023\\\/08\\\/book_fear-no-evil_hungarian.jpg\",\"contentUrl\":\"https:\\\/\\\/green-liberty.org\\\/ctp\\\/wp-content\\\/uploads\\\/2023\\\/08\\\/book_fear-no-evil_hungarian.jpg\",\"width\":428,\"height\":613},{\"@type\":\"BreadcrumbList\",\"@id\":\"https:\\\/\\\/green-liberty.org\\\/ctp\\\/magyar-nyelv\\\/#breadcrumb\",\"itemListElement\":[{\"@type\":\"ListItem\",\"position\":1,\"name\":\"Home\",\"item\":\"https:\\\/\\\/green-liberty.org\\\/ctp\\\/\"},{\"@type\":\"ListItem\",\"position\":2,\"name\":\"Magyar nyelv\"}]},{\"@type\":\"WebSite\",\"@id\":\"https:\\\/\\\/green-liberty.org\\\/ctp\\\/#website\",\"url\":\"https:\\\/\\\/green-liberty.org\\\/ctp\\\/\",\"name\":\"The Center for Truth Politics\",\"description\":\"The Center for Truth Politics in the United States, led by Emanuel Pastreich\",\"publisher\":{\"@id\":\"https:\\\/\\\/green-liberty.org\\\/ctp\\\/#\\\/schema\\\/person\\\/a112bbbf05b30d34be7e1dc7797b9d16\"},\"alternateName\":\"The Center for Truth Politics, let by Emanuel Pastreich\",\"potentialAction\":[{\"@type\":\"SearchAction\",\"target\":{\"@type\":\"EntryPoint\",\"urlTemplate\":\"https:\\\/\\\/green-liberty.org\\\/ctp\\\/?s={search_term_string}\"},\"query-input\":{\"@type\":\"PropertyValueSpecification\",\"valueRequired\":true,\"valueName\":\"search_term_string\"}}],\"inLanguage\":\"en-US\"},{\"@type\":[\"Person\",\"Organization\"],\"@id\":\"https:\\\/\\\/green-liberty.org\\\/ctp\\\/#\\\/schema\\\/person\\\/a112bbbf05b30d34be7e1dc7797b9d16\",\"name\":\"Emanuel\",\"image\":{\"@type\":\"ImageObject\",\"inLanguage\":\"en-US\",\"@id\":\"https:\\\/\\\/secure.gravatar.com\\\/avatar\\\/?s=96&d=mm&r=g\",\"url\":\"https:\\\/\\\/secure.gravatar.com\\\/avatar\\\/?s=96&d=mm&r=g\",\"contentUrl\":\"https:\\\/\\\/secure.gravatar.com\\\/avatar\\\/?s=96&d=mm&r=g\",\"caption\":\"Emanuel\"},\"logo\":{\"@id\":\"https:\\\/\\\/secure.gravatar.com\\\/avatar\\\/?s=96&d=mm&r=g\"},\"url\":\"https:\\\/\\\/green-liberty.org\\\/ctp\\\/author\\\/admin_ctp\\\/\"}]}<\/script>\n<!-- \/ Yoast SEO Premium plugin. -->","yoast_head_json":{"title":"Magyar nyelv - The Center for Truth Politics","description":"Magyar nyelv","robots":{"index":"index","follow":"follow","max-snippet":"max-snippet:-1","max-image-preview":"max-image-preview:large","max-video-preview":"max-video-preview:-1"},"canonical":"https:\/\/green-liberty.org\/ctp\/magyar-nyelv\/","og_locale":"en_US","og_type":"article","og_title":"Magyar nyelv","og_description":"Magyar nyelv","og_url":"https:\/\/green-liberty.org\/ctp\/magyar-nyelv\/","og_site_name":"The Center for Truth Politics","article_modified_time":"2024-03-18T15:20:31+00:00","og_image":[{"url":"https:\/\/emanuelpastreich24.org\/wp-content\/uploads\/2023\/08\/book_fear-no-evil_hungarian.jpg","type":"","width":"","height":""}],"twitter_card":"summary_large_image","twitter_misc":{"Est. reading time":"4 minutes"},"schema":{"@context":"https:\/\/schema.org","@graph":[{"@type":"Article","@id":"https:\/\/green-liberty.org\/ctp\/magyar-nyelv\/#article","isPartOf":{"@id":"https:\/\/green-liberty.org\/ctp\/magyar-nyelv\/"},"author":{"name":"Emanuel","@id":"https:\/\/green-liberty.org\/ctp\/#\/schema\/person\/a112bbbf05b30d34be7e1dc7797b9d16"},"headline":"Magyar nyelv","datePublished":"2023-08-19T08:48:32+00:00","dateModified":"2024-03-18T15:20:31+00:00","mainEntityOfPage":{"@id":"https:\/\/green-liberty.org\/ctp\/magyar-nyelv\/"},"wordCount":775,"publisher":{"@id":"https:\/\/green-liberty.org\/ctp\/#\/schema\/person\/a112bbbf05b30d34be7e1dc7797b9d16"},"image":{"@id":"https:\/\/green-liberty.org\/ctp\/magyar-nyelv\/#primaryimage"},"thumbnailUrl":"https:\/\/green-liberty.org\/ctp\/wp-content\/uploads\/2023\/08\/book_fear-no-evil_hungarian.jpg","inLanguage":"en-US"},{"@type":"WebPage","@id":"https:\/\/green-liberty.org\/ctp\/magyar-nyelv\/","url":"https:\/\/green-liberty.org\/ctp\/magyar-nyelv\/","name":"Magyar nyelv - The Center for Truth Politics","isPartOf":{"@id":"https:\/\/green-liberty.org\/ctp\/#website"},"primaryImageOfPage":{"@id":"https:\/\/green-liberty.org\/ctp\/magyar-nyelv\/#primaryimage"},"image":{"@id":"https:\/\/green-liberty.org\/ctp\/magyar-nyelv\/#primaryimage"},"thumbnailUrl":"https:\/\/green-liberty.org\/ctp\/wp-content\/uploads\/2023\/08\/book_fear-no-evil_hungarian.jpg","datePublished":"2023-08-19T08:48:32+00:00","dateModified":"2024-03-18T15:20:31+00:00","description":"Magyar nyelv","breadcrumb":{"@id":"https:\/\/green-liberty.org\/ctp\/magyar-nyelv\/#breadcrumb"},"inLanguage":"en-US","potentialAction":[{"@type":"ReadAction","target":["https:\/\/green-liberty.org\/ctp\/magyar-nyelv\/"]}]},{"@type":"ImageObject","inLanguage":"en-US","@id":"https:\/\/green-liberty.org\/ctp\/magyar-nyelv\/#primaryimage","url":"https:\/\/green-liberty.org\/ctp\/wp-content\/uploads\/2023\/08\/book_fear-no-evil_hungarian.jpg","contentUrl":"https:\/\/green-liberty.org\/ctp\/wp-content\/uploads\/2023\/08\/book_fear-no-evil_hungarian.jpg","width":428,"height":613},{"@type":"BreadcrumbList","@id":"https:\/\/green-liberty.org\/ctp\/magyar-nyelv\/#breadcrumb","itemListElement":[{"@type":"ListItem","position":1,"name":"Home","item":"https:\/\/green-liberty.org\/ctp\/"},{"@type":"ListItem","position":2,"name":"Magyar nyelv"}]},{"@type":"WebSite","@id":"https:\/\/green-liberty.org\/ctp\/#website","url":"https:\/\/green-liberty.org\/ctp\/","name":"The Center for Truth Politics","description":"The Center for Truth Politics in the United States, led by Emanuel Pastreich","publisher":{"@id":"https:\/\/green-liberty.org\/ctp\/#\/schema\/person\/a112bbbf05b30d34be7e1dc7797b9d16"},"alternateName":"The Center for Truth Politics, let by Emanuel Pastreich","potentialAction":[{"@type":"SearchAction","target":{"@type":"EntryPoint","urlTemplate":"https:\/\/green-liberty.org\/ctp\/?s={search_term_string}"},"query-input":{"@type":"PropertyValueSpecification","valueRequired":true,"valueName":"search_term_string"}}],"inLanguage":"en-US"},{"@type":["Person","Organization"],"@id":"https:\/\/green-liberty.org\/ctp\/#\/schema\/person\/a112bbbf05b30d34be7e1dc7797b9d16","name":"Emanuel","image":{"@type":"ImageObject","inLanguage":"en-US","@id":"https:\/\/secure.gravatar.com\/avatar\/?s=96&d=mm&r=g","url":"https:\/\/secure.gravatar.com\/avatar\/?s=96&d=mm&r=g","contentUrl":"https:\/\/secure.gravatar.com\/avatar\/?s=96&d=mm&r=g","caption":"Emanuel"},"logo":{"@id":"https:\/\/secure.gravatar.com\/avatar\/?s=96&d=mm&r=g"},"url":"https:\/\/green-liberty.org\/ctp\/author\/admin_ctp\/"}]}},"_links":{"self":[{"href":"https:\/\/green-liberty.org\/ctp\/wp-json\/wp\/v2\/pages\/953","targetHints":{"allow":["GET"]}}],"collection":[{"href":"https:\/\/green-liberty.org\/ctp\/wp-json\/wp\/v2\/pages"}],"about":[{"href":"https:\/\/green-liberty.org\/ctp\/wp-json\/wp\/v2\/types\/page"}],"author":[{"embeddable":true,"href":"https:\/\/green-liberty.org\/ctp\/wp-json\/wp\/v2\/users\/1"}],"replies":[{"embeddable":true,"href":"https:\/\/green-liberty.org\/ctp\/wp-json\/wp\/v2\/comments?post=953"}],"version-history":[{"count":4,"href":"https:\/\/green-liberty.org\/ctp\/wp-json\/wp\/v2\/pages\/953\/revisions"}],"predecessor-version":[{"id":5799,"href":"https:\/\/green-liberty.org\/ctp\/wp-json\/wp\/v2\/pages\/953\/revisions\/5799"}],"wp:attachment":[{"href":"https:\/\/green-liberty.org\/ctp\/wp-json\/wp\/v2\/media?parent=953"}],"curies":[{"name":"wp","href":"https:\/\/api.w.org\/{rel}","templated":true}]}}