{"id":931,"date":"2023-08-19T07:00:28","date_gmt":"2023-08-19T07:00:28","guid":{"rendered":"https:\/\/www.worldsupport.jp\/dev\/wp_sandbox1\/?page_id=931"},"modified":"2024-03-18T15:20:31","modified_gmt":"2024-03-18T15:20:31","slug":"deutsch","status":"publish","type":"page","link":"https:\/\/green-liberty.org\/ctp\/deutsch\/","title":{"rendered":"Deutsch"},"content":{"rendered":"<div class=\"gb-container gb-container-84dbe6f3 alignfull\">\n\n<h2 class=\"gb-headline gb-headline-3a49f21d gb-headline-text\"><strong><strong>Deutsch<\/strong><\/strong><\/h2>\n\n<\/div>\n\n<div class=\"gb-container gb-container-baee883e\">\n\n<h2 class=\"gb-headline gb-headline-b833639a gb-headline-text\"><strong>Ich f\u00fcrchte nichts b\u00f6ses<\/strong><\/h2>\n\n\n<div class=\"gb-grid-wrapper gb-grid-wrapper-fc1125cc\">\n<div class=\"gb-grid-column gb-grid-column-d8e03f1a\"><div class=\"gb-container gb-container-d8e03f1a\">\n\n<figure class=\"wp-block-gallery has-nested-images columns-default is-cropped wp-block-gallery-1 is-layout-flex wp-block-gallery-is-layout-flex\">\n<figure class=\"wp-block-image alignwide size-full\"><img loading=\"lazy\" decoding=\"async\" width=\"428\" height=\"613\" data-id=\"934\" src=\"https:\/\/green-liberty.org\/ctp\/wp-content\/uploads\/2023\/08\/book_fear-no-evil_german.jpg\" alt=\"\" class=\"wp-image-934\" srcset=\"https:\/\/green-liberty.org\/ctp\/wp-content\/uploads\/2023\/08\/book_fear-no-evil_german.jpg 428w, https:\/\/green-liberty.org\/ctp\/wp-content\/uploads\/2023\/08\/book_fear-no-evil_german-209x300.jpg 209w\" sizes=\"auto, (max-width: 428px) 100vw, 428px\" \/><\/figure>\n<\/figure>\n\n<\/div><\/div>\n\n<div class=\"gb-grid-column gb-grid-column-66e9d11a\"><div class=\"gb-container gb-container-66e9d11a\">\n\n<p>Eine Vision f\u00fcr eine neue Allianz zwischen den Vereinigten Staaten und Deutschland<\/p>\n\n\n\n<p>Emanuel Pastreich<\/p>\n\n\n\n<p>Deutschland ist ein wichtiger Partner f\u00fcr die Vereinigten Staaten und ein unverzichtbarer Verb\u00fcndeter auf jeder Ebene. Der Begriff Partner und Verb\u00fcndeter, der von Politikern und Investmentbankern, von Konzernchefs und anderen parasit\u00e4ren Kreaturen verwendet wird, bedeutet jedoch lediglich einen engen Partner f\u00fcr die globale W\u00e4hrungsmanipulation, einen Kumpel f\u00fcr Waffenverk\u00e4ufe und massive Verteidigungsausgaben, einen Mitverschw\u00f6rer bei der T\u00e4uschung des einfachen Mannes im Interesse einer Minderheit von Superreichen.<\/p>\n\n\n\n<p>Mit der \u00dcbersetzung meines Buches ins Deutsche m\u00f6chte ich Ihnen die M\u00f6glichkeit einer anderen, ernsthafteren, realistischeren und konstruktiveren Allianz zwischen unseren L\u00e4ndern vorschlagen.<\/p>\n\n\n\n<p>Ich habe pers\u00f6nliche sowie strategische Gr\u00fcnde, Deutschland in den Fokus meiner \u00dcberlegungen zur Zukunft der Vereinigten Staaten zu stellen, insbesondere im Hinblick auf unser Engagement in Ostasien (welches mein Fachgebiet ist) und meine Sorgen um die Zukunft der Menschheit.<\/p>\n\n<\/div><\/div>\n<\/div>\n<\/div>\n\n<div class=\"gb-container gb-container-20e00f90\">\n\n<div class=\"wp-block-group\"><div class=\"wp-block-group__inner-container is-layout-constrained wp-block-group-is-layout-constrained\">\n<div class=\"wp-block-columns is-layout-flex wp-container-core-columns-is-layout-9d6595d7 wp-block-columns-is-layout-flex\">\n<div class=\"wp-block-column is-layout-flow wp-block-column-is-layout-flow\" style=\"flex-basis:100%\">\n<div class=\"wp-block-columns is-layout-flex wp-container-core-columns-is-layout-9d6595d7 wp-block-columns-is-layout-flex\">\n<div class=\"wp-block-column is-layout-flow wp-block-column-is-layout-flow\" style=\"flex-basis:100%\"><div class=\"gb-grid-wrapper gb-grid-wrapper-921fed35\">\n<div class=\"gb-grid-column gb-grid-column-5c84b851\"><div class=\"gb-container gb-container-5c84b851\">\n\n<p class=\"has-text-align-left\">Die pers\u00f6nlichen Gr\u00fcnde f\u00fcr mich beginnen in meiner Familie. Alle meine Vorfahren (m\u00fctterlicherseits und v\u00e4terlicherseits) waren \u2013 wenn man 100 Jahre zur\u00fcckgeht \u2013 deutschsprachig und meine beiden Eltern sprechen flie\u00dfend Deutsch.<\/p>\n\n\n\n<p class=\"has-text-align-left\">Meine Mutter wuchs in Luxemburg auf und ihre Mutter Katherine, meine Gro\u00dfmutter, stammte aus einer deutsch-katholischen Familie. Ich habe auch heute noch Familie in Deutschland, obwohl ich diese nicht besonders gut kenne.<\/p>\n\n\n\n<p class=\"has-text-align-left\">Ich habe nach dem Abitur Deutsch studiert und hatte damals vor, einen Vergleich zwischen der westlichen und \u00f6stlichen Literatur anzustellen. Die mystische Lyrik von Rainer Maria Rilke und die vision\u00e4re Poesie von Johann Wolfgang von Goethe haben mich in meiner Jugend tief inspiriert. Ihre Stimmen, ihre Einsichten in die tiefen Geheimnisse der menschlichen Erfahrung und der Naturph\u00e4nomene, haben meine akademische Arbeit gepr\u00e4gt. Wenn Sie genau aufpassen, k\u00f6nnen Sie ihre Meinungen in den hier \u00fcbersetzten Reden wiedererkennen.<\/p>\n\n\n\n<p class=\"has-text-align-left\">Das Verh\u00e4ltnis zu Deutschland auf der Arbeitsebene ist wichtig f\u00fcr das Asia Institute, die Denkfabrik, die wir vor 12 Jahren in Korea gegr\u00fcndet haben. Der deutsche Wissenschaftler Alexander Krabbe dient heute als Forschungsleiter und wir haben zahlreiche Veranstaltungen mit Deutschland und europ\u00e4ischen Partnern organisiert.<\/p>\n\n\n\n<p class=\"has-text-align-left\">Wenn ich die strategischen Interessen der Vereinigten Staaten in dieser Zeit betrachte, in der unser Konzept von Sicherheit auf den Kopf gestellt wurde, in der der Klimawandel und der Zusammenbruch der Artenvielfalt zur prim\u00e4ren Bedrohung geworden sind, in der die Milliarden, die in veraltete Kampfflugzeuge und Flugzeugtr\u00e4ger investiert werden, an anderer Stelle dringend ben\u00f6tigt werden, in der KI zu einem Werkzeug f\u00fcr die Superreichen geworden ist, um den Rest der Menschheit zu zerst\u00f6ren, dann brauchen wir die beste deutsche Tradition, das beste deutsche Know-how, aber vor allem engagierte Deutsche, auf jeder Ebene, um uns zu helfen, echte L\u00f6sungen zu finden.<\/p>\n\n\n\n<p class=\"has-text-align-left\">Es gibt einen entscheidenden Unterschied, wie ich die Beziehung zu Deutschland sehe und wie andere Politiker sie sehen. Andere Politiker sind n\u00e4mlich nicht mehr in der Politik t\u00e4tig. Sie besch\u00e4ftigen sich mit Hinterzimmerabsprachen, Identit\u00e4tspolitik und kommerzieller Werbung.<\/p>\n\n\n\n<p class=\"has-text-align-left\">Wir m\u00fcssen mit Deutschen zusammenarbeiten, von K\u00fcnstlern und Philosophen bis hin zu Ingenieuren und Wissenschaftlern, um zu \u00fcberlegen, wie sich unsere Welt ver\u00e4ndert hat, wie die Zukunft der globalen Governance und der menschlichen Gesellschaft aussehen muss und wohin wir uns in Zukunft bewegen m\u00fcssen. Wir m\u00fcssen mit den Deutschen diskutieren, ob die Konzepte von Produktion und Konsum f\u00fcr unsere heutige Zivilisation angemessen sind und was mit den Begriffen \u201cSicherheit\u201d und \u201cWachstum\u201d gemeint ist.<\/p>\n\n\n\n<p class=\"has-text-align-left\">Wir m\u00fcssen mit den Deutschen zusammenarbeiten, um unsere Priorit\u00e4ten in dieser Krise zu setzen. In diesem Zeitalter des massiven Betrugs, in einem Zeitalter, in dem der Schein regiert und die Realit\u00e4t vor den Menschen verborgen wird, in einem Zeitalter, in dem die Zyniker eine radikale Spaltung des einfachen Volkes herbeigef\u00fchrt und eine noch nie dagewesene Einheit einer verschwindend kleinen Anzahl von Reichen geschaffen haben.<\/p>\n\n\n\n<p class=\"has-text-align-left\">Die Einheit zwischen den Vereinigten Staaten und Deutschland, die ich vorschlage, hat nichts damit zu tun, die Deutschen in irgendeine unvern\u00fcnftige, gef\u00e4hrliche milit\u00e4rische Aufr\u00fcstung gegen China oder gegen Russland \u2013 oder gegen beide \u2013 hineinzuziehen. Die Einheit zwischen unseren L\u00e4ndern ist keine Frage der st\u00e4ndigen \u00dcberproduktion, um die M\u00e4rkte zu s\u00e4ttigen, der Zerst\u00f6rung unserer B\u00f6den und unseres Wassers auf der Suche nach Profiten durch Agrarexporte oder der Deregulierung der Finanzm\u00e4rkte, die es Konzernen und Banken (denen Amerikaner oder Deutsche egal sind) erlaubt, Entscheidungen ohne unseren Input zu treffen.<\/p>\n\n\n\n<p class=\"has-text-align-left\">Wenn nachdenkliche Amerikaner und Deutsche, die nicht die verh\u00e4tschelten Pudel der Reichen und M\u00e4chtigen sind, sich zusammensetzen, um \u00fcber echte Probleme f\u00fcr echte Menschen zu sprechen, habe ich keinen Zweifel daran, dass sie feststellen werden, dass sie so viel gemeinsam haben und dass echte Ver\u00e4nderungen und nicht aufgebauschte Schlagzeilen in den Konzernmedien unsere h\u00f6chste Priorit\u00e4t sein werden.<\/p>\n\n\n\n<p class=\"has-text-align-left\">Ich glaube, dass die gr\u00f6\u00dfte Gefahr, der wir heute gegen\u00fcberstehen, die Oberfl\u00e4chlichkeit unseres Verst\u00e4ndnisses der Realit\u00e4t und der menschlichen Natur ist. Supercomputer, Waffensysteme und Freihandelsabkommen haben dort, wo einst Politik und Diplomatie waren, eine \u00d6dnis geschaffen, die eine neue Generation von Experten hervorgebracht hat. Diese k\u00f6nnen sich die metaphysischen Herausforderungen nicht vorstellen und die radikale Transformation unserer Gesellschaft, die heute stattfindet, nicht begreifen.<\/p>\n\n\n\n<p class=\"has-text-align-left\">Ein Teil der Hinwendung zu Deutschland betrifft tats\u00e4chliche Deutsche, gew\u00f6hnliche Deutsche, in der ganzen Vielfalt Deutschlands, und erstreckt sich auf die deutschsprachige Bev\u00f6lkerung in ganz Europa.<\/p>\n\n\n\n<p class=\"has-text-align-left\">Ein ebenso wichtiger Teil der Antwort auf die heutige Krise besteht in einer R\u00fcckbesinnung auf das Beste der deutschen Vergangenheit, eine Bewertung des Denkens der Aufkl\u00e4rung oder des 19. Jahrhunderts und wie es auf die Antwort auf die heutige Krise angewendet werden kann.<\/p>\n\n\n\n<p class=\"has-text-align-left\">Ich stelle mir diese Fragen:<\/p>\n\n\n\n<p class=\"has-text-align-left\">Wie h\u00e4tte Hannah Arendt \u00fcber das Wachstum des technologischen Totalitarismus gedacht? Was h\u00e4tte Walter Benjamin \u00fcber die \u00c4sthetik unserer banalen \u201ctechnischen Reproduzierbarkeit\u201d im Internet gedacht?<\/p>\n\n\n\n<p class=\"has-text-align-left\">Was w\u00fcrde Theodor Adorno als L\u00f6sung f\u00fcr die endlosen Kriege vorschlagen, in welche die Vereinigten Staaten hineingeraten sind?<\/p>\n\n\n\n<p class=\"has-text-align-left\">Was w\u00fcrde Albert Einstein dazu sagen, wie sich die Menschheit \u00fcber die zutiefst anti-intellektuellen Str\u00f6mungen erheben kann, die uns umtreiben, und wie wir unsere Menschlichkeit und eine wahrhaft wissenschaftliche Herangehensweise an die Herausforderungen unserer Zeit zur\u00fcckgewinnen k\u00f6nnen? Und, wie w\u00fcrde Georg Wilhelm Friedrich Hegel den heutigen Zeitgeist der radikalen Fragmentierung und radikalen Konzentration beschreiben?<\/p>\n\n\n\n<p class=\"has-text-align-left\">Dies sind keine zweitrangigen Themen f\u00fcr schwammig denkende, Pfeife rauchende Akademiker \u2013 w\u00e4hrend echte Politiker und Gesch\u00e4ftsleute Investitionsvertr\u00e4ge aushandeln.&nbsp;&nbsp;&nbsp;<\/p>\n\n\n\n<p class=\"has-text-align-left\">Ganz und gar nicht! Ganz im Gegenteil!<\/p>\n\n\n\n<p class=\"has-text-align-left\">Diese Themen sind die zentralen f\u00fcr unsere Zeit. Wir m\u00fcssen unsere Priorit\u00e4ten als Gesellschaft festlegen und unsere Priorit\u00e4ten f\u00fcr das menschliche \u00dcberleben auf einer fundamentalen Ebene setzen.<\/p>\n\n\n\n<p class=\"has-text-align-left\">Ich respektiere sehr wohl die Traditionen in den Wissenschaften und in der Technik in Deutschland und ich nehme die wirtschaftliche St\u00e4rke Deutschlands ernst.<\/p>\n\n\n\n<p class=\"has-text-align-left\">Aber der wichtigste Teil der deutschen Tradition f\u00fcr uns heute, in Deutschland und in den Vereinigten Staaten, ist die F\u00e4higkeit, gro\u00df zu denken, der Mut und der Verstand, die notwendig sind, um zum Kern der Realit\u00e4t vorzudringen, wie es Immanuel Kant und Friedrich Schiller taten.<\/p>\n\n\n\n<p class=\"has-text-align-left\">Es ist die geistige und \u00e4sthetische, moralische und heuristische Allianz zwischen Deutschland und den Vereinigten Staaten, die all unseren Bem\u00fchungen von heute an zugrunde liegen muss.<\/p>\n\n<\/div><\/div>\n<\/div><\/div>\n<\/div>\n<\/div>\n<\/div>\n<\/div><\/div>\n\n<\/div>\n\n<div class=\"gb-container gb-container-0342e94c\">\n<div class=\"gb-grid-wrapper gb-grid-wrapper-16a74dcc download-btn\">\n<div class=\"gb-grid-column gb-grid-column-1a2b224e\"><div class=\"gb-container gb-container-1a2b224e\">\n<div class=\"gb-container gb-container-e8d2a878\">\n\n<div class=\"wp-block-buttons is-content-justification-right is-layout-flex wp-container-core-buttons-is-layout-c688d3c3 wp-block-buttons-is-layout-flex\">\n<div class=\"wp-block-button white_btn is-style-fill\"><a class=\"wp-block-button__link has-contrast-2-background-color has-background wp-element-button\" href=\"https:\/\/green-liberty.org\/ctp\/wp-content\/uploads\/2023\/08\/fear_no_evil_ebook_german.pdf\" style=\"border-radius:0px\" target=\"_blank\" rel=\"noopener\">Download (downloaden)<\/a><\/div>\n<\/div>\n\n<\/div>\n<\/div><\/div>\n<\/div>\n<\/div>","protected":false},"excerpt":{"rendered":"<p>Deutsch Ich f\u00fcrchte nichts b\u00f6ses<\/p>\n","protected":false},"author":1,"featured_media":0,"parent":0,"menu_order":0,"comment_status":"closed","ping_status":"closed","template":"","meta":{"footnotes":""},"class_list":["post-931","page","type-page","status-publish"],"yoast_head":"<!-- This site is optimized with the Yoast SEO Premium plugin v20.8 (Yoast SEO v27.4) - https:\/\/yoast.com\/product\/yoast-seo-premium-wordpress\/ -->\n<title>Deutsch - The Center for Truth Politics<\/title>\n<meta name=\"description\" content=\"Deutsch\" \/>\n<meta name=\"robots\" content=\"index, follow, max-snippet:-1, max-image-preview:large, max-video-preview:-1\" \/>\n<link rel=\"canonical\" href=\"https:\/\/green-liberty.org\/ctp\/deutsch\/\" \/>\n<meta property=\"og:locale\" content=\"en_US\" \/>\n<meta property=\"og:type\" content=\"article\" \/>\n<meta property=\"og:title\" content=\"Deutsch\" \/>\n<meta property=\"og:description\" content=\"Deutsch\" \/>\n<meta property=\"og:url\" content=\"https:\/\/green-liberty.org\/ctp\/deutsch\/\" \/>\n<meta property=\"og:site_name\" content=\"The Center for Truth Politics\" \/>\n<meta property=\"article:modified_time\" content=\"2024-03-18T15:20:31+00:00\" \/>\n<meta property=\"og:image\" content=\"https:\/\/emanuelpastreich24.org\/wp-content\/uploads\/2023\/08\/book_fear-no-evil_german.jpg\" \/>\n<meta name=\"twitter:card\" content=\"summary_large_image\" \/>\n<meta name=\"twitter:label1\" content=\"Est. reading time\" \/>\n\t<meta name=\"twitter:data1\" content=\"6 minutes\" \/>\n<script type=\"application\/ld+json\" class=\"yoast-schema-graph\">{\"@context\":\"https:\\\/\\\/schema.org\",\"@graph\":[{\"@type\":\"Article\",\"@id\":\"https:\\\/\\\/green-liberty.org\\\/ctp\\\/deutsch\\\/#article\",\"isPartOf\":{\"@id\":\"https:\\\/\\\/green-liberty.org\\\/ctp\\\/deutsch\\\/\"},\"author\":{\"name\":\"Emanuel\",\"@id\":\"https:\\\/\\\/green-liberty.org\\\/ctp\\\/#\\\/schema\\\/person\\\/a112bbbf05b30d34be7e1dc7797b9d16\"},\"headline\":\"Deutsch\",\"datePublished\":\"2023-08-19T07:00:28+00:00\",\"dateModified\":\"2024-03-18T15:20:31+00:00\",\"mainEntityOfPage\":{\"@id\":\"https:\\\/\\\/green-liberty.org\\\/ctp\\\/deutsch\\\/\"},\"wordCount\":1233,\"publisher\":{\"@id\":\"https:\\\/\\\/green-liberty.org\\\/ctp\\\/#\\\/schema\\\/person\\\/a112bbbf05b30d34be7e1dc7797b9d16\"},\"image\":{\"@id\":\"https:\\\/\\\/green-liberty.org\\\/ctp\\\/deutsch\\\/#primaryimage\"},\"thumbnailUrl\":\"https:\\\/\\\/green-liberty.org\\\/ctp\\\/wp-content\\\/uploads\\\/2023\\\/08\\\/book_fear-no-evil_german.jpg\",\"inLanguage\":\"en-US\"},{\"@type\":\"WebPage\",\"@id\":\"https:\\\/\\\/green-liberty.org\\\/ctp\\\/deutsch\\\/\",\"url\":\"https:\\\/\\\/green-liberty.org\\\/ctp\\\/deutsch\\\/\",\"name\":\"Deutsch - The Center for Truth Politics\",\"isPartOf\":{\"@id\":\"https:\\\/\\\/green-liberty.org\\\/ctp\\\/#website\"},\"primaryImageOfPage\":{\"@id\":\"https:\\\/\\\/green-liberty.org\\\/ctp\\\/deutsch\\\/#primaryimage\"},\"image\":{\"@id\":\"https:\\\/\\\/green-liberty.org\\\/ctp\\\/deutsch\\\/#primaryimage\"},\"thumbnailUrl\":\"https:\\\/\\\/green-liberty.org\\\/ctp\\\/wp-content\\\/uploads\\\/2023\\\/08\\\/book_fear-no-evil_german.jpg\",\"datePublished\":\"2023-08-19T07:00:28+00:00\",\"dateModified\":\"2024-03-18T15:20:31+00:00\",\"description\":\"Deutsch\",\"breadcrumb\":{\"@id\":\"https:\\\/\\\/green-liberty.org\\\/ctp\\\/deutsch\\\/#breadcrumb\"},\"inLanguage\":\"en-US\",\"potentialAction\":[{\"@type\":\"ReadAction\",\"target\":[\"https:\\\/\\\/green-liberty.org\\\/ctp\\\/deutsch\\\/\"]}]},{\"@type\":\"ImageObject\",\"inLanguage\":\"en-US\",\"@id\":\"https:\\\/\\\/green-liberty.org\\\/ctp\\\/deutsch\\\/#primaryimage\",\"url\":\"https:\\\/\\\/green-liberty.org\\\/ctp\\\/wp-content\\\/uploads\\\/2023\\\/08\\\/book_fear-no-evil_german.jpg\",\"contentUrl\":\"https:\\\/\\\/green-liberty.org\\\/ctp\\\/wp-content\\\/uploads\\\/2023\\\/08\\\/book_fear-no-evil_german.jpg\",\"width\":428,\"height\":613},{\"@type\":\"BreadcrumbList\",\"@id\":\"https:\\\/\\\/green-liberty.org\\\/ctp\\\/deutsch\\\/#breadcrumb\",\"itemListElement\":[{\"@type\":\"ListItem\",\"position\":1,\"name\":\"Home\",\"item\":\"https:\\\/\\\/green-liberty.org\\\/ctp\\\/\"},{\"@type\":\"ListItem\",\"position\":2,\"name\":\"Deutsch\"}]},{\"@type\":\"WebSite\",\"@id\":\"https:\\\/\\\/green-liberty.org\\\/ctp\\\/#website\",\"url\":\"https:\\\/\\\/green-liberty.org\\\/ctp\\\/\",\"name\":\"The Center for Truth Politics\",\"description\":\"The Center for Truth Politics in the United States, led by Emanuel Pastreich\",\"publisher\":{\"@id\":\"https:\\\/\\\/green-liberty.org\\\/ctp\\\/#\\\/schema\\\/person\\\/a112bbbf05b30d34be7e1dc7797b9d16\"},\"alternateName\":\"The Center for Truth Politics, let by Emanuel Pastreich\",\"potentialAction\":[{\"@type\":\"SearchAction\",\"target\":{\"@type\":\"EntryPoint\",\"urlTemplate\":\"https:\\\/\\\/green-liberty.org\\\/ctp\\\/?s={search_term_string}\"},\"query-input\":{\"@type\":\"PropertyValueSpecification\",\"valueRequired\":true,\"valueName\":\"search_term_string\"}}],\"inLanguage\":\"en-US\"},{\"@type\":[\"Person\",\"Organization\"],\"@id\":\"https:\\\/\\\/green-liberty.org\\\/ctp\\\/#\\\/schema\\\/person\\\/a112bbbf05b30d34be7e1dc7797b9d16\",\"name\":\"Emanuel\",\"image\":{\"@type\":\"ImageObject\",\"inLanguage\":\"en-US\",\"@id\":\"https:\\\/\\\/secure.gravatar.com\\\/avatar\\\/?s=96&d=mm&r=g\",\"url\":\"https:\\\/\\\/secure.gravatar.com\\\/avatar\\\/?s=96&d=mm&r=g\",\"contentUrl\":\"https:\\\/\\\/secure.gravatar.com\\\/avatar\\\/?s=96&d=mm&r=g\",\"caption\":\"Emanuel\"},\"logo\":{\"@id\":\"https:\\\/\\\/secure.gravatar.com\\\/avatar\\\/?s=96&d=mm&r=g\"},\"url\":\"https:\\\/\\\/green-liberty.org\\\/ctp\\\/author\\\/admin_ctp\\\/\"}]}<\/script>\n<!-- \/ Yoast SEO Premium plugin. -->","yoast_head_json":{"title":"Deutsch - The Center for Truth Politics","description":"Deutsch","robots":{"index":"index","follow":"follow","max-snippet":"max-snippet:-1","max-image-preview":"max-image-preview:large","max-video-preview":"max-video-preview:-1"},"canonical":"https:\/\/green-liberty.org\/ctp\/deutsch\/","og_locale":"en_US","og_type":"article","og_title":"Deutsch","og_description":"Deutsch","og_url":"https:\/\/green-liberty.org\/ctp\/deutsch\/","og_site_name":"The Center for Truth Politics","article_modified_time":"2024-03-18T15:20:31+00:00","og_image":[{"url":"https:\/\/emanuelpastreich24.org\/wp-content\/uploads\/2023\/08\/book_fear-no-evil_german.jpg","type":"","width":"","height":""}],"twitter_card":"summary_large_image","twitter_misc":{"Est. reading time":"6 minutes"},"schema":{"@context":"https:\/\/schema.org","@graph":[{"@type":"Article","@id":"https:\/\/green-liberty.org\/ctp\/deutsch\/#article","isPartOf":{"@id":"https:\/\/green-liberty.org\/ctp\/deutsch\/"},"author":{"name":"Emanuel","@id":"https:\/\/green-liberty.org\/ctp\/#\/schema\/person\/a112bbbf05b30d34be7e1dc7797b9d16"},"headline":"Deutsch","datePublished":"2023-08-19T07:00:28+00:00","dateModified":"2024-03-18T15:20:31+00:00","mainEntityOfPage":{"@id":"https:\/\/green-liberty.org\/ctp\/deutsch\/"},"wordCount":1233,"publisher":{"@id":"https:\/\/green-liberty.org\/ctp\/#\/schema\/person\/a112bbbf05b30d34be7e1dc7797b9d16"},"image":{"@id":"https:\/\/green-liberty.org\/ctp\/deutsch\/#primaryimage"},"thumbnailUrl":"https:\/\/green-liberty.org\/ctp\/wp-content\/uploads\/2023\/08\/book_fear-no-evil_german.jpg","inLanguage":"en-US"},{"@type":"WebPage","@id":"https:\/\/green-liberty.org\/ctp\/deutsch\/","url":"https:\/\/green-liberty.org\/ctp\/deutsch\/","name":"Deutsch - The Center for Truth Politics","isPartOf":{"@id":"https:\/\/green-liberty.org\/ctp\/#website"},"primaryImageOfPage":{"@id":"https:\/\/green-liberty.org\/ctp\/deutsch\/#primaryimage"},"image":{"@id":"https:\/\/green-liberty.org\/ctp\/deutsch\/#primaryimage"},"thumbnailUrl":"https:\/\/green-liberty.org\/ctp\/wp-content\/uploads\/2023\/08\/book_fear-no-evil_german.jpg","datePublished":"2023-08-19T07:00:28+00:00","dateModified":"2024-03-18T15:20:31+00:00","description":"Deutsch","breadcrumb":{"@id":"https:\/\/green-liberty.org\/ctp\/deutsch\/#breadcrumb"},"inLanguage":"en-US","potentialAction":[{"@type":"ReadAction","target":["https:\/\/green-liberty.org\/ctp\/deutsch\/"]}]},{"@type":"ImageObject","inLanguage":"en-US","@id":"https:\/\/green-liberty.org\/ctp\/deutsch\/#primaryimage","url":"https:\/\/green-liberty.org\/ctp\/wp-content\/uploads\/2023\/08\/book_fear-no-evil_german.jpg","contentUrl":"https:\/\/green-liberty.org\/ctp\/wp-content\/uploads\/2023\/08\/book_fear-no-evil_german.jpg","width":428,"height":613},{"@type":"BreadcrumbList","@id":"https:\/\/green-liberty.org\/ctp\/deutsch\/#breadcrumb","itemListElement":[{"@type":"ListItem","position":1,"name":"Home","item":"https:\/\/green-liberty.org\/ctp\/"},{"@type":"ListItem","position":2,"name":"Deutsch"}]},{"@type":"WebSite","@id":"https:\/\/green-liberty.org\/ctp\/#website","url":"https:\/\/green-liberty.org\/ctp\/","name":"The Center for Truth Politics","description":"The Center for Truth Politics in the United States, led by Emanuel Pastreich","publisher":{"@id":"https:\/\/green-liberty.org\/ctp\/#\/schema\/person\/a112bbbf05b30d34be7e1dc7797b9d16"},"alternateName":"The Center for Truth Politics, let by Emanuel Pastreich","potentialAction":[{"@type":"SearchAction","target":{"@type":"EntryPoint","urlTemplate":"https:\/\/green-liberty.org\/ctp\/?s={search_term_string}"},"query-input":{"@type":"PropertyValueSpecification","valueRequired":true,"valueName":"search_term_string"}}],"inLanguage":"en-US"},{"@type":["Person","Organization"],"@id":"https:\/\/green-liberty.org\/ctp\/#\/schema\/person\/a112bbbf05b30d34be7e1dc7797b9d16","name":"Emanuel","image":{"@type":"ImageObject","inLanguage":"en-US","@id":"https:\/\/secure.gravatar.com\/avatar\/?s=96&d=mm&r=g","url":"https:\/\/secure.gravatar.com\/avatar\/?s=96&d=mm&r=g","contentUrl":"https:\/\/secure.gravatar.com\/avatar\/?s=96&d=mm&r=g","caption":"Emanuel"},"logo":{"@id":"https:\/\/secure.gravatar.com\/avatar\/?s=96&d=mm&r=g"},"url":"https:\/\/green-liberty.org\/ctp\/author\/admin_ctp\/"}]}},"_links":{"self":[{"href":"https:\/\/green-liberty.org\/ctp\/wp-json\/wp\/v2\/pages\/931","targetHints":{"allow":["GET"]}}],"collection":[{"href":"https:\/\/green-liberty.org\/ctp\/wp-json\/wp\/v2\/pages"}],"about":[{"href":"https:\/\/green-liberty.org\/ctp\/wp-json\/wp\/v2\/types\/page"}],"author":[{"embeddable":true,"href":"https:\/\/green-liberty.org\/ctp\/wp-json\/wp\/v2\/users\/1"}],"replies":[{"embeddable":true,"href":"https:\/\/green-liberty.org\/ctp\/wp-json\/wp\/v2\/comments?post=931"}],"version-history":[{"count":7,"href":"https:\/\/green-liberty.org\/ctp\/wp-json\/wp\/v2\/pages\/931\/revisions"}],"predecessor-version":[{"id":5769,"href":"https:\/\/green-liberty.org\/ctp\/wp-json\/wp\/v2\/pages\/931\/revisions\/5769"}],"wp:attachment":[{"href":"https:\/\/green-liberty.org\/ctp\/wp-json\/wp\/v2\/media?parent=931"}],"curies":[{"name":"wp","href":"https:\/\/api.w.org\/{rel}","templated":true}]}}