{"id":914,"date":"2023-08-19T06:48:49","date_gmt":"2023-08-19T06:48:49","guid":{"rendered":"https:\/\/www.worldsupport.jp\/dev\/wp_sandbox1\/?page_id=914"},"modified":"2024-03-18T15:20:31","modified_gmt":"2024-03-18T15:20:31","slug":"francais","status":"publish","type":"page","link":"https:\/\/green-liberty.org\/ctp\/francais\/","title":{"rendered":"Fran\u00e7ais"},"content":{"rendered":"<div class=\"gb-container gb-container-84dbe6f3 alignfull\">\n\n<h2 class=\"gb-headline gb-headline-3a49f21d gb-headline-text\"><strong><strong>Fran\u00e7ais<\/strong><\/strong><\/h2>\n\n<\/div>\n\n<div class=\"gb-container gb-container-baee883e\">\n\n<h2 class=\"gb-headline gb-headline-b833639a gb-headline-text\"><strong>JE NE CRAINS AUCUN MAL<\/strong><\/h2>\n\n\n<div class=\"gb-grid-wrapper gb-grid-wrapper-fc1125cc\">\n<div class=\"gb-grid-column gb-grid-column-d8e03f1a\"><div class=\"gb-container gb-container-d8e03f1a\">\n\n<figure class=\"wp-block-gallery has-nested-images columns-default is-cropped wp-block-gallery-1 is-layout-flex wp-block-gallery-is-layout-flex\">\n<figure class=\"wp-block-image alignwide size-full\"><img loading=\"lazy\" decoding=\"async\" width=\"600\" height=\"849\" data-id=\"916\" src=\"https:\/\/green-liberty.org\/ctp\/wp-content\/uploads\/2023\/08\/book_fear-no-evil_french.jpg\" alt=\"\" class=\"wp-image-916\" srcset=\"https:\/\/green-liberty.org\/ctp\/wp-content\/uploads\/2023\/08\/book_fear-no-evil_french.jpg 600w, https:\/\/green-liberty.org\/ctp\/wp-content\/uploads\/2023\/08\/book_fear-no-evil_french-212x300.jpg 212w\" sizes=\"auto, (max-width: 600px) 100vw, 600px\" \/><\/figure>\n<\/figure>\n\n<\/div><\/div>\n\n<div class=\"gb-grid-column gb-grid-column-66e9d11a\"><div class=\"gb-container gb-container-66e9d11a\">\n\n<p class=\"has-medium-font-size\"><strong>Discours<\/strong><\/p>\n\n\n\n<p class=\"has-text-align-right\">Emanuel Pastreich<\/p>\n\n\n<div class=\"gb-container gb-container-b8b1b6df\">\n\n<\/div>\n\n\n<p>Une nouvelle alliance franco-am\u00e9ricaine<\/p>\n\n\n\n<p>Mesdames et Messieurs,<\/p>\n\n\n\n<p>Je m\u2019appelle Emanuel Pastreich et je suis tr\u00e8s heureux aujourd\u2019hui de vous pr\u00e9senter ma nouvelle vision de l\u2019alliance franco-am\u00e9ricaine<\/p>\n\n\n\n<p>C\u2019est une grande ironie de l\u2019histoire, sans doute soigneusement planifi\u00e9e par le Tout-Puissant, que j\u2019ai le m\u00eame nom que l\u2019actuel pr\u00e9sident de la R\u00e9publique fran\u00e7aise. Je n\u2019ai jamais rencontr\u00e9 Monsieur Macron, et je ne suis pas s\u00fbr qu\u2019il aurait le temps de rencontrer un humble universitaire comme moi, mais il y a tr\u00e8s certainement un message cach\u00e9 dans cette erreur du d\u00e9partement de planification des sph\u00e8res c\u00e9lestes.<\/p>\n\n<\/div><\/div>\n<\/div>\n<\/div>\n\n<div class=\"gb-container gb-container-20e00f90\">\n\n<div class=\"wp-block-group\"><div class=\"wp-block-group__inner-container is-layout-constrained wp-block-group-is-layout-constrained\">\n<div class=\"wp-block-columns is-layout-flex wp-container-core-columns-is-layout-9d6595d7 wp-block-columns-is-layout-flex\">\n<div class=\"wp-block-column is-layout-flow wp-block-column-is-layout-flow\" style=\"flex-basis:100%\">\n<div class=\"wp-block-columns is-layout-flex wp-container-core-columns-is-layout-9d6595d7 wp-block-columns-is-layout-flex\">\n<div class=\"wp-block-column is-layout-flow wp-block-column-is-layout-flow\" style=\"flex-basis:100%\"><div class=\"gb-grid-wrapper gb-grid-wrapper-921fed35\">\n<div class=\"gb-grid-column gb-grid-column-5c84b851\"><div class=\"gb-container gb-container-5c84b851\">\n\n<p class=\"has-text-align-left\">Bien s\u00fbr, je n\u2019\u00e9tais pas destin\u00e9 \u00e0 devenir le Pr\u00e9sident des \u00c9tats-Unis. Lorsque je me suis d\u00e9clar\u00e9 candidat ind\u00e9pendant \u00e0 la pr\u00e9sidence en f\u00e9vrier 2020, il \u00e9tait clair pour tout le monde qu\u2019une telle t\u00e2che sisyph\u00e9enne, une telle mission chevaleresque, \u00e9tait au mieux comique, path\u00e9tique, et qu\u2019elle m\u00e9ritait d\u2019\u00eatre \u00e9cart\u00e9e, et d\u2019\u00eatre tourn\u00e9e en d\u00e9rision, d\u00e8s le d\u00e9part.<\/p>\n\n\n\n<p class=\"has-text-align-left\">Et pourtant, et pourtant. La D\u00e9claration d\u2019ind\u00e9pendance des \u00c9tats-Unis ne stipule nulle part qu\u2019il faut \u00eatre soutenu par des banques d\u2019investissement et des soci\u00e9t\u00e9s multinationales pour pouvoir \u00eatre candidat \u00e0 la pr\u00e9sidence. Et nulle part la Constitution n\u2019indique que l\u2019on doit avoir \u00eatre sponsoris\u00e9 par les m\u00e9dias corporatifs corrompus avant de pouvoir devenir un candidat \u201cs\u00e9rieux\u201d.<\/p>\n\n\n\n<p class=\"has-text-align-left\">Et nulle part dans les \u00e9crits de Voltaire ou de Jean-Jacques Rousseau, de George Washington ou de Gilbert du Motier (le Marquis de Lafayette), qui ont d\u00e9nonc\u00e9 le r\u00e8gne de l\u2019argent et de l\u2019aristocratie, il n\u2019est dit qu\u2019il faut \u00eatre le chouchou d\u2019un millionnaire pour \u00eatre candidat.<\/p>\n\n\n\n<p class=\"has-text-align-left\">L\u2019esprit de la R\u00e9volution am\u00e9ricaine et de la R\u00e9volution fran\u00e7aise n\u2019inspire pas une unit\u00e9 des \u00c9tats-Unis et de la France bas\u00e9e sur la finance mondiale et sur la vente de mat\u00e9riel militaire, ou bas\u00e9e sur les accords de libre-\u00e9change et sur les caprices des super-riches.<\/p>\n\n\n\n<p class=\"has-text-align-left\">Lorsque nous cherchons les fondements de la solidarit\u00e9 entre nos deux nations, devons-nous parler de la lib\u00e9ralisation financi\u00e8re et des ventes d\u2019armes au Moyen-Orient ? Ou devons-nous plut\u00f4t parler des droits inviolables des hommes d\u00e9crits dans la Constitution am\u00e9ricaine et dans la D\u00e9claration des droits de l\u2019homme et du citoyen ?<\/p>\n\n\n\n<p class=\"has-text-align-left\">Nous devons nous rapprocher les uns des autres dans notre lutte pour notre avenir commun en tant que citoyens, et non en tant que banquiers et PDG (pr\u00e9sident-directeurs g\u00e9n\u00e9raux). Nous devons nous inspirer de notre histoire commune, de l\u2019appel lanc\u00e9 sur deux rives pour une v\u00e9ritable R\u00e9publique fond\u00e9e sur \u201cLibert\u00e9, \u00e9galit\u00e9, fraternit\u00e9\u201d.<\/p>\n\n\n\n<p class=\"has-text-align-left\">Cet esprit d\u00e9finit qui nous sommes, \u00e9tablit les fondements de nos gouvernements. Plus important encore, nos gouvernements ne sont l\u00e9gitimes que dans la mesure o\u00f9 ils se d\u00e9veloppent \u00e0 partir de ces racines communes. Aucune quantit\u00e9 d\u2019argent, aucune quantit\u00e9 de pouvoir, aucune quantit\u00e9 de contr\u00f4le sur les m\u00e9dias, aucun degr\u00e9 de manipulation des intellectuels publics influents, ou de la politique gouvernementale, ne peut supplanter ce pouvoir essentiel investi dans le peuple de France et des \u00c9tats-Unis par leurs fondateurs r\u00e9volutionnaires.<\/p>\n\n\n\n<p class=\"has-text-align-left\">En tant qu\u2019Am\u00e9ricain, mes liens avec la France et la culture fran\u00e7aise sont encore plus profonds.<\/p>\n\n\n\n<p class=\"has-text-align-left\">Ma m\u00e8re, Marie-Louise Rouff, ayant eu comme langue maternelle le fran\u00e7ais, est n\u00e9e et a grandi au Luxembourg.<\/p>\n\n\n\n<p class=\"has-text-align-left\">Son p\u00e8re, Louis Rouff, travaillait comme contr\u00f4leur des Contributions et Accises pour le gouvernement du Luxembourg.<\/p>\n\n\n\n<p class=\"has-text-align-left\">Il s\u2019\u00e9tait profond\u00e9ment investi dans les d\u00e9bats intellectuels et politiques de la France des ann\u00e9es 1930 et 1940.<\/p>\n\n\n\n<p class=\"has-text-align-left\">C\u2019est mon grand-p\u00e8re Louis Rouff qui m\u2019a incit\u00e9 \u00e0 entrer dans le domaine de la politique, non pas comme un initi\u00e9 qui flatte les riches et qui prie devant l\u2019autel des m\u00e9dias d\u2019entreprise, mais plut\u00f4t comme quelqu\u2019un qui essaie de ramener la politique vers la gouvernance, vers le peuple, en accord avec les principes de la Constitution.<\/p>\n\n\n\n<p class=\"has-text-align-left\">Mon grand-p\u00e8re faisait partie de la poign\u00e9e de bureaucrates qui ont refus\u00e9 de rejoindre le Parti nazi apr\u00e8s l\u2019annexion du Luxembourg par l\u2019Allemagne. Il a \u00e9t\u00e9 renvoy\u00e9 de son poste pour cette raison. On le consid\u00e9rait comme un imb\u00e9cile pour avoir fait tout un plat de cette affaire mineure \u2013 ce n\u2019\u00e9tait pas comme refuser un vaccin !<\/p>\n\n\n\n<p class=\"has-text-align-left\">Mon grand-p\u00e8re a v\u00e9cu en marge de la soci\u00e9t\u00e9 par la suite, au bord de la pauvret\u00e9 ou de l\u2019emprisonnement. Ses amis, en revanche, ont fait de leur mieux pour s\u2019acoquiner avec les Allemands.<\/p>\n\n\n\n<p class=\"has-text-align-left\">Mon grand-p\u00e8re s\u2019est inspir\u00e9 de la coalition du Front populaire de L\u00e9on Blum et de la tentative courageuse, mais finalement tragique, de former une alliance paneurop\u00e9enne contre le fascisme.<\/p>\n\n\n\n<p class=\"has-text-align-left\">Je savais peu de choses sur ce qui s\u2019est pass\u00e9 \u00e0 l\u2019\u00e9poque, mais lorsque j\u2019ai \u00e9cout\u00e9 les discours de Blum r\u00e9cemment, j\u2019ai eu l\u2019impression qu\u2019il parlait de la lutte contre la COVID-19, contre le bio-fascisme, dans laquelle nous sommes engag\u00e9s aujourd\u2019hui.<\/p>\n\n\n\n<p class=\"has-text-align-left\">Ma m\u00e8re me parlait en fran\u00e7ais quand j\u2019\u00e9tais petit et donc mes premiers mots \u00e9taient fran\u00e7ais. Ma m\u00e8re a racont\u00e9 que mon premier mot \u00e9tait \u201cfleur\u201d. On peut dire que le fran\u00e7ais est ma langue maternelle. Mais malheureusement, ayant \u00e9tudi\u00e9 aux \u00c9tats-Unis, puis en Asie, je n\u2019ai pas eu l\u2019occasion d\u2019utiliser le fran\u00e7ais.<\/p>\n\n\n\n<p class=\"has-text-align-left\">La France est le partenaire le plus critique pour les \u00c9tats-Unis. Mais Goldman Sachs, Bill Gates et Jeff Bezos n\u2019ont rien \u00e0 voir avec ce partenariat, cette fraternit\u00e9 de sang.<\/p>\n\n\n\n<p class=\"has-text-align-left\">Non ! Notre alliance remonte \u00e0 Voltaire, \u00e0 Jean-Jacques Rousseau, \u00e0 la R\u00e9volution am\u00e9ricaine et fran\u00e7aise, au combat pour la d\u00e9mocratie et l\u2019\u00e9galit\u00e9 d\u2019\u00c9mile Zola, au moment du proc\u00e8s d\u2019Alfred Dreyfus, \u00e0 la bataille de Jean Jaur\u00e8s contre la volont\u00e9 de guerre mondiale, et au front uni contre le fascisme des ann\u00e9es 1930.<\/p>\n\n\n\n<p class=\"has-text-align-left\">J\u2019ai trouv\u00e9 dans ces intellectuels fran\u00e7ais du pass\u00e9 un mod\u00e8le de la mani\u00e8re de s\u2019engager v\u00e9ritablement en politique, et de risquer sa vie, dans la poursuite de la justice pour l\u2019homme commun, pour la femme commune. Dans mes moments les plus sombres, alors que j\u2019essayais de mener seul une campagne pr\u00e9sidentielle, ces leaders fran\u00e7ais de la pens\u00e9e et de l\u2019action m\u2019ont inspir\u00e9 en me disant :<\/p>\n\n\n\n<p class=\"has-text-align-left\">\u00ab&nbsp;Les repr\u00e9sentants du people constitu\u00e9s en Assembl\u00e9e nationale, consid\u00e9rant que l\u2019ignorance, l\u2019oubli ou &nbsp;&nbsp;&nbsp;&nbsp;&nbsp;&nbsp;&nbsp;&nbsp;&nbsp;le m\u00e9pris des droits de l\u2019homme sont les seules causes des malheurs publics et de la corruption des gouvernements, ont r\u00e9solu d\u2019exposer, dans une d\u00e9claration solennelle, les droits naturels, inali\u00e9nables et sacr\u00e9s de l\u2019homme.&nbsp;\u00bb<\/p>\n\n\n\n<p class=\"has-text-align-left\">Je vous remercie pour votre attention.<\/p>\n\n\n\n<p><a href=\"https:\/\/emanuelprez.substack.com\/p\/une-nouvelle-alliance-franco-americaine-5aa\">Une nouvelle alliance franco-am\u00e9ricaine (substack.com)<\/a><\/p>\n\n\n\n<p><\/p>\n\n\n\n<hr class=\"wp-block-separator has-alpha-channel-opacity\"\/>\n\n\n\n<h2 class=\"wp-block-heading has-text-align-left\" id=\"h-rejoignez-nous\"><strong>REJOIGNEZ-NOUS!<\/strong><\/h2>\n\n\n\n<p class=\"has-text-align-left\"><strong>Emanuel Pastreich Pr\u00e9sident<\/strong>&nbsp;(Emanuel for President) s\u2019adresse aaux gens ordinaires qui en ont assez de voir les \u00c9tats-Unis \u00eatre occup\u00e9s par des int\u00e9r\u00eats financiers mondiaux qui se cachent derri\u00e8re des masques progressistes ou conservateurs alors qu\u2019ils s\u00e8ment la destruction \u00e0 l\u2019image d\u2019un impitoyable tueur en s\u00e9rie.<\/p>\n\n\n\n<p class=\"has-text-align-left\">Rejoignez-nous d\u00e8s aujourd\u2019hui dans cette campagne pour \u00e9lire Emanuel Pastreich \u00e0 la pr\u00e9sidence des \u00c9tats-Unis, en tant que v\u00e9ritable ind\u00e9pendant, qui ne per\u00e7oit pas un centime des banques d\u2019investissement ou des int\u00e9r\u00eats des entreprises.<\/p>\n\n\n\n<p class=\"has-text-align-left\">Selon Emanuel Pastreich,<\/p>\n\n\n\n<h5 class=\"wp-block-heading has-text-align-left\" id=\"h-les-etats-unis-sont-une-republique-et-une-democratie-pas-une-tyrannie-et-une-psychopathocratie\">\u201cLes \u00c9tats-Unis sont une r\u00e9publique et une d\u00e9mocratie, pas une tyrannie et une psychopathocratie.<\/h5>\n\n\n\n<h5 class=\"wp-block-heading has-text-align-left\" id=\"h-je-peux-etre-elu-president-je-peux-finir-ma-vie-dans-l-extreme-pauvrete-ce-dont-il-n-y-a-pas-a-avoir-honte-je-peux-finir-enferme-dans-une-prison-ou-dans-un-hopital-psychiatrique-sur-la-base-d-accusations-inventees-de-toutes-pieces-ou-je-peux-etre-retrouve-mort-flottant-dans-une-riviere-ces-hypotheses-sont-vraiment-mais-vraiment-sans-importance\">Je peux \u00eatre \u00e9lu pr\u00e9sident. Je peux finir ma vie dans l\u2019extr\u00eame pauvret\u00e9 \u2013 ce dont il n\u2019y a pas \u00e0 avoir honte. Je peux finir enferm\u00e9 dans une prison ou dans un h\u00f4pital psychiatrique sur la base d\u2019accusations invent\u00e9es de toutes pi\u00e8ces, ou je peux \u00eatre retrouv\u00e9 mort, flottant dans une rivi\u00e8re. Ces hypoth\u00e8ses sont vraiment, mais vraiment, sans importance.<\/h5>\n\n\n\n<h5 class=\"wp-block-heading has-text-align-left\" id=\"h-ce-que-je-vous-promets-c-est-que-warren-buffet-bill-gates-elon-musk-jeff-bezos-et-le-reste-de-cette-equipe-de-techno-tyrans-et-de-bio-fascistes-a-washington-ou-a-berlin-a-tokyo-ou-a-moscou-a-londres-ou-a-pekin-vont-tomber-ils-seront-punis-et-leurs-veritables-crimes-seront-exposes-au-monde-entier-ne-nous-soucions-pas-du-nombre-de-politiciens-qu-ils-ont-sous-la-main-des-milliards-qu-ils-pretendent-posseder-ou-du-nombre-de-celebrites-et-d-autorites-qu-ils-gardent-comme-animaux-domestiques\">Ce que je vous promets, c\u2019est que Warren Buffet, Bill Gates, Elon Musk, Jeff Bezos, et le reste de cette \u00e9quipe de techno-tyrans et de bio-fascistes \u00e0 Washington ou \u00e0 Berlin, \u00e0 Tokyo ou \u00e0 Moscou, \u00e0 Londres ou \u00e0 P\u00e9kin, vont tomber. Ils seront punis et leurs v\u00e9ritables crimes seront expos\u00e9s au monde entier. Ne nous soucions pas du nombre de politiciens qu\u2019ils ont sous la main, des milliards qu\u2019ils pr\u00e9tendent poss\u00e9der, ou du nombre de c\u00e9l\u00e9brit\u00e9s et d\u2019autorit\u00e9s qu\u2019ils gardent comme animaux domestiques.\u201d<\/h5>\n\n<\/div><\/div>\n<\/div><\/div>\n<\/div>\n<\/div>\n<\/div>\n\n\n<div class=\"gb-container gb-container-9b4a556c\">\n\n<figure class=\"wp-block-video\"><\/figure>\n\n\n\n<p><br>Rejoignez-nous d\u00e8s maintenant en \u00e9crivant \u00e0&nbsp;<a href=\"mailto:epastreich@protonmail.com\">epastreich@protonmail.com<\/a><\/p>\n\n\n\n<p><a href=\"https:\/\/youtu.be\/K_-ku5-olIM\">Watch video (regarder la vid\u00e9o)<\/a><\/p>\n\n<\/div><\/div><\/div>\n\n<\/div>\n\n<div class=\"gb-container gb-container-0342e94c\">\n<div class=\"gb-grid-wrapper gb-grid-wrapper-16a74dcc download-btn\">\n<div class=\"gb-grid-column gb-grid-column-1a2b224e\"><div class=\"gb-container gb-container-1a2b224e\">\n<div class=\"gb-container gb-container-e8d2a878\">\n\n<div class=\"wp-block-buttons is-layout-flex wp-block-buttons-is-layout-flex\">\n<div class=\"wp-block-button is-style-fill\"><a class=\"wp-block-button__link has-accent-background-color has-background wp-element-button\" href=\"https:\/\/green-liberty.org\/ctp\/wp-content\/uploads\/2023\/08\/fear_no_evil_ebook_french.pdf\" style=\"border-radius:0px\" target=\"_blank\" rel=\"noopener\">Download pdf (T\u00e9l\u00e9charger le PDF)<\/a><\/div>\n<\/div>\n\n<\/div>\n<\/div><\/div>\n<\/div>\n<\/div>","protected":false},"excerpt":{"rendered":"<p>Fran\u00e7ais JE NE CRAINS AUCUN MAL Rejoignez-nous d\u00e8s maintenant en \u00e9crivant \u00e0&nbsp;epastreich@protonmail.com Watch video (regarder la vid\u00e9o)<\/p>\n","protected":false},"author":1,"featured_media":0,"parent":0,"menu_order":0,"comment_status":"closed","ping_status":"closed","template":"","meta":{"footnotes":""},"class_list":["post-914","page","type-page","status-publish"],"yoast_head":"<!-- This site is optimized with the Yoast SEO Premium plugin v20.8 (Yoast SEO v27.4) - https:\/\/yoast.com\/product\/yoast-seo-premium-wordpress\/ -->\n<title>Fran\u00e7ais - The Center for Truth Politics<\/title>\n<meta name=\"description\" content=\"Fran\u00e7ais\" \/>\n<meta name=\"robots\" content=\"index, follow, max-snippet:-1, max-image-preview:large, max-video-preview:-1\" \/>\n<link rel=\"canonical\" href=\"https:\/\/green-liberty.org\/ctp\/francais\/\" \/>\n<meta property=\"og:locale\" content=\"en_US\" \/>\n<meta property=\"og:type\" content=\"article\" \/>\n<meta property=\"og:title\" content=\"Fran\u00e7ais\" \/>\n<meta property=\"og:description\" content=\"Fran\u00e7ais\" \/>\n<meta property=\"og:url\" content=\"https:\/\/green-liberty.org\/ctp\/francais\/\" \/>\n<meta property=\"og:site_name\" content=\"The Center for Truth Politics\" \/>\n<meta property=\"article:modified_time\" content=\"2024-03-18T15:20:31+00:00\" \/>\n<meta property=\"og:image\" content=\"https:\/\/emanuelpastreich24.org\/wp-content\/uploads\/2023\/08\/book_fear-no-evil_french.jpg\" \/>\n<meta name=\"twitter:card\" content=\"summary_large_image\" \/>\n<meta name=\"twitter:label1\" content=\"Est. reading time\" \/>\n\t<meta name=\"twitter:data1\" content=\"6 minutes\" \/>\n<script type=\"application\/ld+json\" class=\"yoast-schema-graph\">{\"@context\":\"https:\\\/\\\/schema.org\",\"@graph\":[{\"@type\":\"Article\",\"@id\":\"https:\\\/\\\/green-liberty.org\\\/ctp\\\/francais\\\/#article\",\"isPartOf\":{\"@id\":\"https:\\\/\\\/green-liberty.org\\\/ctp\\\/francais\\\/\"},\"author\":{\"name\":\"Emanuel\",\"@id\":\"https:\\\/\\\/green-liberty.org\\\/ctp\\\/#\\\/schema\\\/person\\\/a112bbbf05b30d34be7e1dc7797b9d16\"},\"headline\":\"Fran\u00e7ais\",\"datePublished\":\"2023-08-19T06:48:49+00:00\",\"dateModified\":\"2024-03-18T15:20:31+00:00\",\"mainEntityOfPage\":{\"@id\":\"https:\\\/\\\/green-liberty.org\\\/ctp\\\/francais\\\/\"},\"wordCount\":1525,\"publisher\":{\"@id\":\"https:\\\/\\\/green-liberty.org\\\/ctp\\\/#\\\/schema\\\/person\\\/a112bbbf05b30d34be7e1dc7797b9d16\"},\"image\":{\"@id\":\"https:\\\/\\\/green-liberty.org\\\/ctp\\\/francais\\\/#primaryimage\"},\"thumbnailUrl\":\"https:\\\/\\\/green-liberty.org\\\/ctp\\\/wp-content\\\/uploads\\\/2023\\\/08\\\/book_fear-no-evil_french.jpg\",\"inLanguage\":\"en-US\"},{\"@type\":\"WebPage\",\"@id\":\"https:\\\/\\\/green-liberty.org\\\/ctp\\\/francais\\\/\",\"url\":\"https:\\\/\\\/green-liberty.org\\\/ctp\\\/francais\\\/\",\"name\":\"Fran\u00e7ais - The Center for Truth Politics\",\"isPartOf\":{\"@id\":\"https:\\\/\\\/green-liberty.org\\\/ctp\\\/#website\"},\"primaryImageOfPage\":{\"@id\":\"https:\\\/\\\/green-liberty.org\\\/ctp\\\/francais\\\/#primaryimage\"},\"image\":{\"@id\":\"https:\\\/\\\/green-liberty.org\\\/ctp\\\/francais\\\/#primaryimage\"},\"thumbnailUrl\":\"https:\\\/\\\/green-liberty.org\\\/ctp\\\/wp-content\\\/uploads\\\/2023\\\/08\\\/book_fear-no-evil_french.jpg\",\"datePublished\":\"2023-08-19T06:48:49+00:00\",\"dateModified\":\"2024-03-18T15:20:31+00:00\",\"description\":\"Fran\u00e7ais\",\"breadcrumb\":{\"@id\":\"https:\\\/\\\/green-liberty.org\\\/ctp\\\/francais\\\/#breadcrumb\"},\"inLanguage\":\"en-US\",\"potentialAction\":[{\"@type\":\"ReadAction\",\"target\":[\"https:\\\/\\\/green-liberty.org\\\/ctp\\\/francais\\\/\"]}]},{\"@type\":\"ImageObject\",\"inLanguage\":\"en-US\",\"@id\":\"https:\\\/\\\/green-liberty.org\\\/ctp\\\/francais\\\/#primaryimage\",\"url\":\"https:\\\/\\\/green-liberty.org\\\/ctp\\\/wp-content\\\/uploads\\\/2023\\\/08\\\/book_fear-no-evil_french.jpg\",\"contentUrl\":\"https:\\\/\\\/green-liberty.org\\\/ctp\\\/wp-content\\\/uploads\\\/2023\\\/08\\\/book_fear-no-evil_french.jpg\",\"width\":600,\"height\":849},{\"@type\":\"BreadcrumbList\",\"@id\":\"https:\\\/\\\/green-liberty.org\\\/ctp\\\/francais\\\/#breadcrumb\",\"itemListElement\":[{\"@type\":\"ListItem\",\"position\":1,\"name\":\"Home\",\"item\":\"https:\\\/\\\/green-liberty.org\\\/ctp\\\/\"},{\"@type\":\"ListItem\",\"position\":2,\"name\":\"Fran\u00e7ais\"}]},{\"@type\":\"WebSite\",\"@id\":\"https:\\\/\\\/green-liberty.org\\\/ctp\\\/#website\",\"url\":\"https:\\\/\\\/green-liberty.org\\\/ctp\\\/\",\"name\":\"The Center for Truth Politics\",\"description\":\"The Center for Truth Politics in the United States, led by Emanuel Pastreich\",\"publisher\":{\"@id\":\"https:\\\/\\\/green-liberty.org\\\/ctp\\\/#\\\/schema\\\/person\\\/a112bbbf05b30d34be7e1dc7797b9d16\"},\"alternateName\":\"The Center for Truth Politics, let by Emanuel Pastreich\",\"potentialAction\":[{\"@type\":\"SearchAction\",\"target\":{\"@type\":\"EntryPoint\",\"urlTemplate\":\"https:\\\/\\\/green-liberty.org\\\/ctp\\\/?s={search_term_string}\"},\"query-input\":{\"@type\":\"PropertyValueSpecification\",\"valueRequired\":true,\"valueName\":\"search_term_string\"}}],\"inLanguage\":\"en-US\"},{\"@type\":[\"Person\",\"Organization\"],\"@id\":\"https:\\\/\\\/green-liberty.org\\\/ctp\\\/#\\\/schema\\\/person\\\/a112bbbf05b30d34be7e1dc7797b9d16\",\"name\":\"Emanuel\",\"image\":{\"@type\":\"ImageObject\",\"inLanguage\":\"en-US\",\"@id\":\"https:\\\/\\\/secure.gravatar.com\\\/avatar\\\/?s=96&d=mm&r=g\",\"url\":\"https:\\\/\\\/secure.gravatar.com\\\/avatar\\\/?s=96&d=mm&r=g\",\"contentUrl\":\"https:\\\/\\\/secure.gravatar.com\\\/avatar\\\/?s=96&d=mm&r=g\",\"caption\":\"Emanuel\"},\"logo\":{\"@id\":\"https:\\\/\\\/secure.gravatar.com\\\/avatar\\\/?s=96&d=mm&r=g\"},\"url\":\"https:\\\/\\\/green-liberty.org\\\/ctp\\\/author\\\/admin_ctp\\\/\"}]}<\/script>\n<!-- \/ Yoast SEO Premium plugin. -->","yoast_head_json":{"title":"Fran\u00e7ais - The Center for Truth Politics","description":"Fran\u00e7ais","robots":{"index":"index","follow":"follow","max-snippet":"max-snippet:-1","max-image-preview":"max-image-preview:large","max-video-preview":"max-video-preview:-1"},"canonical":"https:\/\/green-liberty.org\/ctp\/francais\/","og_locale":"en_US","og_type":"article","og_title":"Fran\u00e7ais","og_description":"Fran\u00e7ais","og_url":"https:\/\/green-liberty.org\/ctp\/francais\/","og_site_name":"The Center for Truth Politics","article_modified_time":"2024-03-18T15:20:31+00:00","og_image":[{"url":"https:\/\/emanuelpastreich24.org\/wp-content\/uploads\/2023\/08\/book_fear-no-evil_french.jpg","type":"","width":"","height":""}],"twitter_card":"summary_large_image","twitter_misc":{"Est. reading time":"6 minutes"},"schema":{"@context":"https:\/\/schema.org","@graph":[{"@type":"Article","@id":"https:\/\/green-liberty.org\/ctp\/francais\/#article","isPartOf":{"@id":"https:\/\/green-liberty.org\/ctp\/francais\/"},"author":{"name":"Emanuel","@id":"https:\/\/green-liberty.org\/ctp\/#\/schema\/person\/a112bbbf05b30d34be7e1dc7797b9d16"},"headline":"Fran\u00e7ais","datePublished":"2023-08-19T06:48:49+00:00","dateModified":"2024-03-18T15:20:31+00:00","mainEntityOfPage":{"@id":"https:\/\/green-liberty.org\/ctp\/francais\/"},"wordCount":1525,"publisher":{"@id":"https:\/\/green-liberty.org\/ctp\/#\/schema\/person\/a112bbbf05b30d34be7e1dc7797b9d16"},"image":{"@id":"https:\/\/green-liberty.org\/ctp\/francais\/#primaryimage"},"thumbnailUrl":"https:\/\/green-liberty.org\/ctp\/wp-content\/uploads\/2023\/08\/book_fear-no-evil_french.jpg","inLanguage":"en-US"},{"@type":"WebPage","@id":"https:\/\/green-liberty.org\/ctp\/francais\/","url":"https:\/\/green-liberty.org\/ctp\/francais\/","name":"Fran\u00e7ais - The Center for Truth Politics","isPartOf":{"@id":"https:\/\/green-liberty.org\/ctp\/#website"},"primaryImageOfPage":{"@id":"https:\/\/green-liberty.org\/ctp\/francais\/#primaryimage"},"image":{"@id":"https:\/\/green-liberty.org\/ctp\/francais\/#primaryimage"},"thumbnailUrl":"https:\/\/green-liberty.org\/ctp\/wp-content\/uploads\/2023\/08\/book_fear-no-evil_french.jpg","datePublished":"2023-08-19T06:48:49+00:00","dateModified":"2024-03-18T15:20:31+00:00","description":"Fran\u00e7ais","breadcrumb":{"@id":"https:\/\/green-liberty.org\/ctp\/francais\/#breadcrumb"},"inLanguage":"en-US","potentialAction":[{"@type":"ReadAction","target":["https:\/\/green-liberty.org\/ctp\/francais\/"]}]},{"@type":"ImageObject","inLanguage":"en-US","@id":"https:\/\/green-liberty.org\/ctp\/francais\/#primaryimage","url":"https:\/\/green-liberty.org\/ctp\/wp-content\/uploads\/2023\/08\/book_fear-no-evil_french.jpg","contentUrl":"https:\/\/green-liberty.org\/ctp\/wp-content\/uploads\/2023\/08\/book_fear-no-evil_french.jpg","width":600,"height":849},{"@type":"BreadcrumbList","@id":"https:\/\/green-liberty.org\/ctp\/francais\/#breadcrumb","itemListElement":[{"@type":"ListItem","position":1,"name":"Home","item":"https:\/\/green-liberty.org\/ctp\/"},{"@type":"ListItem","position":2,"name":"Fran\u00e7ais"}]},{"@type":"WebSite","@id":"https:\/\/green-liberty.org\/ctp\/#website","url":"https:\/\/green-liberty.org\/ctp\/","name":"The Center for Truth Politics","description":"The Center for Truth Politics in the United States, led by Emanuel Pastreich","publisher":{"@id":"https:\/\/green-liberty.org\/ctp\/#\/schema\/person\/a112bbbf05b30d34be7e1dc7797b9d16"},"alternateName":"The Center for Truth Politics, let by Emanuel Pastreich","potentialAction":[{"@type":"SearchAction","target":{"@type":"EntryPoint","urlTemplate":"https:\/\/green-liberty.org\/ctp\/?s={search_term_string}"},"query-input":{"@type":"PropertyValueSpecification","valueRequired":true,"valueName":"search_term_string"}}],"inLanguage":"en-US"},{"@type":["Person","Organization"],"@id":"https:\/\/green-liberty.org\/ctp\/#\/schema\/person\/a112bbbf05b30d34be7e1dc7797b9d16","name":"Emanuel","image":{"@type":"ImageObject","inLanguage":"en-US","@id":"https:\/\/secure.gravatar.com\/avatar\/?s=96&d=mm&r=g","url":"https:\/\/secure.gravatar.com\/avatar\/?s=96&d=mm&r=g","contentUrl":"https:\/\/secure.gravatar.com\/avatar\/?s=96&d=mm&r=g","caption":"Emanuel"},"logo":{"@id":"https:\/\/secure.gravatar.com\/avatar\/?s=96&d=mm&r=g"},"url":"https:\/\/green-liberty.org\/ctp\/author\/admin_ctp\/"}]}},"_links":{"self":[{"href":"https:\/\/green-liberty.org\/ctp\/wp-json\/wp\/v2\/pages\/914","targetHints":{"allow":["GET"]}}],"collection":[{"href":"https:\/\/green-liberty.org\/ctp\/wp-json\/wp\/v2\/pages"}],"about":[{"href":"https:\/\/green-liberty.org\/ctp\/wp-json\/wp\/v2\/types\/page"}],"author":[{"embeddable":true,"href":"https:\/\/green-liberty.org\/ctp\/wp-json\/wp\/v2\/users\/1"}],"replies":[{"embeddable":true,"href":"https:\/\/green-liberty.org\/ctp\/wp-json\/wp\/v2\/comments?post=914"}],"version-history":[{"count":16,"href":"https:\/\/green-liberty.org\/ctp\/wp-json\/wp\/v2\/pages\/914\/revisions"}],"predecessor-version":[{"id":5817,"href":"https:\/\/green-liberty.org\/ctp\/wp-json\/wp\/v2\/pages\/914\/revisions\/5817"}],"wp:attachment":[{"href":"https:\/\/green-liberty.org\/ctp\/wp-json\/wp\/v2\/media?parent=914"}],"curies":[{"name":"wp","href":"https:\/\/api.w.org\/{rel}","templated":true}]}}