{"id":861,"date":"2023-08-17T08:39:52","date_gmt":"2023-08-17T08:39:52","guid":{"rendered":"https:\/\/www.worldsupport.jp\/dev\/wp_sandbox1\/?page_id=861"},"modified":"2024-03-18T15:20:31","modified_gmt":"2024-03-18T15:20:31","slug":"romana","status":"publish","type":"page","link":"https:\/\/green-liberty.org\/ctp\/romana\/","title":{"rendered":"ROM\u00c2N\u0102"},"content":{"rendered":"<div class=\"gb-container gb-container-84dbe6f3 alignfull\">\n\n<h2 class=\"gb-headline gb-headline-3a49f21d gb-headline-text\"><strong>Rom\u00e2n\u0103<\/strong><\/h2>\n\n<\/div>\n\n<div class=\"gb-container gb-container-baee883e\">\n\n<h2 class=\"gb-headline gb-headline-b833639a gb-headline-text\"><strong>NU V\u0102 TEME\u021aI DE R\u0102U<\/strong><\/h2>\n\n\n<div class=\"gb-grid-wrapper gb-grid-wrapper-fc1125cc\">\n<div class=\"gb-grid-column gb-grid-column-d8e03f1a\"><div class=\"gb-container gb-container-d8e03f1a\">\n\n<figure class=\"wp-block-gallery has-nested-images columns-default is-cropped wp-block-gallery-1 is-layout-flex wp-block-gallery-is-layout-flex\">\n<figure class=\"wp-block-image alignwide size-full\"><img loading=\"lazy\" decoding=\"async\" width=\"712\" height=\"1024\" data-id=\"862\" src=\"https:\/\/green-liberty.org\/ctp\/wp-content\/uploads\/2023\/08\/book_fear-no-evil_romanian.png\" alt=\"\" class=\"wp-image-862\" srcset=\"https:\/\/green-liberty.org\/ctp\/wp-content\/uploads\/2023\/08\/book_fear-no-evil_romanian.png 712w, https:\/\/green-liberty.org\/ctp\/wp-content\/uploads\/2023\/08\/book_fear-no-evil_romanian-209x300.png 209w\" sizes=\"auto, (max-width: 712px) 100vw, 712px\" \/><\/figure>\n<\/figure>\n\n<\/div><\/div>\n\n<div class=\"gb-grid-column gb-grid-column-66e9d11a\"><div class=\"gb-container gb-container-66e9d11a\">\n\n<p><br>Emanuel Pastreich<\/p>\n\n\n\n<p>Am fost foarte impresionat \u0219i onorat s\u0103 aflu c\u0103 Cristina Parvu a fost disponibil\u0103 s\u0103 traduc\u0103 lucrarea mea \u00ab&nbsp;I Shall Fear no Evil&nbsp;\u00bb \u00een limba rom\u00e2n\u0103, pentru ca onorabilii locuitori ai acestei remarcabile na\u021biuni s\u0103 poat\u0103 citi ceea ce am \u00eencercat s\u0103 scriu, s\u0103 descriu \u0219i s\u0103 propun. Dar ceea ce pentru mine este \u0219i mai important: sper c\u0103 faptul c\u0103 discursurile mele vor fi disponibile \u0219i \u00een limba rom\u00e2n\u0103, s\u0103 \u00eemi dea prilegiul de a avea acces direct la opiniile, ideile, sfaturile si \u00een\u021belepciunea poporului rom\u00e2n.<\/p>\n\n\n\n<p>Rom\u00e2nia nu este o na\u021biune de neglijat, ea lupt\u00e2nd pe toate fronturile pentru identitatea sa cultural\u0103, pentru politica sa \u0219i pentru faptul c\u0103 a \u021binut piept cu succes marilor puteri mondiale mult mai puternice, imperiilor vaste, timp de peste dou\u0103 mii de ani. Rom\u00e2nii au dus aceast\u0103 lupt\u0103 ca un \u00eentreg, p\u0103str\u00e2nd diversitatea local\u0103 \u0219i aceast\u0103 pe plan cultural, intelectual, politic \u0219i militar.<\/p>\n\n\n\n<p>\u00cen istoria recent\u0103, aceast\u0103 lupt\u0103 a fost dus\u0103 \u00eempotriva cruntei puteri culturale \u0219i institu\u021bionale a Imperiului otoman. Rom\u00e2nia a r\u0103mas puternic\u0103, chiar sub presiune extrem\u0103 \u0219i au supravie\u021buit asalturilor, \u00een timp ce alte popoare vecine au disp\u0103rut.<\/p>\n\n\n\n<p>Secolul trecut, Rom\u00e2nia a luptat pentru a-\u0219i p\u0103stra identitatea, cultura pur\u0103 \u0219i direct\u0103, dar demn\u0103 \u0219i implicat\u0103, men\u021bin\u00e2ndu-\u0219i diversitatea local\u0103 din satele situate de-a lungul Dun\u0103rii, \u00een fermele mici cuib\u0103rite \u00een straturile de smarald \u0219i \u00een satele de pescari de la Marea Neagr\u0103.<\/p>\n\n\n\n<p>Lupta pentru supravie\u021buire era aproape imposibil\u0103, fie c\u0103 ne referim la domina\u021bia cultural\u0103 \u0219i politic\u0103 a Imperiului \u021barist, apoi a Rusiei comuniste de la est, sau la presiunile Imperiului austro-ungar, apoi la r\u0103zboiul de exterminare al celui de-al treilea Reich nem\u021besc, de la vest.<\/p>\n\n<\/div><\/div>\n<\/div>\n<\/div>\n\n<div class=\"gb-container gb-container-20e00f90\">\n\n<div class=\"wp-block-group\"><div class=\"wp-block-group__inner-container is-layout-constrained wp-block-group-is-layout-constrained\">\n<div class=\"wp-block-columns is-layout-flex wp-container-core-columns-is-layout-9d6595d7 wp-block-columns-is-layout-flex\">\n<div class=\"wp-block-column is-layout-flow wp-block-column-is-layout-flow\" style=\"flex-basis:100%\">\n<div class=\"wp-block-columns is-layout-flex wp-container-core-columns-is-layout-9d6595d7 wp-block-columns-is-layout-flex\">\n<div class=\"wp-block-column is-layout-flow wp-block-column-is-layout-flow\" style=\"flex-basis:100%\"><div class=\"gb-grid-wrapper gb-grid-wrapper-921fed35\">\n<div class=\"gb-grid-column gb-grid-column-5c84b851\"><div class=\"gb-container gb-container-5c84b851\">\n\n<p class=\"has-text-align-left\">\u00cen ziua de azi, lupta \u00eempotriva bio-fascismului, \u00eempotriva tiraniei tehnologice conduse de b\u0103ncile multina\u021bionale, societ\u0103\u021bile multina\u021bionale \u0219i foarte bogate care se ascund \u00een spatele lor, este o lupt\u0103 f\u0103r\u0103 grani\u021be, fara diviziuni culturale \u0219i f\u0103r\u0103 politici clare.<\/p>\n\n\n\n<p class=\"has-text-align-left\">Acest nou imperiu este o putere malefic\u0103 invizibil\u0103, transparent\u0103 ochiului \u0219i capabil\u0103 s\u0103 capete \u00een mod constant noi forme \u00een func\u021bie de situa\u021bie \u0219i de ipotezele spectatorului.<\/p>\n\n\n\n<p class=\"has-text-align-left\">La nivelul cel mai profund, aceast\u0103 lupt\u0103 nu este diferit\u0103 de b\u0103t\u0103lia pe care Rom\u00e2nia a dus-o pentru supravie\u021buirea sa \u00een cursul ultimilor dou\u0103 mii de ani. Este o lupt\u0103 \u00eempotriva unui mare imperiu, de aceast\u0103 dat\u0103 un imperiu care \u00ee\u0219i ascunde natura \u00een spatele altor fa\u021bade \u0219i a altor titluri, pretinz\u00e2ndu-se azi progresist\u0103 \u0219i mai apoi conservatoare, azi oriental\u0103, m\u00e2ine occidental\u0103.<\/p>\n\n\n\n<p class=\"has-text-align-left\">Avem at\u00e2tea de \u00eenv\u0103\u021bat de la Rom\u00e2nia \u0219i de la angajamentul s\u0103u intransigent \u00een favoarea autodetermin\u0103rii \u0219i chiar acum este momentul cel mai critic.<\/p>\n\n\n\n<p class=\"has-text-align-left\">M\u0103 g\u00e2ndesc la asocia\u021bia Criterion format\u0103 \u00een anii 1930 la Bucuresti de istoricul Mircea Eliade, de filosoful Petru Comarnescu \u0219i dramaturgul Mihail Sebastian. S-au servit de cultur\u0103 pentru a crea un spa\u021biu pentru viziunea rom\u00e2n\u0103, \u00een mijlocul unui conflict ideologic.<\/p>\n\n\n\n<p class=\"has-text-align-left\">Sau filosoful Marin \u015etef\u0103nescu, care a sintetizat cuno\u0219tin\u021bele din toat\u0103 Europa pentru stabilirea unei perspective rom\u00e2ne\u0219ti distincte \u0219i de neclintit, de o auto reflexivitate puternic\u0103.<\/p>\n\n\n\n<p class=\"has-text-align-left\">Poate p\u0103rea ciudat c\u0103 un candidat la alegerile preziden\u021biale ale Statelor Unite s\u0103 vorbeasc\u0103 de puterea cultural\u0103 a Rom\u00e2niei \u0219i de istoria sa.<\/p>\n\n\n\n<p class=\"has-text-align-left\">S-ar putea crede c\u0103 un candidat ca mine se ocup\u0103 cu flatarea celor mai boga\u021bi \u0219i celor mai puternici, rug\u00e2ndu-se \u00een fa\u021ba altarului fals al b\u0103ncilor de investi\u021bii \u0219i dac\u0103 ar men\u021biona ceva despre Rom\u00e2nia, acest lucru ar fi pentru a vorbi despre acorduri de liber schimb, de schimburi valutare sau de cooperare militar\u0103 \u00eempotriva inamicilor reali, imaginari sau ipocri\u021bi.<\/p>\n\n\n\n<p class=\"has-text-align-left\">Dar nu m\u0103 adresez vou\u0103 \u00een treac\u0103t, ca unui accesoriu. V\u0103 solicit ajutorul \u0219i asisten\u021ba cu toat\u0103 sinceritatea \u00een aceast\u0103 lupt\u0103 de cump\u0103rare a umanit\u0103\u021bii, pentru a r\u0103spunde amenin\u021b\u0103rilor care apas\u0103 pe noi to\u021bi, vizibile sau invizibile, interne sau externe.<\/p>\n\n<\/div><\/div>\n<\/div><\/div>\n<\/div>\n<\/div>\n<\/div>\n<\/div><\/div>\n\n<\/div>\n\n<div class=\"gb-container gb-container-0342e94c\">\n<div class=\"gb-grid-wrapper gb-grid-wrapper-16a74dcc download-btn\">\n<div class=\"gb-grid-column gb-grid-column-1a2b224e\"><div class=\"gb-container gb-container-1a2b224e\">\n<div class=\"gb-container gb-container-e8d2a878\">\n\n<div class=\"wp-block-buttons is-content-justification-right is-layout-flex wp-container-core-buttons-is-layout-c688d3c3 wp-block-buttons-is-layout-flex\">\n<div class=\"wp-block-button white_btn is-style-fill\"><a class=\"wp-block-button__link has-contrast-2-background-color has-background wp-element-button\" href=\"https:\/\/green-liberty.org\/ctp\/wp-content\/uploads\/2023\/09\/fear_no_evil_ebook_romanian.pdf\" style=\"border-radius:0px\">Download (Descarca)<\/a><\/div>\n<\/div>\n\n<\/div>\n<\/div><\/div>\n<\/div>\n<\/div>","protected":false},"excerpt":{"rendered":"<p>Rom\u00e2n\u0103 NU V\u0102 TEME\u021aI DE R\u0102U<\/p>\n","protected":false},"author":1,"featured_media":0,"parent":0,"menu_order":0,"comment_status":"closed","ping_status":"closed","template":"","meta":{"footnotes":""},"class_list":["post-861","page","type-page","status-publish"],"yoast_head":"<!-- This site is optimized with the Yoast SEO Premium plugin v20.8 (Yoast SEO v27.4) - https:\/\/yoast.com\/product\/yoast-seo-premium-wordpress\/ -->\n<title>ROM\u00c2N\u0102 - The Center for Truth Politics<\/title>\n<meta name=\"description\" content=\"ROM\u00c2N\u0102\" \/>\n<meta name=\"robots\" content=\"index, follow, max-snippet:-1, max-image-preview:large, max-video-preview:-1\" \/>\n<link rel=\"canonical\" href=\"https:\/\/green-liberty.org\/ctp\/romana\/\" \/>\n<meta property=\"og:locale\" content=\"en_US\" \/>\n<meta property=\"og:type\" content=\"article\" \/>\n<meta property=\"og:title\" content=\"ROM\u00c2N\u0102\" \/>\n<meta property=\"og:description\" content=\"ROM\u00c2N\u0102\" \/>\n<meta property=\"og:url\" content=\"https:\/\/green-liberty.org\/ctp\/romana\/\" \/>\n<meta property=\"og:site_name\" content=\"The Center for Truth Politics\" \/>\n<meta property=\"article:modified_time\" content=\"2024-03-18T15:20:31+00:00\" \/>\n<meta property=\"og:image\" content=\"https:\/\/emanuelpastreich24.org\/wp-content\/uploads\/2023\/08\/book_fear-no-evil_romanian.png\" \/>\n<meta name=\"twitter:card\" content=\"summary_large_image\" \/>\n<meta name=\"twitter:label1\" content=\"Est. reading time\" \/>\n\t<meta name=\"twitter:data1\" content=\"4 minutes\" \/>\n<script type=\"application\/ld+json\" class=\"yoast-schema-graph\">{\"@context\":\"https:\\\/\\\/schema.org\",\"@graph\":[{\"@type\":\"Article\",\"@id\":\"https:\\\/\\\/green-liberty.org\\\/ctp\\\/romana\\\/#article\",\"isPartOf\":{\"@id\":\"https:\\\/\\\/green-liberty.org\\\/ctp\\\/romana\\\/\"},\"author\":{\"name\":\"Emanuel\",\"@id\":\"https:\\\/\\\/green-liberty.org\\\/ctp\\\/#\\\/schema\\\/person\\\/a112bbbf05b30d34be7e1dc7797b9d16\"},\"headline\":\"ROM\u00c2N\u0102\",\"datePublished\":\"2023-08-17T08:39:52+00:00\",\"dateModified\":\"2024-03-18T15:20:31+00:00\",\"mainEntityOfPage\":{\"@id\":\"https:\\\/\\\/green-liberty.org\\\/ctp\\\/romana\\\/\"},\"wordCount\":704,\"publisher\":{\"@id\":\"https:\\\/\\\/green-liberty.org\\\/ctp\\\/#\\\/schema\\\/person\\\/a112bbbf05b30d34be7e1dc7797b9d16\"},\"image\":{\"@id\":\"https:\\\/\\\/green-liberty.org\\\/ctp\\\/romana\\\/#primaryimage\"},\"thumbnailUrl\":\"https:\\\/\\\/green-liberty.org\\\/ctp\\\/wp-content\\\/uploads\\\/2023\\\/08\\\/book_fear-no-evil_romanian.png\",\"inLanguage\":\"en-US\"},{\"@type\":\"WebPage\",\"@id\":\"https:\\\/\\\/green-liberty.org\\\/ctp\\\/romana\\\/\",\"url\":\"https:\\\/\\\/green-liberty.org\\\/ctp\\\/romana\\\/\",\"name\":\"ROM\u00c2N\u0102 - The Center for Truth Politics\",\"isPartOf\":{\"@id\":\"https:\\\/\\\/green-liberty.org\\\/ctp\\\/#website\"},\"primaryImageOfPage\":{\"@id\":\"https:\\\/\\\/green-liberty.org\\\/ctp\\\/romana\\\/#primaryimage\"},\"image\":{\"@id\":\"https:\\\/\\\/green-liberty.org\\\/ctp\\\/romana\\\/#primaryimage\"},\"thumbnailUrl\":\"https:\\\/\\\/green-liberty.org\\\/ctp\\\/wp-content\\\/uploads\\\/2023\\\/08\\\/book_fear-no-evil_romanian.png\",\"datePublished\":\"2023-08-17T08:39:52+00:00\",\"dateModified\":\"2024-03-18T15:20:31+00:00\",\"description\":\"ROM\u00c2N\u0102\",\"breadcrumb\":{\"@id\":\"https:\\\/\\\/green-liberty.org\\\/ctp\\\/romana\\\/#breadcrumb\"},\"inLanguage\":\"en-US\",\"potentialAction\":[{\"@type\":\"ReadAction\",\"target\":[\"https:\\\/\\\/green-liberty.org\\\/ctp\\\/romana\\\/\"]}]},{\"@type\":\"ImageObject\",\"inLanguage\":\"en-US\",\"@id\":\"https:\\\/\\\/green-liberty.org\\\/ctp\\\/romana\\\/#primaryimage\",\"url\":\"https:\\\/\\\/green-liberty.org\\\/ctp\\\/wp-content\\\/uploads\\\/2023\\\/08\\\/book_fear-no-evil_romanian.png\",\"contentUrl\":\"https:\\\/\\\/green-liberty.org\\\/ctp\\\/wp-content\\\/uploads\\\/2023\\\/08\\\/book_fear-no-evil_romanian.png\",\"width\":712,\"height\":1024},{\"@type\":\"BreadcrumbList\",\"@id\":\"https:\\\/\\\/green-liberty.org\\\/ctp\\\/romana\\\/#breadcrumb\",\"itemListElement\":[{\"@type\":\"ListItem\",\"position\":1,\"name\":\"Home\",\"item\":\"https:\\\/\\\/green-liberty.org\\\/ctp\\\/\"},{\"@type\":\"ListItem\",\"position\":2,\"name\":\"ROM\u00c2N\u0102\"}]},{\"@type\":\"WebSite\",\"@id\":\"https:\\\/\\\/green-liberty.org\\\/ctp\\\/#website\",\"url\":\"https:\\\/\\\/green-liberty.org\\\/ctp\\\/\",\"name\":\"The Center for Truth Politics\",\"description\":\"The Center for Truth Politics in the United States, led by Emanuel Pastreich\",\"publisher\":{\"@id\":\"https:\\\/\\\/green-liberty.org\\\/ctp\\\/#\\\/schema\\\/person\\\/a112bbbf05b30d34be7e1dc7797b9d16\"},\"alternateName\":\"The Center for Truth Politics, let by Emanuel Pastreich\",\"potentialAction\":[{\"@type\":\"SearchAction\",\"target\":{\"@type\":\"EntryPoint\",\"urlTemplate\":\"https:\\\/\\\/green-liberty.org\\\/ctp\\\/?s={search_term_string}\"},\"query-input\":{\"@type\":\"PropertyValueSpecification\",\"valueRequired\":true,\"valueName\":\"search_term_string\"}}],\"inLanguage\":\"en-US\"},{\"@type\":[\"Person\",\"Organization\"],\"@id\":\"https:\\\/\\\/green-liberty.org\\\/ctp\\\/#\\\/schema\\\/person\\\/a112bbbf05b30d34be7e1dc7797b9d16\",\"name\":\"Emanuel\",\"image\":{\"@type\":\"ImageObject\",\"inLanguage\":\"en-US\",\"@id\":\"https:\\\/\\\/secure.gravatar.com\\\/avatar\\\/?s=96&d=mm&r=g\",\"url\":\"https:\\\/\\\/secure.gravatar.com\\\/avatar\\\/?s=96&d=mm&r=g\",\"contentUrl\":\"https:\\\/\\\/secure.gravatar.com\\\/avatar\\\/?s=96&d=mm&r=g\",\"caption\":\"Emanuel\"},\"logo\":{\"@id\":\"https:\\\/\\\/secure.gravatar.com\\\/avatar\\\/?s=96&d=mm&r=g\"},\"url\":\"https:\\\/\\\/green-liberty.org\\\/ctp\\\/author\\\/admin_ctp\\\/\"}]}<\/script>\n<!-- \/ Yoast SEO Premium plugin. -->","yoast_head_json":{"title":"ROM\u00c2N\u0102 - The Center for Truth Politics","description":"ROM\u00c2N\u0102","robots":{"index":"index","follow":"follow","max-snippet":"max-snippet:-1","max-image-preview":"max-image-preview:large","max-video-preview":"max-video-preview:-1"},"canonical":"https:\/\/green-liberty.org\/ctp\/romana\/","og_locale":"en_US","og_type":"article","og_title":"ROM\u00c2N\u0102","og_description":"ROM\u00c2N\u0102","og_url":"https:\/\/green-liberty.org\/ctp\/romana\/","og_site_name":"The Center for Truth Politics","article_modified_time":"2024-03-18T15:20:31+00:00","og_image":[{"url":"https:\/\/emanuelpastreich24.org\/wp-content\/uploads\/2023\/08\/book_fear-no-evil_romanian.png","type":"","width":"","height":""}],"twitter_card":"summary_large_image","twitter_misc":{"Est. reading time":"4 minutes"},"schema":{"@context":"https:\/\/schema.org","@graph":[{"@type":"Article","@id":"https:\/\/green-liberty.org\/ctp\/romana\/#article","isPartOf":{"@id":"https:\/\/green-liberty.org\/ctp\/romana\/"},"author":{"name":"Emanuel","@id":"https:\/\/green-liberty.org\/ctp\/#\/schema\/person\/a112bbbf05b30d34be7e1dc7797b9d16"},"headline":"ROM\u00c2N\u0102","datePublished":"2023-08-17T08:39:52+00:00","dateModified":"2024-03-18T15:20:31+00:00","mainEntityOfPage":{"@id":"https:\/\/green-liberty.org\/ctp\/romana\/"},"wordCount":704,"publisher":{"@id":"https:\/\/green-liberty.org\/ctp\/#\/schema\/person\/a112bbbf05b30d34be7e1dc7797b9d16"},"image":{"@id":"https:\/\/green-liberty.org\/ctp\/romana\/#primaryimage"},"thumbnailUrl":"https:\/\/green-liberty.org\/ctp\/wp-content\/uploads\/2023\/08\/book_fear-no-evil_romanian.png","inLanguage":"en-US"},{"@type":"WebPage","@id":"https:\/\/green-liberty.org\/ctp\/romana\/","url":"https:\/\/green-liberty.org\/ctp\/romana\/","name":"ROM\u00c2N\u0102 - The Center for Truth Politics","isPartOf":{"@id":"https:\/\/green-liberty.org\/ctp\/#website"},"primaryImageOfPage":{"@id":"https:\/\/green-liberty.org\/ctp\/romana\/#primaryimage"},"image":{"@id":"https:\/\/green-liberty.org\/ctp\/romana\/#primaryimage"},"thumbnailUrl":"https:\/\/green-liberty.org\/ctp\/wp-content\/uploads\/2023\/08\/book_fear-no-evil_romanian.png","datePublished":"2023-08-17T08:39:52+00:00","dateModified":"2024-03-18T15:20:31+00:00","description":"ROM\u00c2N\u0102","breadcrumb":{"@id":"https:\/\/green-liberty.org\/ctp\/romana\/#breadcrumb"},"inLanguage":"en-US","potentialAction":[{"@type":"ReadAction","target":["https:\/\/green-liberty.org\/ctp\/romana\/"]}]},{"@type":"ImageObject","inLanguage":"en-US","@id":"https:\/\/green-liberty.org\/ctp\/romana\/#primaryimage","url":"https:\/\/green-liberty.org\/ctp\/wp-content\/uploads\/2023\/08\/book_fear-no-evil_romanian.png","contentUrl":"https:\/\/green-liberty.org\/ctp\/wp-content\/uploads\/2023\/08\/book_fear-no-evil_romanian.png","width":712,"height":1024},{"@type":"BreadcrumbList","@id":"https:\/\/green-liberty.org\/ctp\/romana\/#breadcrumb","itemListElement":[{"@type":"ListItem","position":1,"name":"Home","item":"https:\/\/green-liberty.org\/ctp\/"},{"@type":"ListItem","position":2,"name":"ROM\u00c2N\u0102"}]},{"@type":"WebSite","@id":"https:\/\/green-liberty.org\/ctp\/#website","url":"https:\/\/green-liberty.org\/ctp\/","name":"The Center for Truth Politics","description":"The Center for Truth Politics in the United States, led by Emanuel Pastreich","publisher":{"@id":"https:\/\/green-liberty.org\/ctp\/#\/schema\/person\/a112bbbf05b30d34be7e1dc7797b9d16"},"alternateName":"The Center for Truth Politics, let by Emanuel Pastreich","potentialAction":[{"@type":"SearchAction","target":{"@type":"EntryPoint","urlTemplate":"https:\/\/green-liberty.org\/ctp\/?s={search_term_string}"},"query-input":{"@type":"PropertyValueSpecification","valueRequired":true,"valueName":"search_term_string"}}],"inLanguage":"en-US"},{"@type":["Person","Organization"],"@id":"https:\/\/green-liberty.org\/ctp\/#\/schema\/person\/a112bbbf05b30d34be7e1dc7797b9d16","name":"Emanuel","image":{"@type":"ImageObject","inLanguage":"en-US","@id":"https:\/\/secure.gravatar.com\/avatar\/?s=96&d=mm&r=g","url":"https:\/\/secure.gravatar.com\/avatar\/?s=96&d=mm&r=g","contentUrl":"https:\/\/secure.gravatar.com\/avatar\/?s=96&d=mm&r=g","caption":"Emanuel"},"logo":{"@id":"https:\/\/secure.gravatar.com\/avatar\/?s=96&d=mm&r=g"},"url":"https:\/\/green-liberty.org\/ctp\/author\/admin_ctp\/"}]}},"_links":{"self":[{"href":"https:\/\/green-liberty.org\/ctp\/wp-json\/wp\/v2\/pages\/861","targetHints":{"allow":["GET"]}}],"collection":[{"href":"https:\/\/green-liberty.org\/ctp\/wp-json\/wp\/v2\/pages"}],"about":[{"href":"https:\/\/green-liberty.org\/ctp\/wp-json\/wp\/v2\/types\/page"}],"author":[{"embeddable":true,"href":"https:\/\/green-liberty.org\/ctp\/wp-json\/wp\/v2\/users\/1"}],"replies":[{"embeddable":true,"href":"https:\/\/green-liberty.org\/ctp\/wp-json\/wp\/v2\/comments?post=861"}],"version-history":[{"count":5,"href":"https:\/\/green-liberty.org\/ctp\/wp-json\/wp\/v2\/pages\/861\/revisions"}],"predecessor-version":[{"id":5783,"href":"https:\/\/green-liberty.org\/ctp\/wp-json\/wp\/v2\/pages\/861\/revisions\/5783"}],"wp:attachment":[{"href":"https:\/\/green-liberty.org\/ctp\/wp-json\/wp\/v2\/media?parent=861"}],"curies":[{"name":"wp","href":"https:\/\/api.w.org\/{rel}","templated":true}]}}