{"id":835,"date":"2023-08-16T15:32:29","date_gmt":"2023-08-16T15:32:29","guid":{"rendered":"https:\/\/www.worldsupport.jp\/dev\/wp_sandbox1\/?page_id=835"},"modified":"2024-03-18T15:20:31","modified_gmt":"2024-03-18T15:20:31","slug":"polski","status":"publish","type":"page","link":"https:\/\/green-liberty.org\/ctp\/polski\/","title":{"rendered":"Polski"},"content":{"rendered":"<div class=\"gb-container gb-container-84dbe6f3 alignfull\">\n\n<h2 class=\"gb-headline gb-headline-3a49f21d gb-headline-text\"><strong>Polski<\/strong><\/h2>\n\n<\/div>\n\n<div class=\"gb-container gb-container-baee883e\">\n\n<h2 class=\"gb-headline gb-headline-b833639a gb-headline-text\"><strong>Nie b\u00f3j si\u0119 z\u0142a<\/strong><\/h2>\n\n\n<div class=\"gb-grid-wrapper gb-grid-wrapper-fc1125cc\">\n<div class=\"gb-grid-column gb-grid-column-d8e03f1a\"><div class=\"gb-container gb-container-d8e03f1a\">\n\n<figure class=\"wp-block-gallery has-nested-images columns-default is-cropped wp-block-gallery-1 is-layout-flex wp-block-gallery-is-layout-flex\">\n<figure class=\"wp-block-image alignwide size-full\"><img loading=\"lazy\" decoding=\"async\" width=\"428\" height=\"613\" data-id=\"837\" src=\"https:\/\/green-liberty.org\/ctp\/wp-content\/uploads\/2023\/08\/book_fear-no-evil_polish.jpg\" alt=\"\" class=\"wp-image-837\" srcset=\"https:\/\/green-liberty.org\/ctp\/wp-content\/uploads\/2023\/08\/book_fear-no-evil_polish.jpg 428w, https:\/\/green-liberty.org\/ctp\/wp-content\/uploads\/2023\/08\/book_fear-no-evil_polish-209x300.jpg 209w\" sizes=\"auto, (max-width: 428px) 100vw, 428px\" \/><\/figure>\n<\/figure>\n\n<\/div><\/div>\n\n<div class=\"gb-grid-column gb-grid-column-66e9d11a\"><div class=\"gb-container gb-container-66e9d11a\">\n\n<p>Do moich rodak\u00f3w Amerykan\u00f3w<\/p>\n\n\n\n<p class=\"has-text-align-right\">&nbsp;&nbsp;&nbsp;&nbsp;&nbsp;&nbsp;&nbsp;&nbsp;&nbsp;&nbsp;&nbsp; Ta ksi\u0105\u017cka sk\u0142ada si\u0119 z serii przem\u00f3wie\u0144, kt\u00f3re wyg\u0142osi\u0142em jako niezale\u017cny kandydat na prezydenta Stan\u00f3w Zjednoczonych, od czasu kiedy po raz pierwszy og\u0142osi\u0142em sw\u00f3j zamiar uczestnictwa w lutym a\u017c do czerwca (2020). Nadal b\u0119d\u0119 kontynuowa\u0142 wyg\u0142aszanie przem\u00f3wie\u0144 i spotykanie si\u0119 z moimi rodakami, Amerykanami, zw\u0142aszcza tymi, kt\u00f3rzy cierpi\u0105 z powodu konsekwencji g\u0142\u0119bokiego moralnego upadku w naszym kraju. Z ich wk\u0142adem i z ich pomoc\u0105, wyznaczymy pozytywny kierunek dla Stan\u00f3w Zjednoczonych. B\u0119dzie to przysz\u0142o\u015b\u0107, w kt\u00f3rej odejdziemy od niebezpiecznej kultury konsumpcji, przemys\u0142u wydobywczego&nbsp;&nbsp;&nbsp;&nbsp;&nbsp;&nbsp;&nbsp;&nbsp;&nbsp;&nbsp;&nbsp;&nbsp;&nbsp; i nieko\u0144cz\u0105cej si\u0119 wojny, kt\u00f3ra zainfekowa\u0142a nasz nar\u00f3d jak przera\u017caj\u0105cy wirus wzmocniony jeszcze przez niebezpieczne paso\u017cyty.<\/p>\n\n\n\n<p class=\"has-text-align-right\">&nbsp;&nbsp;&nbsp;&nbsp;&nbsp;&nbsp;&nbsp;&nbsp;&nbsp;&nbsp;&nbsp; Osoby uprzywilejowane i wykszta\u0142cone mimowolnie od pocz\u0105tku odrzucaj\u0105 moj\u0105 kampani\u0119. Kiedy spotykaj\u0105 si\u0119 ze mn\u0105 osobi\u015bcie, od razu zauwa\u017caj\u0105, \u017ce nie mam funduszy, infrastruktury, zaplecza medialnego czy wsparcia celebryt\u00f3w; \u015brodk\u00f3w potrzebnych do zdobycia rozg\u0142osu i do sprawienia, \u017ce moje nazwisko b\u0119dzie figurowa\u0107 na kartach do g\u0142osowania we wszystkich stanach.<\/p>\n\n\n\n<p class=\"has-text-align-right\">&nbsp;&nbsp;&nbsp;&nbsp;&nbsp;&nbsp;&nbsp;&nbsp;&nbsp;&nbsp;&nbsp; \u017baden z nich nie pyta, czy m\u00f3wi\u0119 prawd\u0119, czy moje propozycje s\u0105 w\u0142a\u015bciwe, czy jestem osob\u0105 szczer\u0105 i uczciw\u0105. Podejrzewam, \u017ce wielu z nich, w g\u0142\u0119bi serca wie, \u017ce moja kampania jest jedyn\u0105 powa\u017cn\u0105 kampani\u0105, jaka istnieje.<\/p>\n\n\n\n<p class=\"has-text-align-right\">W istocie, niewielu spo\u015br\u00f3d absolwent\u00f3w Yale i Harvard, z kt\u00f3rymi by\u0142em kiedy\u015b zwi\u0105zany, ludzi, kt\u00f3rzy byli moimi r\u00f3wnie\u015bnikami, kiedy zaczyna\u0142em swoj\u0105 karier\u0119, jest sk\u0142onnych zada\u0107 sobie pytania czy ci tak zwani \u201dkandydaci\u201d s\u0105 nale\u017cycie wykwalifikowani do bycia prezydentem oraz czy te wybory, lub te ostatnie, kt\u00f3rym przyznano du\u017c\u0105 swobod\u0119 manipulacji g\u0142osami i wprowadzaj\u0105cymi w b\u0142\u0105d raportami, zas\u0142uguje w og\u00f3le na miano wybor\u00f3w.<\/p>\n\n<\/div><\/div>\n<\/div>\n<\/div>\n\n<div class=\"gb-container gb-container-20e00f90\">\n\n<div class=\"wp-block-group\"><div class=\"wp-block-group__inner-container is-layout-constrained wp-block-group-is-layout-constrained\">\n<div class=\"wp-block-columns is-layout-flex wp-container-core-columns-is-layout-9d6595d7 wp-block-columns-is-layout-flex\">\n<div class=\"wp-block-column is-layout-flow wp-block-column-is-layout-flow\" style=\"flex-basis:100%\">\n<div class=\"wp-block-columns is-layout-flex wp-container-core-columns-is-layout-9d6595d7 wp-block-columns-is-layout-flex\">\n<div class=\"wp-block-column is-layout-flow wp-block-column-is-layout-flow\" style=\"flex-basis:100%\"><div class=\"gb-grid-wrapper gb-grid-wrapper-921fed35\">\n<div class=\"gb-grid-column gb-grid-column-5c84b851\"><div class=\"gb-container gb-container-5c84b851\">\n\n<p>&nbsp;Ludzie pracuj\u0105cy, z kt\u00f3rymi si\u0119 spotykam, z kt\u00f3rymi pracuj\u0119, rozumiej\u0105 o czym m\u00f3wi\u0119. Wiedz\u0105, \u017ce od stycznia by\u0142em bezrobotny i zmuszony opu\u015bci\u0107 dom, i \u017ce moja \u017cona ci\u0119\u017cko zachorowa\u0142a z powodu traumy wynikaj\u0105cej z pr\u00f3b utrzymania naszej rodziny razem. Wiem o czym m\u00f3wi\u0105, gdy\u017c sam tego do\u015bwiadczy\u0142em.<\/p>\n\n\n\n<p>&nbsp;&nbsp;&nbsp;&nbsp;&nbsp;&nbsp;&nbsp;&nbsp;&nbsp;&nbsp;&nbsp; Istniej\u0105 dwa rodzaje wiedzy. Je\u015bli jeste\u015b ekspertem od tygrys\u00f3w, mo\u017cesz wiedzie\u0107 wszystko o tygrysach: gdzie \u017cyj\u0105, co jedz\u0105 i jakie s\u0105 ich zwyczaje. Jednak z krytycznego punktu widzenia, Twoja wiedza o tygrysach nigdy nie osi\u0105gnie poziomu wiedzy osoby, kt\u00f3ra zosta\u0142a ugryziona przez tygrysa. Ja do\u015bwiadczy\u0142em ugryzienia przez tygrysa. Wiem przez co przechodzisz.<\/p>\n\n\n\n<p>&nbsp;&nbsp;&nbsp;&nbsp;&nbsp;&nbsp;&nbsp;&nbsp;&nbsp;&nbsp;&nbsp; Twierdz\u0119, \u017ce je\u015bli nie mamy wybor\u00f3w, w kt\u00f3rych kto\u015b taki jak ja mo\u017ce by\u0107 kandydatem i mie\u0107 szans\u0119 na zaistnienie w mediach, to w takim razie nie organizujemy wybor\u00f3w, a raczej imponuj\u0105c\u0105 gr\u0119 pozor\u00f3w.<\/p>\n\n\n\n<p>&nbsp;&nbsp;&nbsp;&nbsp;&nbsp;&nbsp;&nbsp;&nbsp;&nbsp;&nbsp;&nbsp; Nie mamy zamiaru uznawa\u0107 takich pozorowanych wybor\u00f3w. W rzeczywisto\u015bci, dop\u00f3ki nie b\u0119dzie wybor\u00f3w, w kt\u00f3rych kto\u015b taki jak ja b\u0119dzie m\u00f3g\u0142 zdoby\u0107 nale\u017cyt\u0105 uwag\u0119&nbsp;&nbsp;&nbsp;&nbsp;&nbsp; i szans\u0119 na pojawienie si\u0119 na kartach g\u0142osowania, nie uznamy \u017cadnych z tych \u201dwybor\u00f3w\u201d.<\/p>\n\n\n\n<p>&nbsp;&nbsp;&nbsp;&nbsp;&nbsp;&nbsp;&nbsp;&nbsp;&nbsp;&nbsp;&nbsp; Chocia\u017c jestem ca\u0142kowicie wykluczony z medi\u00f3w w Stanach Zjednoczonych, chocia\u017c nie mam prawa zbiera\u0107 pieni\u0119dzy w Stanach Zjednoczonych, chocia\u017c moje nazwisko nie widnieje na kartach do g\u0142osowania w \u017cadnym stanie, to jednak moja kandydatura ma ogromne znaczenie, poniewa\u017c nieustanie wskazuj\u0119 wizj\u0119&nbsp;tego, co mog\u0105 zrobi\u0107 Stany Zjednoczone, zamiast powtarza\u0107 kluczowe terminy, takie jak \u201dochrona zdrowia\u201d lub \u201dr\u00f3\u017cnorodno\u015b\u0107\u201d (po lewej stronie) i \u201dwolno\u015b\u0107\u201d i \u201dwarto\u015bci\u201d (po prawej stronie), kt\u00f3re to s\u0142owa maj\u0105 za zadanie wywo\u0142ywa\u0107 reakcj\u0119 emocjonaln\u0105, ale nie wytyczaj\u0105 \u017cadnej drogi naprz\u00f3d.<\/p>\n\n\n\n<p>&nbsp;&nbsp;&nbsp;&nbsp;&nbsp;&nbsp;&nbsp;&nbsp;&nbsp;&nbsp;&nbsp; Ta kampania jest map\u0105 drogow\u0105, kt\u00f3ra pokazuje, \u017ce wszystko powinno si\u0119 zmieni\u0107, w takim sensie, w jakim John Brown \u017c\u0105da\u0142, by wszystko si\u0119 zmieni\u0142o, kiedy on i jego grupa wprowadzili \u201dKonstytucj\u0119 i Zarz\u0105dzenia Tymczasowe\u201d w 1859 roku, deklaruj\u0105c, \u017ce niewolnictwo jest z samej swojej natury przest\u0119pstwem. Musicie mie\u0107 kandydata, kt\u00f3ry jest got\u00f3w powiedzie\u0107 prawd\u0119, kt\u00f3ry jest got\u00f3w broni\u0107 tego, czego potrzebuj\u0105 Stany Zjednoczone, a nie tego, co nasze skorumpowane media chc\u0119 drukowa\u0107. Jak pisa\u0142 Frederick Douglass, z tak\u0105 doz\u0105 elokwencji popychaj\u0105c polityk\u00f3w, takich jak Abraham Lincoln, do zaj\u0119cia zdecydowanego stanowiska,<\/p>\n\n\n\n<p>\u201dLudzie nie dostaj\u0105 by\u0107 mo\u017ce wszystkiego za co zap\u0142ac\u0105 na tym \u015bwiecie, ale z pewno\u015bci\u0105 musz\u0105 zap\u0142aci\u0107 za wszystko, co dostan\u0105\u201d.<\/p>\n\n\n\n<p>Od tamtego czasu nic, moi drodzy rodacy, nie zmieni\u0142o si\u0119 w tej kwestii w Stanach Zjednoczonych, ani w naturze ludzkiej. Skoncentrujmy si\u0119 na rzeczywisto\u015bci i \u017c\u0105dajmy realnego dzia\u0142ania. Mamy ju\u017c do\u015b\u0107 \u0142adnych s\u0142\u00f3w.`<\/p>\n\n\n\n<p><a href=\"https:\/\/emanuelprez.com\/wp-content\/uploads\/2021\/05\/Polish-ebook-3.pdf\"><\/a><\/p>\n\n<\/div><\/div>\n<\/div><\/div>\n<\/div>\n<\/div>\n<\/div>\n<\/div><\/div>\n\n<\/div>\n\n<div class=\"gb-container gb-container-0342e94c\">\n<div class=\"gb-grid-wrapper gb-grid-wrapper-16a74dcc download-btn\">\n<div class=\"gb-grid-column gb-grid-column-1a2b224e\"><div class=\"gb-container gb-container-1a2b224e\">\n<div class=\"gb-container gb-container-e8d2a878\">\n\n<div class=\"wp-block-buttons is-content-justification-right is-layout-flex wp-container-core-buttons-is-layout-c688d3c3 wp-block-buttons-is-layout-flex\">\n<div class=\"wp-block-button white_btn is-style-fill\"><a class=\"wp-block-button__link has-contrast-2-background-color has-background wp-element-button\" href=\"https:\/\/green-liberty.org\/ctp\/wp-content\/uploads\/2023\/09\/fear_no_evil_ebook_polish.pdf\" style=\"border-radius:0px\">Download (\u015aci\u0105gnij)<\/a><\/div>\n<\/div>\n\n<\/div>\n<\/div><\/div>\n<\/div>\n<\/div>","protected":false},"excerpt":{"rendered":"<p>Polski Nie b\u00f3j si\u0119 z\u0142a<\/p>\n","protected":false},"author":1,"featured_media":0,"parent":0,"menu_order":0,"comment_status":"closed","ping_status":"closed","template":"","meta":{"footnotes":""},"class_list":["post-835","page","type-page","status-publish"],"yoast_head":"<!-- This site is optimized with the Yoast SEO Premium plugin v20.8 (Yoast SEO v27.4) - https:\/\/yoast.com\/product\/yoast-seo-premium-wordpress\/ -->\n<title>Polski - The Center for Truth Politics<\/title>\n<meta name=\"description\" content=\"Polski\" \/>\n<meta name=\"robots\" content=\"index, follow, max-snippet:-1, max-image-preview:large, max-video-preview:-1\" \/>\n<link rel=\"canonical\" href=\"https:\/\/green-liberty.org\/ctp\/polski\/\" \/>\n<meta property=\"og:locale\" content=\"en_US\" \/>\n<meta property=\"og:type\" content=\"article\" \/>\n<meta property=\"og:title\" content=\"Polski\" \/>\n<meta property=\"og:description\" content=\"Polski\" \/>\n<meta property=\"og:url\" content=\"https:\/\/green-liberty.org\/ctp\/polski\/\" \/>\n<meta property=\"og:site_name\" content=\"The Center for Truth Politics\" \/>\n<meta property=\"article:modified_time\" content=\"2024-03-18T15:20:31+00:00\" \/>\n<meta property=\"og:image\" content=\"https:\/\/emanuelpastreich24.org\/wp-content\/uploads\/2023\/08\/book_fear-no-evil_polish.jpg\" \/>\n<meta name=\"twitter:card\" content=\"summary_large_image\" \/>\n<meta name=\"twitter:label1\" content=\"Est. reading time\" \/>\n\t<meta name=\"twitter:data1\" content=\"4 minutes\" \/>\n<script type=\"application\/ld+json\" class=\"yoast-schema-graph\">{\"@context\":\"https:\\\/\\\/schema.org\",\"@graph\":[{\"@type\":\"Article\",\"@id\":\"https:\\\/\\\/green-liberty.org\\\/ctp\\\/polski\\\/#article\",\"isPartOf\":{\"@id\":\"https:\\\/\\\/green-liberty.org\\\/ctp\\\/polski\\\/\"},\"author\":{\"name\":\"Emanuel\",\"@id\":\"https:\\\/\\\/green-liberty.org\\\/ctp\\\/#\\\/schema\\\/person\\\/a112bbbf05b30d34be7e1dc7797b9d16\"},\"headline\":\"Polski\",\"datePublished\":\"2023-08-16T15:32:29+00:00\",\"dateModified\":\"2024-03-18T15:20:31+00:00\",\"mainEntityOfPage\":{\"@id\":\"https:\\\/\\\/green-liberty.org\\\/ctp\\\/polski\\\/\"},\"wordCount\":899,\"publisher\":{\"@id\":\"https:\\\/\\\/green-liberty.org\\\/ctp\\\/#\\\/schema\\\/person\\\/a112bbbf05b30d34be7e1dc7797b9d16\"},\"image\":{\"@id\":\"https:\\\/\\\/green-liberty.org\\\/ctp\\\/polski\\\/#primaryimage\"},\"thumbnailUrl\":\"https:\\\/\\\/green-liberty.org\\\/ctp\\\/wp-content\\\/uploads\\\/2023\\\/08\\\/book_fear-no-evil_polish.jpg\",\"inLanguage\":\"en-US\"},{\"@type\":\"WebPage\",\"@id\":\"https:\\\/\\\/green-liberty.org\\\/ctp\\\/polski\\\/\",\"url\":\"https:\\\/\\\/green-liberty.org\\\/ctp\\\/polski\\\/\",\"name\":\"Polski - The Center for Truth Politics\",\"isPartOf\":{\"@id\":\"https:\\\/\\\/green-liberty.org\\\/ctp\\\/#website\"},\"primaryImageOfPage\":{\"@id\":\"https:\\\/\\\/green-liberty.org\\\/ctp\\\/polski\\\/#primaryimage\"},\"image\":{\"@id\":\"https:\\\/\\\/green-liberty.org\\\/ctp\\\/polski\\\/#primaryimage\"},\"thumbnailUrl\":\"https:\\\/\\\/green-liberty.org\\\/ctp\\\/wp-content\\\/uploads\\\/2023\\\/08\\\/book_fear-no-evil_polish.jpg\",\"datePublished\":\"2023-08-16T15:32:29+00:00\",\"dateModified\":\"2024-03-18T15:20:31+00:00\",\"description\":\"Polski\",\"breadcrumb\":{\"@id\":\"https:\\\/\\\/green-liberty.org\\\/ctp\\\/polski\\\/#breadcrumb\"},\"inLanguage\":\"en-US\",\"potentialAction\":[{\"@type\":\"ReadAction\",\"target\":[\"https:\\\/\\\/green-liberty.org\\\/ctp\\\/polski\\\/\"]}]},{\"@type\":\"ImageObject\",\"inLanguage\":\"en-US\",\"@id\":\"https:\\\/\\\/green-liberty.org\\\/ctp\\\/polski\\\/#primaryimage\",\"url\":\"https:\\\/\\\/green-liberty.org\\\/ctp\\\/wp-content\\\/uploads\\\/2023\\\/08\\\/book_fear-no-evil_polish.jpg\",\"contentUrl\":\"https:\\\/\\\/green-liberty.org\\\/ctp\\\/wp-content\\\/uploads\\\/2023\\\/08\\\/book_fear-no-evil_polish.jpg\",\"width\":428,\"height\":613},{\"@type\":\"BreadcrumbList\",\"@id\":\"https:\\\/\\\/green-liberty.org\\\/ctp\\\/polski\\\/#breadcrumb\",\"itemListElement\":[{\"@type\":\"ListItem\",\"position\":1,\"name\":\"Home\",\"item\":\"https:\\\/\\\/green-liberty.org\\\/ctp\\\/\"},{\"@type\":\"ListItem\",\"position\":2,\"name\":\"Polski\"}]},{\"@type\":\"WebSite\",\"@id\":\"https:\\\/\\\/green-liberty.org\\\/ctp\\\/#website\",\"url\":\"https:\\\/\\\/green-liberty.org\\\/ctp\\\/\",\"name\":\"The Center for Truth Politics\",\"description\":\"The Center for Truth Politics in the United States, led by Emanuel Pastreich\",\"publisher\":{\"@id\":\"https:\\\/\\\/green-liberty.org\\\/ctp\\\/#\\\/schema\\\/person\\\/a112bbbf05b30d34be7e1dc7797b9d16\"},\"alternateName\":\"The Center for Truth Politics, let by Emanuel Pastreich\",\"potentialAction\":[{\"@type\":\"SearchAction\",\"target\":{\"@type\":\"EntryPoint\",\"urlTemplate\":\"https:\\\/\\\/green-liberty.org\\\/ctp\\\/?s={search_term_string}\"},\"query-input\":{\"@type\":\"PropertyValueSpecification\",\"valueRequired\":true,\"valueName\":\"search_term_string\"}}],\"inLanguage\":\"en-US\"},{\"@type\":[\"Person\",\"Organization\"],\"@id\":\"https:\\\/\\\/green-liberty.org\\\/ctp\\\/#\\\/schema\\\/person\\\/a112bbbf05b30d34be7e1dc7797b9d16\",\"name\":\"Emanuel\",\"image\":{\"@type\":\"ImageObject\",\"inLanguage\":\"en-US\",\"@id\":\"https:\\\/\\\/secure.gravatar.com\\\/avatar\\\/?s=96&d=mm&r=g\",\"url\":\"https:\\\/\\\/secure.gravatar.com\\\/avatar\\\/?s=96&d=mm&r=g\",\"contentUrl\":\"https:\\\/\\\/secure.gravatar.com\\\/avatar\\\/?s=96&d=mm&r=g\",\"caption\":\"Emanuel\"},\"logo\":{\"@id\":\"https:\\\/\\\/secure.gravatar.com\\\/avatar\\\/?s=96&d=mm&r=g\"},\"url\":\"https:\\\/\\\/green-liberty.org\\\/ctp\\\/author\\\/admin_ctp\\\/\"}]}<\/script>\n<!-- \/ Yoast SEO Premium plugin. -->","yoast_head_json":{"title":"Polski - The Center for Truth Politics","description":"Polski","robots":{"index":"index","follow":"follow","max-snippet":"max-snippet:-1","max-image-preview":"max-image-preview:large","max-video-preview":"max-video-preview:-1"},"canonical":"https:\/\/green-liberty.org\/ctp\/polski\/","og_locale":"en_US","og_type":"article","og_title":"Polski","og_description":"Polski","og_url":"https:\/\/green-liberty.org\/ctp\/polski\/","og_site_name":"The Center for Truth Politics","article_modified_time":"2024-03-18T15:20:31+00:00","og_image":[{"url":"https:\/\/emanuelpastreich24.org\/wp-content\/uploads\/2023\/08\/book_fear-no-evil_polish.jpg","type":"","width":"","height":""}],"twitter_card":"summary_large_image","twitter_misc":{"Est. reading time":"4 minutes"},"schema":{"@context":"https:\/\/schema.org","@graph":[{"@type":"Article","@id":"https:\/\/green-liberty.org\/ctp\/polski\/#article","isPartOf":{"@id":"https:\/\/green-liberty.org\/ctp\/polski\/"},"author":{"name":"Emanuel","@id":"https:\/\/green-liberty.org\/ctp\/#\/schema\/person\/a112bbbf05b30d34be7e1dc7797b9d16"},"headline":"Polski","datePublished":"2023-08-16T15:32:29+00:00","dateModified":"2024-03-18T15:20:31+00:00","mainEntityOfPage":{"@id":"https:\/\/green-liberty.org\/ctp\/polski\/"},"wordCount":899,"publisher":{"@id":"https:\/\/green-liberty.org\/ctp\/#\/schema\/person\/a112bbbf05b30d34be7e1dc7797b9d16"},"image":{"@id":"https:\/\/green-liberty.org\/ctp\/polski\/#primaryimage"},"thumbnailUrl":"https:\/\/green-liberty.org\/ctp\/wp-content\/uploads\/2023\/08\/book_fear-no-evil_polish.jpg","inLanguage":"en-US"},{"@type":"WebPage","@id":"https:\/\/green-liberty.org\/ctp\/polski\/","url":"https:\/\/green-liberty.org\/ctp\/polski\/","name":"Polski - The Center for Truth Politics","isPartOf":{"@id":"https:\/\/green-liberty.org\/ctp\/#website"},"primaryImageOfPage":{"@id":"https:\/\/green-liberty.org\/ctp\/polski\/#primaryimage"},"image":{"@id":"https:\/\/green-liberty.org\/ctp\/polski\/#primaryimage"},"thumbnailUrl":"https:\/\/green-liberty.org\/ctp\/wp-content\/uploads\/2023\/08\/book_fear-no-evil_polish.jpg","datePublished":"2023-08-16T15:32:29+00:00","dateModified":"2024-03-18T15:20:31+00:00","description":"Polski","breadcrumb":{"@id":"https:\/\/green-liberty.org\/ctp\/polski\/#breadcrumb"},"inLanguage":"en-US","potentialAction":[{"@type":"ReadAction","target":["https:\/\/green-liberty.org\/ctp\/polski\/"]}]},{"@type":"ImageObject","inLanguage":"en-US","@id":"https:\/\/green-liberty.org\/ctp\/polski\/#primaryimage","url":"https:\/\/green-liberty.org\/ctp\/wp-content\/uploads\/2023\/08\/book_fear-no-evil_polish.jpg","contentUrl":"https:\/\/green-liberty.org\/ctp\/wp-content\/uploads\/2023\/08\/book_fear-no-evil_polish.jpg","width":428,"height":613},{"@type":"BreadcrumbList","@id":"https:\/\/green-liberty.org\/ctp\/polski\/#breadcrumb","itemListElement":[{"@type":"ListItem","position":1,"name":"Home","item":"https:\/\/green-liberty.org\/ctp\/"},{"@type":"ListItem","position":2,"name":"Polski"}]},{"@type":"WebSite","@id":"https:\/\/green-liberty.org\/ctp\/#website","url":"https:\/\/green-liberty.org\/ctp\/","name":"The Center for Truth Politics","description":"The Center for Truth Politics in the United States, led by Emanuel Pastreich","publisher":{"@id":"https:\/\/green-liberty.org\/ctp\/#\/schema\/person\/a112bbbf05b30d34be7e1dc7797b9d16"},"alternateName":"The Center for Truth Politics, let by Emanuel Pastreich","potentialAction":[{"@type":"SearchAction","target":{"@type":"EntryPoint","urlTemplate":"https:\/\/green-liberty.org\/ctp\/?s={search_term_string}"},"query-input":{"@type":"PropertyValueSpecification","valueRequired":true,"valueName":"search_term_string"}}],"inLanguage":"en-US"},{"@type":["Person","Organization"],"@id":"https:\/\/green-liberty.org\/ctp\/#\/schema\/person\/a112bbbf05b30d34be7e1dc7797b9d16","name":"Emanuel","image":{"@type":"ImageObject","inLanguage":"en-US","@id":"https:\/\/secure.gravatar.com\/avatar\/?s=96&d=mm&r=g","url":"https:\/\/secure.gravatar.com\/avatar\/?s=96&d=mm&r=g","contentUrl":"https:\/\/secure.gravatar.com\/avatar\/?s=96&d=mm&r=g","caption":"Emanuel"},"logo":{"@id":"https:\/\/secure.gravatar.com\/avatar\/?s=96&d=mm&r=g"},"url":"https:\/\/green-liberty.org\/ctp\/author\/admin_ctp\/"}]}},"_links":{"self":[{"href":"https:\/\/green-liberty.org\/ctp\/wp-json\/wp\/v2\/pages\/835","targetHints":{"allow":["GET"]}}],"collection":[{"href":"https:\/\/green-liberty.org\/ctp\/wp-json\/wp\/v2\/pages"}],"about":[{"href":"https:\/\/green-liberty.org\/ctp\/wp-json\/wp\/v2\/types\/page"}],"author":[{"embeddable":true,"href":"https:\/\/green-liberty.org\/ctp\/wp-json\/wp\/v2\/users\/1"}],"replies":[{"embeddable":true,"href":"https:\/\/green-liberty.org\/ctp\/wp-json\/wp\/v2\/comments?post=835"}],"version-history":[{"count":5,"href":"https:\/\/green-liberty.org\/ctp\/wp-json\/wp\/v2\/pages\/835\/revisions"}],"predecessor-version":[{"id":5768,"href":"https:\/\/green-liberty.org\/ctp\/wp-json\/wp\/v2\/pages\/835\/revisions\/5768"}],"wp:attachment":[{"href":"https:\/\/green-liberty.org\/ctp\/wp-json\/wp\/v2\/media?parent=835"}],"curies":[{"name":"wp","href":"https:\/\/api.w.org\/{rel}","templated":true}]}}