{"id":1026,"date":"2023-08-19T09:54:19","date_gmt":"2023-08-19T09:54:19","guid":{"rendered":"https:\/\/www.worldsupport.jp\/dev\/wp_sandbox1\/?page_id=1026"},"modified":"2024-03-18T15:20:31","modified_gmt":"2024-03-18T15:20:31","slug":"norsk","status":"publish","type":"page","link":"https:\/\/green-liberty.org\/ctp\/norsk\/","title":{"rendered":"Norsk"},"content":{"rendered":"<div class=\"gb-container gb-container-84dbe6f3 alignfull\">\n\n<h2 class=\"gb-headline gb-headline-3a49f21d gb-headline-text\"><strong><strong>Norsk<\/strong><\/strong><\/h2>\n\n<\/div>\n\n<div class=\"gb-container gb-container-baee883e\">\n\n<h2 class=\"gb-headline gb-headline-b833639a gb-headline-text\"><strong>Jeg skal ikke frykte noe ondt<\/strong><\/h2>\n\n\n<div class=\"gb-grid-wrapper gb-grid-wrapper-fc1125cc\">\n<div class=\"gb-grid-column gb-grid-column-d8e03f1a\"><div class=\"gb-container gb-container-d8e03f1a\">\n\n<figure class=\"wp-block-gallery has-nested-images columns-default is-cropped wp-block-gallery-1 is-layout-flex wp-block-gallery-is-layout-flex\">\n<figure class=\"wp-block-image alignwide size-full\"><img loading=\"lazy\" decoding=\"async\" width=\"428\" height=\"613\" data-id=\"5424\" src=\"https:\/\/green-liberty.org\/ctp\/wp-content\/uploads\/2023\/11\/book_fear-no-evil_norsk.jpg\" alt=\"\" class=\"wp-image-5424\" srcset=\"https:\/\/green-liberty.org\/ctp\/wp-content\/uploads\/2023\/11\/book_fear-no-evil_norsk.jpg 428w, https:\/\/green-liberty.org\/ctp\/wp-content\/uploads\/2023\/11\/book_fear-no-evil_norsk-209x300.jpg 209w\" sizes=\"auto, (max-width: 428px) 100vw, 428px\" \/><\/figure>\n<\/figure>\n\n<\/div><\/div>\n\n<div class=\"gb-grid-column gb-grid-column-66e9d11a\"><div class=\"gb-container gb-container-66e9d11a\">\n\n<p><br>Norge kom stadig opp i tankene mine da jeg tenkte p\u00e5 hvordan vi kan stake ut en ny kurs for USA i denne tiden med enest\u00e5ende fare og store institusjonelle og sivilisasjonsmessige endringer.<\/p>\n\n\n\n<p>Jeg er mektig imponert av Norges evne til \u00e5 ta ledelsen, det v\u00e6re seg i \u00e5 introdusere borgerrettigheter (den f\u00f8rste Europeiske nasjonen som innf\u00f8rte universell stemmerett for menn), for kvinnerettigheter og for milj\u00f8problemer (f\u00f8rste nasjon sometablerte et eget Ministerium for Milj\u00f8). De egalit\u00e6re tradisjonene i Norge strekker seg langt bakover i landets historie, og velferds- og utdanningssystemet er bare et omr\u00e5de som kan inspirere et ydmykt USA.<\/p>\n\n\n\n<p>Norges forpliktelse til ekte internasjonalisme, ikke bare i sin rolle med \u00e5 dele ut Nobels Fredspris, men ogs\u00e5 landets historie med \u00e5 fors\u00f8ke \u00e5 holde seg n\u00f8ytralt i globale stridigheter de siste 400 \u00e5rene, har gitt meg inspirasjon n\u00e5r jeg fors\u00f8ker \u00e5 tenke ut en ny fremtid for USA, en fremtid der vi l\u00f8fter frem et ideal om internasjonalisme, mens vi samtidig stenger d\u00f8ren mot globalisme for alltid.<\/p>\n\n\n\n<p>Jeg tenker p\u00e5 den modige politikeren Trygve Lie som tjenestegjorde som den f\u00f8rste generalsekret\u00e6ren for de Forente Nasjoner, og bygde den organisasjonen opp til en levedyktig organisasjon fra ingenting. Lie slo fast i sin f\u00f8rste tale som generalsekret\u00e6r 2. februar 1946, midt i ruinene fra krigen, at \u00aboppgaven for sekretariatet vil v\u00e6re \u00e5 assistere alle disse organene i de Forente Nasjoner i \u00e5 forberede og utf\u00f8re beslutninger om \u00e5 gj\u00f8re programmet fra FN-charteret til en levende realitet.\u00bb Hans stille bidrag til den institusjonen var betydelig og symboliserer Norges lavm\u00e6lte fremgangsm\u00e5te i internasjonale relasjoner.<\/p>\n\n<\/div><\/div>\n<\/div>\n<\/div>\n\n<div class=\"gb-container gb-container-20e00f90\">\n\n<div class=\"wp-block-group\"><div class=\"wp-block-group__inner-container is-layout-constrained wp-block-group-is-layout-constrained\">\n<div class=\"wp-block-columns is-layout-flex wp-container-core-columns-is-layout-9d6595d7 wp-block-columns-is-layout-flex\">\n<div class=\"wp-block-column is-layout-flow wp-block-column-is-layout-flow\" style=\"flex-basis:100%\">\n<div class=\"wp-block-columns is-layout-flex wp-container-core-columns-is-layout-9d6595d7 wp-block-columns-is-layout-flex\">\n<div class=\"wp-block-column is-layout-flow wp-block-column-is-layout-flow\" style=\"flex-basis:100%\"><div class=\"gb-grid-wrapper gb-grid-wrapper-921fed35\">\n<div class=\"gb-grid-column gb-grid-column-5c84b851\"><div class=\"gb-container gb-container-5c84b851\">\n\n<p class=\"has-text-align-left\">Jeg tror at Norges balanserte og langsiktige fremgangsm\u00e5te i internasjonale relasjoner, er et resultat av visdom opparbeidet som et resultat av landets kamp for \u00e5 bevare sin kulturelle, \u00f8konomiske og politiske uavhengighet i tusen \u00e5r, under konstant utfordring fra Danmark, Sverige, Tyskland, Russland og andre land.<\/p>\n\n\n\n<p class=\"has-text-align-left\">USA har hatt sterke b\u00e5nd til Norge, selv n\u00e5r Norge ikke har v\u00e6rt enig i forskjellige amerikanske politiske beslutninger (ofte med god grunn). Jeg h\u00e5per at Norge vil st\u00e5 ved v\u00e5r side n\u00e5r vi n\u00e5 begynner \u00e5 tenke helt nytt om hva slags rolle USA skal hai fremtiden.<\/p>\n\n\n\n<p class=\"has-text-align-left\">Det er ogs\u00e5 et personlig aspekt i mitt perspektiv. Ikke bare har jeg n\u00e6re venner fra tidlig alder under oppveksten i Midtvesten (Missouri og Illinois), som hadde forfedre som kom fra Norge. Jeg har ogs\u00e5 jobbet tett med professorer i Norge i flere \u00e5r.<\/p>\n\n\n\n<p class=\"has-text-align-left\">Jeg har bes\u00f8kt NTNU i Trondheim to ganger for \u00e5 diskutere detaljer for hvordan vi kunne samarbeide i felles forskning mellom Norge og USA. Jeg var mektig imponert, ikke bare av ekspertisen og profesjonaliteten til professorene og administrasjonen jeg m\u00f8tte p\u00e5 NTNU, men ogs\u00e5 den \u00e5penheten og fleksible tenkem\u00e5ten jeg observerte hos nordmenn.<\/p>\n\n\n\n<p class=\"has-text-align-left\">Norge beholder det internasjonale perspektivet fra vikingene, og en unik geopolitiskforst\u00e5else av Eurasia som kommer fra landets plassering. Folk i Norge har et aktivt \u00f8nske om \u00e5 engasjere seg kreativt og tankefullt med internasjonale organisasjoner, som jeg fant inspirerende.<\/p>\n\n\n\n<p class=\"has-text-align-left\">Norge er velsignet med en kultur for internasjonal innovasjon og kulturell fleksibilitet som jeg ikke har sett i andre land.<\/p>\n\n\n\n<p class=\"has-text-align-left\">Jeg satte pris p\u00e5 \u00e5 g\u00e5 rundt i Trondheims gater og snakke med de reflekterte nordmennene jeg m\u00f8tte. P\u00e5 begge bes\u00f8kene mine gikk jeg hver dag for \u00e5 sv\u00f8mme i det fantastiske Pirbadet offentlige sv\u00f8mmebasseng og jeg tok trikken opp til Liavannet i fjellene over byen, der jeg gikk alene, omgitt av fugler, blomster og frosker.<\/p>\n\n\n\n<p class=\"has-text-align-left\">Disse minnene b\u00e6rer jeg med meg i dag. Jeg h\u00e5per at nordmenn vil dele med oss amerikanere sin kultur, spesielt deres fokus p\u00e5 lokalsamfunnet, og harmonien mellom mennesket og naturen. &nbsp;<\/p>\n\n\n\n<p class=\"has-text-align-left\">Jeg annonserte min intensjon om \u00e5 stille som kandidat i presidentvalget i februar (2020). Jeg holdt taler, m\u00f8tte amerikanere spesielt de som lider under konsekvensene av den grunnleggende moralske forr\u00e5tnelsen i v\u00e5rt land. Med deres innspill, begynte jeg \u00e5 stake ut en positiv retning for USA, en fremtid der vi beveger oss bort fra den farlige kulturen med forbruk, utvinning og endel\u00f8se kriger som har infisert nasjonen som et forferdelig virus og som har blitt forsterket av farlige parasitter.<\/p>\n\n\n\n<p class=\"has-text-align-left\">F\u00e5 blant tidligere studenter ved Yale og Harvard som jeg tidligere omgikk, menneskene som var mine likemenn da jeg startet denne karrieren, er villige til \u00e5 sp\u00f8rre om de andre \u00abkandidatene\u00bb er kvalifiserte til \u00e5 v\u00e6re president, og om dette valget, eller det forrige, gitt den omfattende stemme-manipulasjonen og misledende rapportering om saker, fortjener \u00e5 kalles et valg i det hele tatt. De har bare avvist mine bestrebelser.<\/p>\n\n\n\n<p class=\"has-text-align-left\">Men arbeiderne jeg m\u00f8ter, som jeg jobber med, forst\u00e5r hva jeg snakker om. De vet at jeg var arbeidsledig fra januar, tvunget ut av mitt hjem og at min kone ble alvorlig syk p\u00e5 grunn av traumaene fra fors\u00f8kene p\u00e5 \u00e5 holde familien samlet. Jeg vet hva de snakker om, fordi jeg har opplevd det selv.<br><br>Hvis vi ikke har et valg der noen som meg kan v\u00e6re en kandidat, kan ha en mulighet til \u00e5 f\u00e5 mediedekning, s\u00e5 er det ikke valg vi avholder, men i stedet en imponerende svindel.<br>&nbsp;<br>\u2014\u2014\u2014\u2014\u2014\u2014\u2014\u2014\u2014\u2014\u2014\u2014\u2014\u2014\u2013<\/p>\n\n\n\n<p class=\"has-text-align-left\">Introduksjon til Emanuel Pastreich<\/p>\n\n\n\n<p class=\"has-text-align-left\">Emanuel Pastreich har tr\u00e5dt frem over de siste to ti\u00e5rene, som den ledende stemmen for en rasjonell amerikansk politikk i diplomati og sikkerhet med skarp fokus p\u00e5 klima og kollapsen i biodiversitet, den katastrofale effekten av ny teknologi p\u00e5 det menneskelige samfunn, den eksponentielle konsentrasjonen av rikdom og det globale v\u00e5penkappl\u00f8pet.<\/p>\n\n\n\n<p class=\"has-text-align-left\">Han krever at de trillioner av dollar som er gitt til store selskap det siste \u00e5ret, tilbakebetales, at konglomerater som Amazon og Facebook skal drives som regulerte kooperativer og at eiendelene til fossil-energi selskap skal beslaglegges umiddelbart og deres eiere og administratorer tiltalt for \u00e5 kriminelt ha presentert forfalsket informasjon til myndigheter og folket om klimaendringene.<br><br>Pastreich startet sin karriere som professor ved University of Illinois, Urbana-Campaign i 1998,og er en Asia-ekspert som snakker koreansk, japansk og kinesisk flytende. Han er for tiden president for Asia Institute, en tankesmie som fokuserer p\u00e5 diplomati, sikkerhet og teknologi, basert i Washington D.C., Seoul, Tokyo og Hanoi.<\/p>\n\n<\/div><\/div>\n<\/div><\/div>\n<\/div>\n<\/div>\n<\/div>\n<\/div><\/div>\n\n<\/div>\n\n<div class=\"gb-container gb-container-0342e94c\">\n<div class=\"gb-grid-wrapper gb-grid-wrapper-16a74dcc download-btn\">\n<div class=\"gb-grid-column gb-grid-column-1a2b224e\"><div class=\"gb-container gb-container-1a2b224e\">\n<div class=\"gb-container gb-container-e8d2a878\">\n\n<div class=\"wp-block-buttons is-content-justification-right is-layout-flex wp-container-core-buttons-is-layout-c688d3c3 wp-block-buttons-is-layout-flex\">\n<div class=\"wp-block-button white_btn is-style-fill\"><a class=\"wp-block-button__link has-contrast-2-background-color has-background wp-element-button\" style=\"border-radius:0px\">Book coming soon (Bok kommer snart)<\/a><\/div>\n<\/div>\n\n<\/div>\n<\/div><\/div>\n<\/div>\n<\/div>","protected":false},"excerpt":{"rendered":"<p>Norsk Jeg skal ikke frykte noe ondt<\/p>\n","protected":false},"author":1,"featured_media":0,"parent":0,"menu_order":0,"comment_status":"closed","ping_status":"closed","template":"","meta":{"footnotes":""},"class_list":["post-1026","page","type-page","status-publish"],"yoast_head":"<!-- This site is optimized with the Yoast SEO Premium plugin v20.8 (Yoast SEO v27.4) - https:\/\/yoast.com\/product\/yoast-seo-premium-wordpress\/ -->\n<title>Norsk - The Center for Truth Politics<\/title>\n<meta name=\"description\" content=\"Norsk\" \/>\n<meta name=\"robots\" content=\"index, follow, max-snippet:-1, max-image-preview:large, max-video-preview:-1\" \/>\n<link rel=\"canonical\" href=\"https:\/\/green-liberty.org\/ctp\/norsk\/\" \/>\n<meta property=\"og:locale\" content=\"en_US\" \/>\n<meta property=\"og:type\" content=\"article\" \/>\n<meta property=\"og:title\" content=\"Norsk\" \/>\n<meta property=\"og:description\" content=\"Norsk\" \/>\n<meta property=\"og:url\" content=\"https:\/\/green-liberty.org\/ctp\/norsk\/\" \/>\n<meta property=\"og:site_name\" content=\"The Center for Truth Politics\" \/>\n<meta property=\"article:modified_time\" content=\"2024-03-18T15:20:31+00:00\" \/>\n<meta property=\"og:image\" content=\"https:\/\/emanuelpastreich24.org\/wp-content\/uploads\/2023\/11\/book_fear-no-evil_norsk.jpg\" \/>\n<meta name=\"twitter:card\" content=\"summary_large_image\" \/>\n<meta name=\"twitter:label1\" content=\"Est. reading time\" \/>\n\t<meta name=\"twitter:data1\" content=\"5 minutes\" \/>\n<script type=\"application\/ld+json\" class=\"yoast-schema-graph\">{\"@context\":\"https:\\\/\\\/schema.org\",\"@graph\":[{\"@type\":\"Article\",\"@id\":\"https:\\\/\\\/green-liberty.org\\\/ctp\\\/norsk\\\/#article\",\"isPartOf\":{\"@id\":\"https:\\\/\\\/green-liberty.org\\\/ctp\\\/norsk\\\/\"},\"author\":{\"name\":\"Emanuel\",\"@id\":\"https:\\\/\\\/green-liberty.org\\\/ctp\\\/#\\\/schema\\\/person\\\/a112bbbf05b30d34be7e1dc7797b9d16\"},\"headline\":\"Norsk\",\"datePublished\":\"2023-08-19T09:54:19+00:00\",\"dateModified\":\"2024-03-18T15:20:31+00:00\",\"mainEntityOfPage\":{\"@id\":\"https:\\\/\\\/green-liberty.org\\\/ctp\\\/norsk\\\/\"},\"wordCount\":1039,\"publisher\":{\"@id\":\"https:\\\/\\\/green-liberty.org\\\/ctp\\\/#\\\/schema\\\/person\\\/a112bbbf05b30d34be7e1dc7797b9d16\"},\"image\":{\"@id\":\"https:\\\/\\\/green-liberty.org\\\/ctp\\\/norsk\\\/#primaryimage\"},\"thumbnailUrl\":\"https:\\\/\\\/green-liberty.org\\\/ctp\\\/wp-content\\\/uploads\\\/2023\\\/11\\\/book_fear-no-evil_norsk.jpg\",\"inLanguage\":\"en-US\"},{\"@type\":\"WebPage\",\"@id\":\"https:\\\/\\\/green-liberty.org\\\/ctp\\\/norsk\\\/\",\"url\":\"https:\\\/\\\/green-liberty.org\\\/ctp\\\/norsk\\\/\",\"name\":\"Norsk - The Center for Truth Politics\",\"isPartOf\":{\"@id\":\"https:\\\/\\\/green-liberty.org\\\/ctp\\\/#website\"},\"primaryImageOfPage\":{\"@id\":\"https:\\\/\\\/green-liberty.org\\\/ctp\\\/norsk\\\/#primaryimage\"},\"image\":{\"@id\":\"https:\\\/\\\/green-liberty.org\\\/ctp\\\/norsk\\\/#primaryimage\"},\"thumbnailUrl\":\"https:\\\/\\\/green-liberty.org\\\/ctp\\\/wp-content\\\/uploads\\\/2023\\\/11\\\/book_fear-no-evil_norsk.jpg\",\"datePublished\":\"2023-08-19T09:54:19+00:00\",\"dateModified\":\"2024-03-18T15:20:31+00:00\",\"description\":\"Norsk\",\"breadcrumb\":{\"@id\":\"https:\\\/\\\/green-liberty.org\\\/ctp\\\/norsk\\\/#breadcrumb\"},\"inLanguage\":\"en-US\",\"potentialAction\":[{\"@type\":\"ReadAction\",\"target\":[\"https:\\\/\\\/green-liberty.org\\\/ctp\\\/norsk\\\/\"]}]},{\"@type\":\"ImageObject\",\"inLanguage\":\"en-US\",\"@id\":\"https:\\\/\\\/green-liberty.org\\\/ctp\\\/norsk\\\/#primaryimage\",\"url\":\"https:\\\/\\\/green-liberty.org\\\/ctp\\\/wp-content\\\/uploads\\\/2023\\\/11\\\/book_fear-no-evil_norsk.jpg\",\"contentUrl\":\"https:\\\/\\\/green-liberty.org\\\/ctp\\\/wp-content\\\/uploads\\\/2023\\\/11\\\/book_fear-no-evil_norsk.jpg\",\"width\":428,\"height\":613},{\"@type\":\"BreadcrumbList\",\"@id\":\"https:\\\/\\\/green-liberty.org\\\/ctp\\\/norsk\\\/#breadcrumb\",\"itemListElement\":[{\"@type\":\"ListItem\",\"position\":1,\"name\":\"Home\",\"item\":\"https:\\\/\\\/green-liberty.org\\\/ctp\\\/\"},{\"@type\":\"ListItem\",\"position\":2,\"name\":\"Norsk\"}]},{\"@type\":\"WebSite\",\"@id\":\"https:\\\/\\\/green-liberty.org\\\/ctp\\\/#website\",\"url\":\"https:\\\/\\\/green-liberty.org\\\/ctp\\\/\",\"name\":\"The Center for Truth Politics\",\"description\":\"The Center for Truth Politics in the United States, led by Emanuel Pastreich\",\"publisher\":{\"@id\":\"https:\\\/\\\/green-liberty.org\\\/ctp\\\/#\\\/schema\\\/person\\\/a112bbbf05b30d34be7e1dc7797b9d16\"},\"alternateName\":\"The Center for Truth Politics, let by Emanuel Pastreich\",\"potentialAction\":[{\"@type\":\"SearchAction\",\"target\":{\"@type\":\"EntryPoint\",\"urlTemplate\":\"https:\\\/\\\/green-liberty.org\\\/ctp\\\/?s={search_term_string}\"},\"query-input\":{\"@type\":\"PropertyValueSpecification\",\"valueRequired\":true,\"valueName\":\"search_term_string\"}}],\"inLanguage\":\"en-US\"},{\"@type\":[\"Person\",\"Organization\"],\"@id\":\"https:\\\/\\\/green-liberty.org\\\/ctp\\\/#\\\/schema\\\/person\\\/a112bbbf05b30d34be7e1dc7797b9d16\",\"name\":\"Emanuel\",\"image\":{\"@type\":\"ImageObject\",\"inLanguage\":\"en-US\",\"@id\":\"https:\\\/\\\/secure.gravatar.com\\\/avatar\\\/?s=96&d=mm&r=g\",\"url\":\"https:\\\/\\\/secure.gravatar.com\\\/avatar\\\/?s=96&d=mm&r=g\",\"contentUrl\":\"https:\\\/\\\/secure.gravatar.com\\\/avatar\\\/?s=96&d=mm&r=g\",\"caption\":\"Emanuel\"},\"logo\":{\"@id\":\"https:\\\/\\\/secure.gravatar.com\\\/avatar\\\/?s=96&d=mm&r=g\"},\"url\":\"https:\\\/\\\/green-liberty.org\\\/ctp\\\/author\\\/admin_ctp\\\/\"}]}<\/script>\n<!-- \/ Yoast SEO Premium plugin. -->","yoast_head_json":{"title":"Norsk - The Center for Truth Politics","description":"Norsk","robots":{"index":"index","follow":"follow","max-snippet":"max-snippet:-1","max-image-preview":"max-image-preview:large","max-video-preview":"max-video-preview:-1"},"canonical":"https:\/\/green-liberty.org\/ctp\/norsk\/","og_locale":"en_US","og_type":"article","og_title":"Norsk","og_description":"Norsk","og_url":"https:\/\/green-liberty.org\/ctp\/norsk\/","og_site_name":"The Center for Truth Politics","article_modified_time":"2024-03-18T15:20:31+00:00","og_image":[{"url":"https:\/\/emanuelpastreich24.org\/wp-content\/uploads\/2023\/11\/book_fear-no-evil_norsk.jpg","type":"","width":"","height":""}],"twitter_card":"summary_large_image","twitter_misc":{"Est. reading time":"5 minutes"},"schema":{"@context":"https:\/\/schema.org","@graph":[{"@type":"Article","@id":"https:\/\/green-liberty.org\/ctp\/norsk\/#article","isPartOf":{"@id":"https:\/\/green-liberty.org\/ctp\/norsk\/"},"author":{"name":"Emanuel","@id":"https:\/\/green-liberty.org\/ctp\/#\/schema\/person\/a112bbbf05b30d34be7e1dc7797b9d16"},"headline":"Norsk","datePublished":"2023-08-19T09:54:19+00:00","dateModified":"2024-03-18T15:20:31+00:00","mainEntityOfPage":{"@id":"https:\/\/green-liberty.org\/ctp\/norsk\/"},"wordCount":1039,"publisher":{"@id":"https:\/\/green-liberty.org\/ctp\/#\/schema\/person\/a112bbbf05b30d34be7e1dc7797b9d16"},"image":{"@id":"https:\/\/green-liberty.org\/ctp\/norsk\/#primaryimage"},"thumbnailUrl":"https:\/\/green-liberty.org\/ctp\/wp-content\/uploads\/2023\/11\/book_fear-no-evil_norsk.jpg","inLanguage":"en-US"},{"@type":"WebPage","@id":"https:\/\/green-liberty.org\/ctp\/norsk\/","url":"https:\/\/green-liberty.org\/ctp\/norsk\/","name":"Norsk - The Center for Truth Politics","isPartOf":{"@id":"https:\/\/green-liberty.org\/ctp\/#website"},"primaryImageOfPage":{"@id":"https:\/\/green-liberty.org\/ctp\/norsk\/#primaryimage"},"image":{"@id":"https:\/\/green-liberty.org\/ctp\/norsk\/#primaryimage"},"thumbnailUrl":"https:\/\/green-liberty.org\/ctp\/wp-content\/uploads\/2023\/11\/book_fear-no-evil_norsk.jpg","datePublished":"2023-08-19T09:54:19+00:00","dateModified":"2024-03-18T15:20:31+00:00","description":"Norsk","breadcrumb":{"@id":"https:\/\/green-liberty.org\/ctp\/norsk\/#breadcrumb"},"inLanguage":"en-US","potentialAction":[{"@type":"ReadAction","target":["https:\/\/green-liberty.org\/ctp\/norsk\/"]}]},{"@type":"ImageObject","inLanguage":"en-US","@id":"https:\/\/green-liberty.org\/ctp\/norsk\/#primaryimage","url":"https:\/\/green-liberty.org\/ctp\/wp-content\/uploads\/2023\/11\/book_fear-no-evil_norsk.jpg","contentUrl":"https:\/\/green-liberty.org\/ctp\/wp-content\/uploads\/2023\/11\/book_fear-no-evil_norsk.jpg","width":428,"height":613},{"@type":"BreadcrumbList","@id":"https:\/\/green-liberty.org\/ctp\/norsk\/#breadcrumb","itemListElement":[{"@type":"ListItem","position":1,"name":"Home","item":"https:\/\/green-liberty.org\/ctp\/"},{"@type":"ListItem","position":2,"name":"Norsk"}]},{"@type":"WebSite","@id":"https:\/\/green-liberty.org\/ctp\/#website","url":"https:\/\/green-liberty.org\/ctp\/","name":"The Center for Truth Politics","description":"The Center for Truth Politics in the United States, led by Emanuel Pastreich","publisher":{"@id":"https:\/\/green-liberty.org\/ctp\/#\/schema\/person\/a112bbbf05b30d34be7e1dc7797b9d16"},"alternateName":"The Center for Truth Politics, let by Emanuel Pastreich","potentialAction":[{"@type":"SearchAction","target":{"@type":"EntryPoint","urlTemplate":"https:\/\/green-liberty.org\/ctp\/?s={search_term_string}"},"query-input":{"@type":"PropertyValueSpecification","valueRequired":true,"valueName":"search_term_string"}}],"inLanguage":"en-US"},{"@type":["Person","Organization"],"@id":"https:\/\/green-liberty.org\/ctp\/#\/schema\/person\/a112bbbf05b30d34be7e1dc7797b9d16","name":"Emanuel","image":{"@type":"ImageObject","inLanguage":"en-US","@id":"https:\/\/secure.gravatar.com\/avatar\/?s=96&d=mm&r=g","url":"https:\/\/secure.gravatar.com\/avatar\/?s=96&d=mm&r=g","contentUrl":"https:\/\/secure.gravatar.com\/avatar\/?s=96&d=mm&r=g","caption":"Emanuel"},"logo":{"@id":"https:\/\/secure.gravatar.com\/avatar\/?s=96&d=mm&r=g"},"url":"https:\/\/green-liberty.org\/ctp\/author\/admin_ctp\/"}]}},"_links":{"self":[{"href":"https:\/\/green-liberty.org\/ctp\/wp-json\/wp\/v2\/pages\/1026","targetHints":{"allow":["GET"]}}],"collection":[{"href":"https:\/\/green-liberty.org\/ctp\/wp-json\/wp\/v2\/pages"}],"about":[{"href":"https:\/\/green-liberty.org\/ctp\/wp-json\/wp\/v2\/types\/page"}],"author":[{"embeddable":true,"href":"https:\/\/green-liberty.org\/ctp\/wp-json\/wp\/v2\/users\/1"}],"replies":[{"embeddable":true,"href":"https:\/\/green-liberty.org\/ctp\/wp-json\/wp\/v2\/comments?post=1026"}],"version-history":[{"count":5,"href":"https:\/\/green-liberty.org\/ctp\/wp-json\/wp\/v2\/pages\/1026\/revisions"}],"predecessor-version":[{"id":5809,"href":"https:\/\/green-liberty.org\/ctp\/wp-json\/wp\/v2\/pages\/1026\/revisions\/5809"}],"wp:attachment":[{"href":"https:\/\/green-liberty.org\/ctp\/wp-json\/wp\/v2\/media?parent=1026"}],"curies":[{"name":"wp","href":"https:\/\/api.w.org\/{rel}","templated":true}]}}