{"id":1009,"date":"2023-08-19T09:38:03","date_gmt":"2023-08-19T09:38:03","guid":{"rendered":"https:\/\/www.worldsupport.jp\/dev\/wp_sandbox1\/?page_id=1009"},"modified":"2024-03-18T15:20:31","modified_gmt":"2024-03-18T15:20:31","slug":"svenska","status":"publish","type":"page","link":"https:\/\/green-liberty.org\/ctp\/svenska\/","title":{"rendered":"Svenska"},"content":{"rendered":"<div class=\"gb-container gb-container-84dbe6f3 alignfull\">\n\n<h2 class=\"gb-headline gb-headline-3a49f21d gb-headline-text\"><strong><strong>Svenska<\/strong><\/strong><\/h2>\n\n<\/div>\n\n<div class=\"gb-container gb-container-baee883e\">\n\n<h2 class=\"gb-headline gb-headline-b833639a gb-headline-text\"><strong>Jag fruktar ingen ondska<\/strong><\/h2>\n\n\n<div class=\"gb-grid-wrapper gb-grid-wrapper-fc1125cc\">\n<div class=\"gb-grid-column gb-grid-column-d8e03f1a\"><div class=\"gb-container gb-container-d8e03f1a\">\n\n<figure class=\"wp-block-gallery has-nested-images columns-default is-cropped wp-block-gallery-1 is-layout-flex wp-block-gallery-is-layout-flex\">\n<figure class=\"wp-block-image alignwide size-full\"><img loading=\"lazy\" decoding=\"async\" width=\"428\" height=\"613\" data-id=\"1011\" src=\"https:\/\/green-liberty.org\/ctp\/wp-content\/uploads\/2023\/08\/book_fear-no-evil_swedish.jpg\" alt=\"\" class=\"wp-image-1011\" srcset=\"https:\/\/green-liberty.org\/ctp\/wp-content\/uploads\/2023\/08\/book_fear-no-evil_swedish.jpg 428w, https:\/\/green-liberty.org\/ctp\/wp-content\/uploads\/2023\/08\/book_fear-no-evil_swedish-209x300.jpg 209w\" sizes=\"auto, (max-width: 428px) 100vw, 428px\" \/><\/figure>\n<\/figure>\n\n<\/div><\/div>\n\n<div class=\"gb-grid-column gb-grid-column-66e9d11a\"><div class=\"gb-container gb-container-66e9d11a\">\n\n<p><br>Introduktion f\u00f6r Sveriges \u00e4rade medborgare<\/p>\n\n\n\n<p>Under den misslyckade och missvisade presidentkampanjen f\u00f6rra \u00e5ret lyftes Sverige upprepade g\u00e5nger av amerikanska presidentkandidater som en modell f\u00f6r vad som kunde uppn\u00e5s inom social v\u00e4lf\u00e4rd och inom medicinsk v\u00e5rd. Det finns s\u00e5 mycket vi kan l\u00e4ra oss av Sveriges anm\u00e4rkningsv\u00e4rda prestationer. Att l\u00e4ra sig av svensk medicinsk v\u00e5rd samtidigt som man hanterade COVID19 bluffen verkade dock inte s\u00e4rskilt bra f\u00f6r n\u00e5gon.<\/p>\n\n\n\n<p>\u00c4nnu viktigare, jag k\u00e4nde att fr\u00e5nskilja Sveriges prestationer fr\u00e5n den komplexa historiska processen som f\u00f6dde det moderna Sverige och gl\u00f6mma hur m\u00e5nga fattiga svenskar som \u00f6versv\u00e4mmade Chicago p\u00e5 1800-talet, hur m\u00e5nga h\u00e5rt arbetande svenskar byggde familjejordbruk \u00f6ver hela USA som bidrog till det b\u00e4sta av v\u00e5ra demokratiska jordbrukstraditioner, jordbrukstraditioner som har brutits upp och br\u00e4nts av f\u00f6retag, g\u00f6r dessa framg\u00e5ngar sv\u00e5ra att till\u00e4mpa i USA. Sverige \u00e4r inte fr\u00e4mmande f\u00f6r USA. Jag k\u00e4nner till utmaningarna f\u00f6r dessa svenskar i USA fr\u00e5n Vilhelm Mobergs romaner, speciellt \u201cEmigranterna\u201d, och jag vet hur n\u00e4ra sammanv\u00e4vda v\u00e5ra \u00f6den \u00e4r fr\u00e5n m\u00e5nga amerikanska v\u00e4nner av svensk h\u00e4rkomst.<\/p>\n\n\n\n<p>F\u00f6r den delen har den svenska id\u00e9n om balans i livet, \u201clagom\u201d varit till stor hj\u00e4lp f\u00f6r mig n\u00e4r jag f\u00f6rs\u00f6kte svara p\u00e5 de politiska ytterligheter som slet s\u00f6nder USA. \u201dLagom\u201d f\u00f6resl\u00e5r den hederv\u00e4rda traditionen av blygsamhet och avh\u00e5llsamhet som har m\u00f6rdats av den konsumentdrivna och narcissistiska kulturen som tvingats p\u00e5 amerikanerna av reklamf\u00f6retag som \u00e4gnar sig \u00e5t att f\u00f6rst\u00f6ra v\u00e5ra grundl\u00e4ggande v\u00e4rderingar.<\/p>\n\n<\/div><\/div>\n<\/div>\n<\/div>\n\n<div class=\"gb-container gb-container-20e00f90\">\n\n<div class=\"wp-block-group\"><div class=\"wp-block-group__inner-container is-layout-constrained wp-block-group-is-layout-constrained\">\n<div class=\"wp-block-columns is-layout-flex wp-container-core-columns-is-layout-9d6595d7 wp-block-columns-is-layout-flex\">\n<div class=\"wp-block-column is-layout-flow wp-block-column-is-layout-flow\" style=\"flex-basis:100%\">\n<div class=\"wp-block-columns is-layout-flex wp-container-core-columns-is-layout-9d6595d7 wp-block-columns-is-layout-flex\">\n<div class=\"wp-block-column is-layout-flow wp-block-column-is-layout-flow\" style=\"flex-basis:100%\"><div class=\"gb-grid-wrapper gb-grid-wrapper-921fed35\">\n<div class=\"gb-grid-column gb-grid-column-5c84b851\"><div class=\"gb-container gb-container-5c84b851\">\n\n<p class=\"has-text-align-left\">Vi f\u00e5r inte l\u00e5ta sm\u00e5prat om det svenska v\u00e4lf\u00e4rdssystemet distrahera oss fr\u00e5n det verkliga hotet.<\/p>\n\n\n\n<p class=\"has-text-align-left\">Vi st\u00e5r inf\u00f6r en kris i USA och i Sverige som \u00e4r st\u00f6rre \u00e4n n\u00e5gon politisk debatt. Krisen handlar inte om amerikanska sjukf\u00f6rs\u00e4kringsprogram, eller b\u00e4ttre socialf\u00f6rs\u00e4kringsprogram, som bygger p\u00e5 tidigare svenska modeller.<\/p>\n\n\n\n<p class=\"has-text-align-left\">Krisen \u00e4r inte att Sverige och USA kommer att invaderas av ett ont kinesiskt kommunistparti.<\/p>\n\n\n\n<p class=\"has-text-align-left\">Krisen \u00e4r att en osynlig totalit\u00e4r regering som drivs av globala finansi\u00e4rer, som g\u00f6mmer sig tydligt under kodordet \u201cCOVID19\u201d, kommer att g\u00f6ra oss alla till slavar, som kommer att m\u00f6ta d\u00f6den eller f\u00f6rpassas till COVID19-l\u00e4ger om vi inte f\u00f6ljer dess h\u00e4nsynsl\u00f6sa ordrer inom en snar framtid, inom de n\u00e4rmaste sex m\u00e5naderna.<\/p>\n\n\n\n<p class=\"has-text-align-left\">Vi kan prata om problemen med den amerikanska privatiseringen av sjukf\u00f6rs\u00e4kring eller hoten om beroende av kinesisk kapital senare efter att vi har konfronterat och begr\u00e4nsat detta angrepp p\u00e5 v\u00e5r frihet. St\u00f6d f\u00f6r denna anti-covid 19 USA-svenska allians \u00e4r vad jag f\u00f6rst och fr\u00e4mst ber dig om.<\/p>\n\n\n\n<p class=\"has-text-align-left\">Det kanske f\u00f6rv\u00e5nar dig att Sverige tagit en s\u00e5n stor del av mina tankar n\u00e4r jag planerade och genomf\u00f6rde min kampanj f\u00f6r att bli USA:s n\u00e4sta president. Jag tittade p\u00e5 Sveriges historia n\u00e4r jag funderade p\u00e5 hur jag skulle kunna leda ett vilset USA i en mer positiv riktning f\u00f6r v\u00e5r planets framtid.<\/p>\n\n\n\n<p class=\"has-text-align-left\">Dessutom har jag omfattande familjeband i Europa i en grad som ingen annan amerikansk presidentkandidat har.<\/p>\n\n\n\n<p class=\"has-text-align-left\">Min mamma f\u00f6ddes i Luxemburg och \u00e4r fortfarande medborgare i det landet. Min moster Jeanne Rouff var den f\u00f6rsta kvinnliga domaren vid Luxemburgs h\u00f6gsta domstol och min moster och farbror arbetade ocks\u00e5 f\u00f6r Luxemburgs regering.<\/p>\n\n\n\n<p class=\"has-text-align-left\">Jag var fascinerad av Europas historia som barn och hur de institutioner vi \u00e5tnjuter idag bildades genom strider, genom djupa skrifter fr\u00e5n de historiska filosoferna, m\u00e4nniskor vi aldrig tr\u00e4ffat och i m\u00e5nga fall inte ens visste vilka de var.<\/p>\n\n\n\n<p class=\"has-text-align-left\">Sverige var en g\u00e5ng ett stort imperium, men valde att h\u00e4vda sin moraliska auktoritet som medlem i lokalsamh\u00e4llet, att f\u00f6rs\u00f6ka uppr\u00e4tth\u00e5lla neutralitet och fr\u00e4mja samarbete ist\u00e4llet f\u00f6r imperialism. Den historiska processen genom vilken Sverige transformerade sig kommer att vara avg\u00f6rande f\u00f6r USA. Vi m\u00e5ste l\u00e4ra oss, som Sverige gjorde, hur man kan sluta vara ett imperium och bli ett centrum f\u00f6r att fr\u00e4mja regionalt samarbete och internationell fred.<\/p>\n\n\n\n<p class=\"has-text-align-left\">Precis som Sverige accepterade den geopolitiska verkligheten efter Karl XII och r\u00f6rde sig bort fr\u00e5n Gustav Adolfs stora visioner, kommer USA att omvandla sina milit\u00e4rbaser runt om i v\u00e4rlden till centrum f\u00f6r internationell forskning om biologisk m\u00e5ngfald, klimatf\u00f6r\u00e4ndringar, r\u00e4ddningen av havens ekosystem och bevarande av lokala samh\u00e4llen. Allt kommer att f\u00f6r\u00e4ndras i USA, och det kommer att f\u00f6r\u00e4ndras helt.<\/p>\n\n\n\n<p class=\"has-text-align-left\">Precis som min mors hem, Luxemburg, spelar Sverige en viktig roll i den globala styrningen utan att vara en \u00f6verv\u00e4ldigande milit\u00e4r eller ekonomisk makt eller ett hot. Det \u00e4r en nation som \u00e4r medveten om mindre staters behov inom ett globalt system. Sveriges ledarskap drar inte uppm\u00e4rksamheten till sig och \u00e4r \u201cprimus inter pares.\u201d Det \u00e4r exakt den riktningen USA m\u00e5ste ta.<\/p>\n\n\n\n<p class=\"has-text-align-left\">Jag vet att om USA vill \u00f6verleva, m\u00e5ste det helt \u00e4ndra kurs. Det \u00e4r syftet med min kampanj.<\/p>\n\n\n\n<p class=\"has-text-align-left\">Slutligen kommer svaret p\u00e5 klimatf\u00f6r\u00e4ndringarna att vara centralt f\u00f6r min administration och Sverige \u00e4r utg\u00e5ngsl\u00e4get. Sveriges anstr\u00e4ngningar att anpassa sig p\u00e5 l\u00e5ng sikt till det stigande havet och till f\u00f6r\u00e4ndringarna i sitt klimat har varit mycket mer vetenskapliga och systematiska \u00e4n v\u00e5ra och vi hoppas att det fr\u00e4msta f\u00e4ltet f\u00f6r samarbete i s\u00e4kerhetsfr\u00e5gor mellan v\u00e5ra tv\u00e5 l\u00e4nder kommer att vara anpassning till klimatf\u00f6r\u00e4ndringar och inf\u00f6randet av en h\u00e5llbar ekonomisk modell som str\u00e4cker sig f\u00f6rbi konsumtion och tillv\u00e4xt. Vi har mycket att l\u00e4ra av er.<\/p>\n\n\n\n<p class=\"has-text-align-left\">Jag tillk\u00e4nnagav min avsikt att delta i presidentvalet under februari (2020). Jag h\u00f6ll tal, tr\u00e4ffade medamerikaner, s\u00e4rskilt de som drabbas av konsekvenserna av den djupa moraliska r\u00f6tan i v\u00e5rt land. Med deras insatser, med deras hj\u00e4lp, b\u00f6rjade jag kartl\u00e4gga en positiv riktning f\u00f6r USA, en framtid d\u00e4r vi g\u00e5r bort fr\u00e5n den farliga kulturen av konsumtion, utvinning och o\u00e4ndligt krigande som har infekterat nationen som ett fruktansv\u00e4rt virus och att har f\u00f6rst\u00e4rkts av farliga parasiter.<\/p>\n\n\n\n<p class=\"has-text-align-left\">F\u00e5 av de Yale- och Harvardstudenter som jag en g\u00e5ng f\u00f6rknippade mig med, de m\u00e4nniskor som var mina kamrater n\u00e4r jag b\u00f6rjade min karri\u00e4r, \u00e4r villiga att ens ifr\u00e5gas\u00e4tta om de andra \u201ckandidaterna\u201d \u00e4r kvalificerade att vara president, eller om detta val eller det f\u00f6reg\u00e5ende best\u00e5ende av omfattande r\u00f6stmanipulation och vilseledande rapportering ens b\u00f6r kallas ett val. De avf\u00e4rdade bara mina tankar och mina visioner utan vidare.<\/p>\n\n\n\n<p class=\"has-text-align-left\">Men de arbetande m\u00e4nniskorna som jag tr\u00e4ffar, som jag arbetar med, f\u00f6rst\u00e5r vad jag pratar om. De vet att jag blev arbetsl\u00f6s i januari, tvingades ut ur mitt hem och att min fru blev allvarligt sjuk p\u00e5 grund av det trauma som uppstod av att f\u00f6rs\u00f6ka h\u00e5lla ihop v\u00e5r familj. Jag vet vad de pratar om eftersom jag sj\u00e4lv upplevde det.<\/p>\n\n\n\n<p class=\"has-text-align-left\">Om vi \u200b\u200binte har ett val d\u00e4r n\u00e5gon som jag kan vara en kandidat, kan ha en chans att f\u00e5 utrymme i media, har vi ingen valr\u00f6relse utan snarare en imponerande bluff.<\/p>\n\n\n\n<p class=\"has-text-align-left\"><br>\u2014\u2014\u2014\u2014\u2014\u2014\u2014\u2014\u2014\u2014\u2014\u2014\u2014\u2014\u2013<\/p>\n\n\n\n<p class=\"has-text-align-left\">En inledning till Emanuel Pastreich<\/p>\n\n\n\n<p class=\"has-text-align-left\">Emanuel Pastreich har framtr\u00e4tt under de senaste tv\u00e5 decennierna som den ledande r\u00f6sten f\u00f6r en rationell amerikansk politik inom diplomati och s\u00e4kerhet med laserfokus p\u00e5 klimat och den biologiska m\u00e5ngfaldens kollaps, den katastrofala effekten av ny teknik p\u00e5 det m\u00e4nskliga samh\u00e4llet, den exponentiella koncentrationen av rikedom och ett globalt vapenlopp.<\/p>\n\n\n\n<p class=\"has-text-align-left\">Han kr\u00e4ver att de biljoner som givits till f\u00f6retag under det senaste \u00e5ret ska returneras, att konglomerat som Amazon och Facebook drivs som reglerade kooperativ och att tillg\u00e5ngarna i f\u00f6retag som framst\u00e4ller fossila br\u00e4nslen beslagtas omedelbart och att deras \u00e4gare och administrat\u00f6rer \u00e5talas f\u00f6r deras brottsliga manipulation av informationen till regeringar och folket om klimatf\u00f6r\u00e4ndringarna.<\/p>\n\n\n\n<p class=\"has-text-align-left\">En asienexpert som talar flytande koreanska, japanska och kinesiska, Pastreich b\u00f6rjade sin karri\u00e4r som professor vid University of Illinois, Urbana-Champaign 1998. Han \u00e4r f\u00f6r n\u00e4rvarande president f\u00f6r Asia Institute, en tankesmedja med fokus p\u00e5 diplomati, s\u00e4kerhet och teknik. i Washington DC, Seoul, Tokyo och Hanoi.<\/p>\n\n<\/div><\/div>\n<\/div><\/div>\n<\/div>\n<\/div>\n<\/div>\n<\/div><\/div>\n\n<\/div>\n\n<div class=\"gb-container gb-container-0342e94c\">\n<div class=\"gb-grid-wrapper gb-grid-wrapper-16a74dcc download-btn\">\n<div class=\"gb-grid-column gb-grid-column-1a2b224e\"><div class=\"gb-container gb-container-1a2b224e\">\n<div class=\"gb-container gb-container-e8d2a878\">\n\n<div class=\"wp-block-buttons is-content-justification-right is-layout-flex wp-container-core-buttons-is-layout-c688d3c3 wp-block-buttons-is-layout-flex\">\n<div class=\"wp-block-button white_btn is-style-fill\"><a class=\"wp-block-button__link has-contrast-2-background-color has-background wp-element-button\" style=\"border-radius:0px\">Book coming soon (Boken kommer snart)<\/a><\/div>\n<\/div>\n\n<\/div>\n<\/div><\/div>\n<\/div>\n<\/div>","protected":false},"excerpt":{"rendered":"<p>Svenska Jag fruktar ingen ondska<\/p>\n","protected":false},"author":1,"featured_media":0,"parent":0,"menu_order":0,"comment_status":"closed","ping_status":"closed","template":"","meta":{"footnotes":""},"class_list":["post-1009","page","type-page","status-publish"],"yoast_head":"<!-- This site is optimized with the Yoast SEO Premium plugin v20.8 (Yoast SEO v27.4) - https:\/\/yoast.com\/product\/yoast-seo-premium-wordpress\/ -->\n<title>Svenska - The Center for Truth Politics<\/title>\n<meta name=\"description\" content=\"Svenska\" \/>\n<meta name=\"robots\" content=\"index, follow, max-snippet:-1, max-image-preview:large, max-video-preview:-1\" \/>\n<link rel=\"canonical\" href=\"https:\/\/green-liberty.org\/ctp\/svenska\/\" \/>\n<meta property=\"og:locale\" content=\"en_US\" \/>\n<meta property=\"og:type\" content=\"article\" \/>\n<meta property=\"og:title\" content=\"Svenska\" \/>\n<meta property=\"og:description\" content=\"Svenska\" \/>\n<meta property=\"og:url\" content=\"https:\/\/green-liberty.org\/ctp\/svenska\/\" \/>\n<meta property=\"og:site_name\" content=\"The Center for Truth Politics\" \/>\n<meta property=\"article:modified_time\" content=\"2024-03-18T15:20:31+00:00\" \/>\n<meta property=\"og:image\" content=\"https:\/\/emanuelpastreich24.org\/wp-content\/uploads\/2023\/08\/book_fear-no-evil_swedish.jpg\" \/>\n<meta name=\"twitter:card\" content=\"summary_large_image\" \/>\n<meta name=\"twitter:label1\" content=\"Est. reading time\" \/>\n\t<meta name=\"twitter:data1\" content=\"7 minutes\" \/>\n<script type=\"application\/ld+json\" class=\"yoast-schema-graph\">{\"@context\":\"https:\\\/\\\/schema.org\",\"@graph\":[{\"@type\":\"Article\",\"@id\":\"https:\\\/\\\/green-liberty.org\\\/ctp\\\/svenska\\\/#article\",\"isPartOf\":{\"@id\":\"https:\\\/\\\/green-liberty.org\\\/ctp\\\/svenska\\\/\"},\"author\":{\"name\":\"Emanuel\",\"@id\":\"https:\\\/\\\/green-liberty.org\\\/ctp\\\/#\\\/schema\\\/person\\\/a112bbbf05b30d34be7e1dc7797b9d16\"},\"headline\":\"Svenska\",\"datePublished\":\"2023-08-19T09:38:03+00:00\",\"dateModified\":\"2024-03-18T15:20:31+00:00\",\"mainEntityOfPage\":{\"@id\":\"https:\\\/\\\/green-liberty.org\\\/ctp\\\/svenska\\\/\"},\"wordCount\":1472,\"publisher\":{\"@id\":\"https:\\\/\\\/green-liberty.org\\\/ctp\\\/#\\\/schema\\\/person\\\/a112bbbf05b30d34be7e1dc7797b9d16\"},\"image\":{\"@id\":\"https:\\\/\\\/green-liberty.org\\\/ctp\\\/svenska\\\/#primaryimage\"},\"thumbnailUrl\":\"https:\\\/\\\/green-liberty.org\\\/ctp\\\/wp-content\\\/uploads\\\/2023\\\/08\\\/book_fear-no-evil_swedish.jpg\",\"inLanguage\":\"en-US\"},{\"@type\":\"WebPage\",\"@id\":\"https:\\\/\\\/green-liberty.org\\\/ctp\\\/svenska\\\/\",\"url\":\"https:\\\/\\\/green-liberty.org\\\/ctp\\\/svenska\\\/\",\"name\":\"Svenska - The Center for Truth Politics\",\"isPartOf\":{\"@id\":\"https:\\\/\\\/green-liberty.org\\\/ctp\\\/#website\"},\"primaryImageOfPage\":{\"@id\":\"https:\\\/\\\/green-liberty.org\\\/ctp\\\/svenska\\\/#primaryimage\"},\"image\":{\"@id\":\"https:\\\/\\\/green-liberty.org\\\/ctp\\\/svenska\\\/#primaryimage\"},\"thumbnailUrl\":\"https:\\\/\\\/green-liberty.org\\\/ctp\\\/wp-content\\\/uploads\\\/2023\\\/08\\\/book_fear-no-evil_swedish.jpg\",\"datePublished\":\"2023-08-19T09:38:03+00:00\",\"dateModified\":\"2024-03-18T15:20:31+00:00\",\"description\":\"Svenska\",\"breadcrumb\":{\"@id\":\"https:\\\/\\\/green-liberty.org\\\/ctp\\\/svenska\\\/#breadcrumb\"},\"inLanguage\":\"en-US\",\"potentialAction\":[{\"@type\":\"ReadAction\",\"target\":[\"https:\\\/\\\/green-liberty.org\\\/ctp\\\/svenska\\\/\"]}]},{\"@type\":\"ImageObject\",\"inLanguage\":\"en-US\",\"@id\":\"https:\\\/\\\/green-liberty.org\\\/ctp\\\/svenska\\\/#primaryimage\",\"url\":\"https:\\\/\\\/green-liberty.org\\\/ctp\\\/wp-content\\\/uploads\\\/2023\\\/08\\\/book_fear-no-evil_swedish.jpg\",\"contentUrl\":\"https:\\\/\\\/green-liberty.org\\\/ctp\\\/wp-content\\\/uploads\\\/2023\\\/08\\\/book_fear-no-evil_swedish.jpg\",\"width\":428,\"height\":613},{\"@type\":\"BreadcrumbList\",\"@id\":\"https:\\\/\\\/green-liberty.org\\\/ctp\\\/svenska\\\/#breadcrumb\",\"itemListElement\":[{\"@type\":\"ListItem\",\"position\":1,\"name\":\"Home\",\"item\":\"https:\\\/\\\/green-liberty.org\\\/ctp\\\/\"},{\"@type\":\"ListItem\",\"position\":2,\"name\":\"Svenska\"}]},{\"@type\":\"WebSite\",\"@id\":\"https:\\\/\\\/green-liberty.org\\\/ctp\\\/#website\",\"url\":\"https:\\\/\\\/green-liberty.org\\\/ctp\\\/\",\"name\":\"The Center for Truth Politics\",\"description\":\"The Center for Truth Politics in the United States, led by Emanuel Pastreich\",\"publisher\":{\"@id\":\"https:\\\/\\\/green-liberty.org\\\/ctp\\\/#\\\/schema\\\/person\\\/a112bbbf05b30d34be7e1dc7797b9d16\"},\"alternateName\":\"The Center for Truth Politics, let by Emanuel Pastreich\",\"potentialAction\":[{\"@type\":\"SearchAction\",\"target\":{\"@type\":\"EntryPoint\",\"urlTemplate\":\"https:\\\/\\\/green-liberty.org\\\/ctp\\\/?s={search_term_string}\"},\"query-input\":{\"@type\":\"PropertyValueSpecification\",\"valueRequired\":true,\"valueName\":\"search_term_string\"}}],\"inLanguage\":\"en-US\"},{\"@type\":[\"Person\",\"Organization\"],\"@id\":\"https:\\\/\\\/green-liberty.org\\\/ctp\\\/#\\\/schema\\\/person\\\/a112bbbf05b30d34be7e1dc7797b9d16\",\"name\":\"Emanuel\",\"image\":{\"@type\":\"ImageObject\",\"inLanguage\":\"en-US\",\"@id\":\"https:\\\/\\\/secure.gravatar.com\\\/avatar\\\/?s=96&d=mm&r=g\",\"url\":\"https:\\\/\\\/secure.gravatar.com\\\/avatar\\\/?s=96&d=mm&r=g\",\"contentUrl\":\"https:\\\/\\\/secure.gravatar.com\\\/avatar\\\/?s=96&d=mm&r=g\",\"caption\":\"Emanuel\"},\"logo\":{\"@id\":\"https:\\\/\\\/secure.gravatar.com\\\/avatar\\\/?s=96&d=mm&r=g\"},\"url\":\"https:\\\/\\\/green-liberty.org\\\/ctp\\\/author\\\/admin_ctp\\\/\"}]}<\/script>\n<!-- \/ Yoast SEO Premium plugin. -->","yoast_head_json":{"title":"Svenska - The Center for Truth Politics","description":"Svenska","robots":{"index":"index","follow":"follow","max-snippet":"max-snippet:-1","max-image-preview":"max-image-preview:large","max-video-preview":"max-video-preview:-1"},"canonical":"https:\/\/green-liberty.org\/ctp\/svenska\/","og_locale":"en_US","og_type":"article","og_title":"Svenska","og_description":"Svenska","og_url":"https:\/\/green-liberty.org\/ctp\/svenska\/","og_site_name":"The Center for Truth Politics","article_modified_time":"2024-03-18T15:20:31+00:00","og_image":[{"url":"https:\/\/emanuelpastreich24.org\/wp-content\/uploads\/2023\/08\/book_fear-no-evil_swedish.jpg","type":"","width":"","height":""}],"twitter_card":"summary_large_image","twitter_misc":{"Est. reading time":"7 minutes"},"schema":{"@context":"https:\/\/schema.org","@graph":[{"@type":"Article","@id":"https:\/\/green-liberty.org\/ctp\/svenska\/#article","isPartOf":{"@id":"https:\/\/green-liberty.org\/ctp\/svenska\/"},"author":{"name":"Emanuel","@id":"https:\/\/green-liberty.org\/ctp\/#\/schema\/person\/a112bbbf05b30d34be7e1dc7797b9d16"},"headline":"Svenska","datePublished":"2023-08-19T09:38:03+00:00","dateModified":"2024-03-18T15:20:31+00:00","mainEntityOfPage":{"@id":"https:\/\/green-liberty.org\/ctp\/svenska\/"},"wordCount":1472,"publisher":{"@id":"https:\/\/green-liberty.org\/ctp\/#\/schema\/person\/a112bbbf05b30d34be7e1dc7797b9d16"},"image":{"@id":"https:\/\/green-liberty.org\/ctp\/svenska\/#primaryimage"},"thumbnailUrl":"https:\/\/green-liberty.org\/ctp\/wp-content\/uploads\/2023\/08\/book_fear-no-evil_swedish.jpg","inLanguage":"en-US"},{"@type":"WebPage","@id":"https:\/\/green-liberty.org\/ctp\/svenska\/","url":"https:\/\/green-liberty.org\/ctp\/svenska\/","name":"Svenska - The Center for Truth Politics","isPartOf":{"@id":"https:\/\/green-liberty.org\/ctp\/#website"},"primaryImageOfPage":{"@id":"https:\/\/green-liberty.org\/ctp\/svenska\/#primaryimage"},"image":{"@id":"https:\/\/green-liberty.org\/ctp\/svenska\/#primaryimage"},"thumbnailUrl":"https:\/\/green-liberty.org\/ctp\/wp-content\/uploads\/2023\/08\/book_fear-no-evil_swedish.jpg","datePublished":"2023-08-19T09:38:03+00:00","dateModified":"2024-03-18T15:20:31+00:00","description":"Svenska","breadcrumb":{"@id":"https:\/\/green-liberty.org\/ctp\/svenska\/#breadcrumb"},"inLanguage":"en-US","potentialAction":[{"@type":"ReadAction","target":["https:\/\/green-liberty.org\/ctp\/svenska\/"]}]},{"@type":"ImageObject","inLanguage":"en-US","@id":"https:\/\/green-liberty.org\/ctp\/svenska\/#primaryimage","url":"https:\/\/green-liberty.org\/ctp\/wp-content\/uploads\/2023\/08\/book_fear-no-evil_swedish.jpg","contentUrl":"https:\/\/green-liberty.org\/ctp\/wp-content\/uploads\/2023\/08\/book_fear-no-evil_swedish.jpg","width":428,"height":613},{"@type":"BreadcrumbList","@id":"https:\/\/green-liberty.org\/ctp\/svenska\/#breadcrumb","itemListElement":[{"@type":"ListItem","position":1,"name":"Home","item":"https:\/\/green-liberty.org\/ctp\/"},{"@type":"ListItem","position":2,"name":"Svenska"}]},{"@type":"WebSite","@id":"https:\/\/green-liberty.org\/ctp\/#website","url":"https:\/\/green-liberty.org\/ctp\/","name":"The Center for Truth Politics","description":"The Center for Truth Politics in the United States, led by Emanuel Pastreich","publisher":{"@id":"https:\/\/green-liberty.org\/ctp\/#\/schema\/person\/a112bbbf05b30d34be7e1dc7797b9d16"},"alternateName":"The Center for Truth Politics, let by Emanuel Pastreich","potentialAction":[{"@type":"SearchAction","target":{"@type":"EntryPoint","urlTemplate":"https:\/\/green-liberty.org\/ctp\/?s={search_term_string}"},"query-input":{"@type":"PropertyValueSpecification","valueRequired":true,"valueName":"search_term_string"}}],"inLanguage":"en-US"},{"@type":["Person","Organization"],"@id":"https:\/\/green-liberty.org\/ctp\/#\/schema\/person\/a112bbbf05b30d34be7e1dc7797b9d16","name":"Emanuel","image":{"@type":"ImageObject","inLanguage":"en-US","@id":"https:\/\/secure.gravatar.com\/avatar\/?s=96&d=mm&r=g","url":"https:\/\/secure.gravatar.com\/avatar\/?s=96&d=mm&r=g","contentUrl":"https:\/\/secure.gravatar.com\/avatar\/?s=96&d=mm&r=g","caption":"Emanuel"},"logo":{"@id":"https:\/\/secure.gravatar.com\/avatar\/?s=96&d=mm&r=g"},"url":"https:\/\/green-liberty.org\/ctp\/author\/admin_ctp\/"}]}},"_links":{"self":[{"href":"https:\/\/green-liberty.org\/ctp\/wp-json\/wp\/v2\/pages\/1009","targetHints":{"allow":["GET"]}}],"collection":[{"href":"https:\/\/green-liberty.org\/ctp\/wp-json\/wp\/v2\/pages"}],"about":[{"href":"https:\/\/green-liberty.org\/ctp\/wp-json\/wp\/v2\/types\/page"}],"author":[{"embeddable":true,"href":"https:\/\/green-liberty.org\/ctp\/wp-json\/wp\/v2\/users\/1"}],"replies":[{"embeddable":true,"href":"https:\/\/green-liberty.org\/ctp\/wp-json\/wp\/v2\/comments?post=1009"}],"version-history":[{"count":4,"href":"https:\/\/green-liberty.org\/ctp\/wp-json\/wp\/v2\/pages\/1009\/revisions"}],"predecessor-version":[{"id":5808,"href":"https:\/\/green-liberty.org\/ctp\/wp-json\/wp\/v2\/pages\/1009\/revisions\/5808"}],"wp:attachment":[{"href":"https:\/\/green-liberty.org\/ctp\/wp-json\/wp\/v2\/media?parent=1009"}],"curies":[{"name":"wp","href":"https:\/\/api.w.org\/{rel}","templated":true}]}}